{"id":628,"date":"2022-06-14T23:38:36","date_gmt":"2022-06-14T20:38:36","guid":{"rendered":"https:\/\/www.rentacarthessalonikiairport.com\/la-nostra-azienda\/"},"modified":"2024-11-17T18:10:56","modified_gmt":"2024-11-17T16:10:56","slug":"la-nostra-azienda","status":"publish","type":"page","link":"https:\/\/www.rentacarthessalonikiairport.com\/it\/la-nostra-azienda\/","title":{"rendered":"LA NOSTRA AZIENDA"},"content":{"rendered":"<div id='full_slider_1'  class='avia-fullwidth-slider main_color avia-shadow   avia-builder-el-0  el_before_av_one_half  avia-builder-el-first   container_wrap fullsize'  ><div  class='avia-slideshow av-l4emmpxq-8e12f178a0e5dced7276405a3a368718 avia-slideshow-no scaling av_slideshow_full avia-slide-slider av-slideshow-ui av-control-hidden av-no-slider-navigation av-hide-nav-arrows av-slideshow-manual av-loop-once av-loop-manual-endless av-default-height-applied   avia-slideshow-1' data-slideshow-options=\"{&quot;animation&quot;:&quot;slide&quot;,&quot;autoplay&quot;:false,&quot;loop_autoplay&quot;:&quot;once&quot;,&quot;interval&quot;:5,&quot;loop_manual&quot;:&quot;manual-endless&quot;,&quot;autoplay_stopper&quot;:false,&quot;noNavigation&quot;:true,&quot;bg_slider&quot;:false,&quot;keep_padding&quot;:false,&quot;hoverpause&quot;:false,&quot;show_slide_delay&quot;:0}\"  itemprop=\"image\" itemscope=\"itemscope\" itemtype=\"https:\/\/schema.org\/ImageObject\" ><ul class='avia-slideshow-inner ' style='padding-bottom: 26.041666666667%;'><li  class='avia-slideshow-slide av-l4emmpxq-8e12f178a0e5dced7276405a3a368718__0  av-single-slide slide-1 slide-odd'><div data-rel='slideshow-1' class='avia-slide-wrap '   ><div class='av-slideshow-caption av-l4emmpxq-8e12f178a0e5dced7276405a3a368718__0 caption_fullwidth caption_center caption_center_framed caption_framed'><div class=\"container caption_container\"><div class=\"slideshow_caption\"><div class=\"slideshow_inner_caption\"><div class=\"slideshow_align_caption\"><h2 class='avia-caption-title '  itemprop=\"name\" >Profilo Aziendale<\/h2><div class='avia-caption-content '  itemprop=\"description\" ><p>Scopri di pi\u00f9 su di noi<\/p>\n<\/div><\/div><\/div><\/div><\/div><\/div><img decoding=\"async\" fetchpriority=\"high\" class=\"wp-image-394 avia-img-lazy-loading-not-394\"  src=\"https:\/\/www.rentacarthessalonikiairport.com\/wp-content\/uploads\/2022\/06\/profil.webp\" width=\"1920\" height=\"500\" title='profil' alt=''  itemprop=\"thumbnailUrl\"  style='min-height:300px; min-width:1152px; ' srcset=\"https:\/\/www.rentacarthessalonikiairport.com\/wp-content\/uploads\/2022\/06\/profil.webp 1920w, https:\/\/www.rentacarthessalonikiairport.com\/wp-content\/uploads\/2022\/06\/profil-300x78.webp 300w, https:\/\/www.rentacarthessalonikiairport.com\/wp-content\/uploads\/2022\/06\/profil-1030x268.webp 1030w, https:\/\/www.rentacarthessalonikiairport.com\/wp-content\/uploads\/2022\/06\/profil-768x200.webp 768w, https:\/\/www.rentacarthessalonikiairport.com\/wp-content\/uploads\/2022\/06\/profil-1536x400.webp 1536w, https:\/\/www.rentacarthessalonikiairport.com\/wp-content\/uploads\/2022\/06\/profil-1500x391.webp 1500w, https:\/\/www.rentacarthessalonikiairport.com\/wp-content\/uploads\/2022\/06\/profil-705x184.webp 705w\" sizes=\"(max-width: 1920px) 100vw, 1920px\" \/><\/div><\/li><\/ul><\/div><\/div><div id='after_full_slider_1'  class='main_color av_default_container_wrap container_wrap fullsize'  ><div class='container av-section-cont-open' ><div class='template-page content  av-content-full alpha units'><div class='post-entry post-entry-type-page post-entry-628'><div class='entry-content-wrapper clearfix'>\n<div  class='flex_column av-20tr5-ea98b4f0e33c98de0f1a466566680bbe av_one_half  avia-builder-el-1  el_after_av_slideshow_full  el_before_av_one_half  avia-builder-el-first  first flex_column_div  '     ><style type=\"text\/css\" data-created_by=\"avia_inline_auto\" id=\"style-css-av-av_image-2dfc7f7b156ac7a665699703ff982a4e\">\n.avia-image-container.av-av_image-2dfc7f7b156ac7a665699703ff982a4e img.avia_image{\nbox-shadow:none;\n}\n.avia-image-container.av-av_image-2dfc7f7b156ac7a665699703ff982a4e .av-image-caption-overlay-center{\ncolor:#ffffff;\n}\n<\/style>\n<div  class='avia-image-container av-av_image-2dfc7f7b156ac7a665699703ff982a4e av-styling- avia-align-center  avia-builder-el-2  avia-builder-el-no-sibling '   itemprop=\"image\" itemscope=\"itemscope\" itemtype=\"https:\/\/schema.org\/ImageObject\" ><div class=\"avia-image-container-inner\"><div class=\"avia-image-overlay-wrap\"><img decoding=\"async\" fetchpriority=\"high\" class='wp-image-3288 avia-img-lazy-loading-not-3288 avia_image ' src=\"https:\/\/www.rentacarthessalonikiairport.com\/wp-content\/uploads\/2024\/11\/\u03ba\u03b2\u03c9.jpg\" alt='\u03c0\u03c1\u03bf\u03c6\u03b9\u03bb rentacarthessalonikiairport' title='\u03ba\u03b2\u03c9'  height=\"650\" width=\"700\"  itemprop=\"thumbnailUrl\" srcset=\"https:\/\/www.rentacarthessalonikiairport.com\/wp-content\/uploads\/2024\/11\/\u03ba\u03b2\u03c9.jpg 700w, https:\/\/www.rentacarthessalonikiairport.com\/wp-content\/uploads\/2024\/11\/\u03ba\u03b2\u03c9-300x279.jpg 300w\" sizes=\"(max-width: 700px) 100vw, 700px\" \/><\/div><\/div><\/div><\/div>\n<div  class='flex_column av-av_one_half-e38f08a368d22f46ed35f78008f927bf av_one_half  avia-builder-el-3  el_after_av_one_half  el_before_av_one_half  flex_column_div  '     ><section  class='av_textblock_section av-m31sy2vr-5e9cff46df2f23608bb7c316fd48c48d '   itemscope=\"itemscope\" itemtype=\"https:\/\/schema.org\/CreativeWork\" ><div class='avia_textblock'  itemprop=\"text\" ><h2 style=\"text-align: center;\"><span style=\"color: #0000ff;\"><strong>Noleggio Auto Thessaloniki Airport \u2013 Noleggio Auto a Salonicco<\/strong><\/span><\/h2>\n\n<style type=\"text\/css\" data-created_by=\"avia_inline_auto\" id=\"style-css-av-av_hr-94f4f5af12c1d4e5766e3561812b54a0\">\n#top .hr.av-av_hr-94f4f5af12c1d4e5766e3561812b54a0{\nmargin-top:20px;\nmargin-bottom:20px;\n}\n.hr.av-av_hr-94f4f5af12c1d4e5766e3561812b54a0 .hr-inner{\nwidth:250px;\n}\n<\/style>\n<div  class='hr av-av_hr-94f4f5af12c1d4e5766e3561812b54a0 hr-custom  avia-builder-el-5  avia-builder-el-no-sibling  hr-center hr-icon-no'><span class='hr-inner inner-border-av-border-fat'><span class=\"hr-inner-style\"><\/span><\/span><\/div>\n<div class=\"flex max-w-full flex-col flex-grow\">\n<div class=\"min-h-8 text-message flex w-full flex-col items-end gap-2 whitespace-normal break-words &#091;.text-message+&amp;&#093;:mt-5\" dir=\"auto\" data-message-author-role=\"assistant\" data-message-id=\"e56e8acd-d5a0-45e8-b0ff-b109529e6c89\" data-message-model-slug=\"gpt-4o-mini\">\n<div class=\"flex w-full flex-col gap-1 empty:hidden first:pt-&#091;3px&#093;\">\n<div class=\"markdown prose w-full break-words dark:prose-invert light\">\n<h2 style=\"text-align: center;\"><span style=\"color: #0000ff;\"><strong>Parole brevi sul nostro profilo:<\/strong><\/span><\/h2>\n<p style=\"text-align: center;\">Noleggio Auto Thessaloniki Airport offre un profilo di servizi completo che risponde alle esigenze dei viaggiatori e dei visitatori di Salonicco. La nostra azienda \u00e8 specializzata nel noleggio di auto, offrendo un servizio di alta qualit\u00e0 con l\u2019obiettivo di creare un\u2019esperienza piacevole e fluida per i nostri clienti. Il nostro profilo si caratterizza per affidabilit\u00e0, sicurezza e immediatezza, con sede presso l\u2019aeroporto di Macedonia, che serve facilmente sia turisti che viaggiatori d\u2019affari.<\/p>\n<p style=\"text-align: center;\">Il profilo di Noleggio Auto Thessaloniki Airport comprende una vasta gamma di veicoli che soddisfano tutte le esigenze e le preferenze. La nostra selezione spazia da piccole auto economiche per la citt\u00e0 a modelli di lusso e familiari, SUV e furgoni per spostamenti di gruppo, creando un profilo di veicoli in grado di soddisfare ogni tipo di viaggiatore. Ogni veicolo viene controllato e manutenzionato regolarmente, garantendo sicurezza e affidabilit\u00e0. Inoltre, tutte le nostre auto sono coperte da un\u2019assicurazione completa, un punto che rafforza ulteriormente il nostro profilo come azienda dedicata alla sicurezza dei nostri clienti.<\/p>\n<p style=\"text-align: center;\">Inoltre, il nostro profilo \u00e8 caratterizzato dall\u2019eccellente servizio che offriamo, con l\u2019obiettivo di semplificare ogni fase del processo per i nostri clienti. Il nostro personale \u00e8 altamente qualificato e sempre pronto a rispondere a qualsiasi domanda, fornire consigli sui trasporti e aiutare nella scelta del veicolo pi\u00f9 adatto. Concentrandosi sul servizio personalizzato, il nostro profilo \u00e8 dedicato a creare un\u2019esperienza confortevole per ogni cliente.<\/p>\n<p style=\"text-align: center;\">Un elemento importante del profilo di Noleggio Auto Thessaloniki Airport \u00e8 la flessibilit\u00e0 nella consegna e nel ritiro dei veicoli. Offriamo ai clienti la possibilit\u00e0 di ritirare il veicolo direttamente dall\u2019aeroporto o da un altro punto di Salonicco, adattandoci alle loro esigenze. Questa flessibilit\u00e0 rafforza il nostro profilo come azienda che si adatta ai clienti e facilita i loro spostamenti senza ulteriori complicazioni.<\/p>\n<\/div>\n<\/div>\n<\/div>\n<\/div>\n<\/div><\/section><\/div>\n<div  class='flex_column av-av_one_half-a961ec8c42a44a397321d1a2224da3ca av_one_half  avia-builder-el-6  el_after_av_one_half  el_before_av_one_half  first flex_column_div  column-top-margin'     ><section  class='av_textblock_section av-m31szo4j-2242ff162b6e72f4e6c6fd9d061e81a0 '   itemscope=\"itemscope\" itemtype=\"https:\/\/schema.org\/CreativeWork\" ><div class='avia_textblock'  itemprop=\"text\" ><h2 style=\"text-align: center;\"><span style=\"color: #0000ff;\"><strong>Perch\u00e9 scegliere noi?<\/strong><\/span><\/h2>\n\n<style type=\"text\/css\" data-created_by=\"avia_inline_auto\" id=\"style-css-av-av_hr-94f4f5af12c1d4e5766e3561812b54a0\">\n#top .hr.av-av_hr-94f4f5af12c1d4e5766e3561812b54a0{\nmargin-top:20px;\nmargin-bottom:20px;\n}\n.hr.av-av_hr-94f4f5af12c1d4e5766e3561812b54a0 .hr-inner{\nwidth:250px;\n}\n<\/style>\n<div  class='hr av-av_hr-94f4f5af12c1d4e5766e3561812b54a0 hr-custom  avia-builder-el-8  avia-builder-el-no-sibling  hr-center hr-icon-no'><span class='hr-inner inner-border-av-border-fat'><span class=\"hr-inner-style\"><\/span><\/span><\/div>\n<p style=\"text-align: center;\">Il profilo di Noleggio Auto Thessaloniki Airport riflette un&#8217;azienda che d\u00e0 priorit\u00e0 alle esigenze del cliente, combinando servizi di noleggio di alta qualit\u00e0 con tariffe competitive e procedure semplici. Che tu stia programmando una breve visita o un soggiorno pi\u00f9 lungo a Salonicco, la nostra azienda \u00e8 pronta a soddisfare le tue necessit\u00e0 con professionalit\u00e0, affidabilit\u00e0 e attenzione ai dettagli.<\/p>\n<p style=\"text-align: center;\">Manteniamo anche tariffe competitive, fornendo costi chiari e senza spese nascoste. Il nostro impegno per la trasparenza crea fiducia con i nostri clienti, mentre offriamo diverse opzioni e promozioni che rendono il noleggio ancora pi\u00f9 accessibile. Sapere esattamente cosa stai pagando e quali servizi riceverai \u00e8 parte fondamentale della nostra filosofia.<\/p>\n<p style=\"text-align: center;\">Essendo un&#8217;azienda con sede a Salonicco, conosciamo bene l&#8217;area e possiamo offrirti informazioni utili su attrazioni, percorsi e punti di interesse. Siamo orgogliosi di supportare la comunit\u00e0 locale e di condividere il nostro amore per la Grecia settentrionale con i nostri clienti.<\/p>\n<p style=\"text-align: center;\">Se desideri conoscere meglio il nostro profilo, non esitare a contattarci. Noleggio Auto Thessaloniki Airport \u00e8 qui per offrirti la migliore esperienza di noleggio auto a Salonicco, con un profilo caratterizzato da affidabilit\u00e0, qualit\u00e0 e dedizione al servizio dei nostri clienti.<\/p>\n<\/div><\/section><\/div>\n<div  class='flex_column av-av_one_half-e38f08a368d22f46ed35f78008f927bf av_one_half  avia-builder-el-9  el_after_av_one_half  el_before_av_one_full  flex_column_div  column-top-margin'     ><style type=\"text\/css\" data-created_by=\"avia_inline_auto\" id=\"style-css-av-av_image-a54c357e6c2c7561a0046b3793fd29cd\">\n.avia-image-container.av-av_image-a54c357e6c2c7561a0046b3793fd29cd img.avia_image{\nbox-shadow:none;\n}\n.avia-image-container.av-av_image-a54c357e6c2c7561a0046b3793fd29cd .av-image-caption-overlay-center{\ncolor:#ffffff;\n}\n<\/style>\n<div  class='avia-image-container av-av_image-a54c357e6c2c7561a0046b3793fd29cd av-styling- avia-align-left  avia-builder-el-10  avia-builder-el-no-sibling '   itemprop=\"image\" itemscope=\"itemscope\" itemtype=\"https:\/\/schema.org\/ImageObject\" ><div class=\"avia-image-container-inner\"><div class=\"avia-image-overlay-wrap\"><img decoding=\"async\" fetchpriority=\"high\" class='wp-image-3295 avia-img-lazy-loading-not-3295 avia_image ' src=\"https:\/\/www.rentacarthessalonikiairport.com\/wp-content\/uploads\/2024\/11\/\u03c0\u03c1\u03bf\u03c6\u03b9\u03bb.jpg\" alt='\u03c0\u03c1\u03bf\u03c6\u03b9\u03bb' title='\u03c0\u03c1\u03bf\u03c6\u03b9\u03bb'  height=\"650\" width=\"700\"  itemprop=\"thumbnailUrl\" srcset=\"https:\/\/www.rentacarthessalonikiairport.com\/wp-content\/uploads\/2024\/11\/\u03c0\u03c1\u03bf\u03c6\u03b9\u03bb.jpg 700w, https:\/\/www.rentacarthessalonikiairport.com\/wp-content\/uploads\/2024\/11\/\u03c0\u03c1\u03bf\u03c6\u03b9\u03bb-300x279.jpg 300w\" sizes=\"(max-width: 700px) 100vw, 700px\" \/><\/div><\/div><\/div><\/div>\n<div  class='flex_column av-av_one_full-a961ec8c42a44a397321d1a2224da3ca av_one_full  avia-builder-el-11  el_after_av_one_half  el_before_av_one_fourth  first flex_column_div  column-top-margin'     ><style type=\"text\/css\" data-created_by=\"avia_inline_auto\" id=\"style-css-av-m3lkjpn1-5e68c435379fa98beda906351ae3c12a\">\n#top .av_textblock_section.av-m3lkjpn1-5e68c435379fa98beda906351ae3c12a .avia_textblock{\ncolor:#0a85ff;\n}\n<\/style>\n<section  class='av_textblock_section av-m3lkjpn1-5e68c435379fa98beda906351ae3c12a '   itemscope=\"itemscope\" itemtype=\"https:\/\/schema.org\/CreativeWork\" ><div class='avia_textblock av_inherit_color'  itemprop=\"text\" ><h2 style=\"text-align: center;\"><strong>Sintesi del profilo dell&#8217;azienda di noleggio auto presso l&#8217;Aeroporto di Salonicco Macedonia SKG<\/strong><\/h2>\n<\/div><\/section><\/div>\n<style type=\"text\/css\" data-created_by=\"avia_inline_auto\" id=\"style-css-av-av_one_fourth-4ea08c3346e40cc10fcb4f8d1d3e7681\">\n.flex_column.av-av_one_fourth-4ea08c3346e40cc10fcb4f8d1d3e7681{\nborder-radius:10px 10px 10px 10px;\npadding:40px 0 20px 0;\nbackground-color:rgba(10,133,255,0.83);\n}\n<\/style>\n<div  class='flex_column av-av_one_fourth-4ea08c3346e40cc10fcb4f8d1d3e7681 av_one_fourth  avia-builder-el-13  el_after_av_one_full  el_before_av_one_fourth  first flex_column_div  column-top-margin'     ><section  class='av_textblock_section av-m3lsig0i-daa89bd3558001e12768937121366555 '   itemscope=\"itemscope\" itemtype=\"https:\/\/schema.org\/CreativeWork\" ><div class='avia_textblock'  itemprop=\"text\" ><h2 style=\"text-align: center;\"><strong><span style=\"color: #ffffff;\">65.320+<\/span><\/strong><\/h2>\n<h3 style=\"text-align: center;\"><strong><span style=\"color: #ffffff;\">CLIENTI SODDISFATTI<\/span><\/strong><\/h3>\n<\/div><\/section><\/div>\n<style type=\"text\/css\" data-created_by=\"avia_inline_auto\" id=\"style-css-av-av_one_fourth-6351c9af3713d5204333540aaafe5598\">\n.flex_column.av-av_one_fourth-6351c9af3713d5204333540aaafe5598{\nborder-radius:10px 10px 10px 10px;\npadding:40px 0 20px 0;\nbackground-color:rgba(10,133,255,0.83);\n}\n<\/style>\n<div  class='flex_column av-av_one_fourth-6351c9af3713d5204333540aaafe5598 av_one_fourth  avia-builder-el-15  el_after_av_one_fourth  el_before_av_one_fourth  flex_column_div  column-top-margin'     ><section  class='av_textblock_section av-m3lsm1rs-7e59b380d409a9c9a2035ca82ed26f7c '   itemscope=\"itemscope\" itemtype=\"https:\/\/schema.org\/CreativeWork\" ><div class='avia_textblock'  itemprop=\"text\" ><h2 style=\"text-align: center;\"><strong><span style=\"color: #ffffff;\">280+<\/span><\/strong><\/h2>\n<h3 style=\"text-align: center;\"><strong><span style=\"color: #ffffff;\">AUTO SICURE<\/span><\/strong><\/h3>\n<\/div><\/section><\/div>\n<style type=\"text\/css\" data-created_by=\"avia_inline_auto\" id=\"style-css-av-av_one_fourth-6351c9af3713d5204333540aaafe5598\">\n.flex_column.av-av_one_fourth-6351c9af3713d5204333540aaafe5598{\nborder-radius:10px 10px 10px 10px;\npadding:40px 0 20px 0;\nbackground-color:rgba(10,133,255,0.83);\n}\n<\/style>\n<div  class='flex_column av-av_one_fourth-6351c9af3713d5204333540aaafe5598 av_one_fourth  avia-builder-el-17  el_after_av_one_fourth  el_before_av_one_fourth  flex_column_div  column-top-margin'     ><section  class='av_textblock_section av-m3lsmifk-1cc4030a0a832f4c7e4997ef93a39229 '   itemscope=\"itemscope\" itemtype=\"https:\/\/schema.org\/CreativeWork\" ><div class='avia_textblock'  itemprop=\"text\" ><h2 style=\"text-align: center;\"><strong><span style=\"color: #ffffff;\">5.780+<\/span><\/strong><\/h2>\n<h3 style=\"text-align: center;\"><strong><span style=\"color: #ffffff;\">GIORNI DI ESPERIENZA<\/span><\/strong><\/h3>\n<\/div><\/section><\/div>\n<style type=\"text\/css\" data-created_by=\"avia_inline_auto\" id=\"style-css-av-av_one_fourth-6351c9af3713d5204333540aaafe5598\">\n.flex_column.av-av_one_fourth-6351c9af3713d5204333540aaafe5598{\nborder-radius:10px 10px 10px 10px;\npadding:40px 0 20px 0;\nbackground-color:rgba(10,133,255,0.83);\n}\n<\/style>\n<div  class='flex_column av-av_one_fourth-6351c9af3713d5204333540aaafe5598 av_one_fourth  avia-builder-el-19  el_after_av_one_fourth  avia-builder-el-last  flex_column_div  column-top-margin'     ><section  class='av_textblock_section av-m3lsn0bl-3b40df7a668d5cf492cacb9b432828d7 '   itemscope=\"itemscope\" itemtype=\"https:\/\/schema.org\/CreativeWork\" ><div class='avia_textblock'  itemprop=\"text\" ><h2 style=\"text-align: center;\"><strong><span style=\"color: #ffffff;\">9.9<\/span><\/strong><\/h2>\n<h3 style=\"text-align: center;\"><strong><span style=\"color: #ffffff;\">ASSISTENZA CLIENTI<\/span><\/strong><\/h3>\n<\/div><\/section><\/div><\/p>\n","protected":false},"excerpt":{"rendered":"","protected":false},"author":6,"featured_media":0,"parent":0,"menu_order":0,"comment_status":"closed","ping_status":"closed","template":"","meta":{"footnotes":""},"class_list":["post-628","page","type-page","status-publish","hentry"],"_links":{"self":[{"href":"https:\/\/www.rentacarthessalonikiairport.com\/it\/wp-json\/wp\/v2\/pages\/628","targetHints":{"allow":["GET"]}}],"collection":[{"href":"https:\/\/www.rentacarthessalonikiairport.com\/it\/wp-json\/wp\/v2\/pages"}],"about":[{"href":"https:\/\/www.rentacarthessalonikiairport.com\/it\/wp-json\/wp\/v2\/types\/page"}],"author":[{"embeddable":true,"href":"https:\/\/www.rentacarthessalonikiairport.com\/it\/wp-json\/wp\/v2\/users\/6"}],"replies":[{"embeddable":true,"href":"https:\/\/www.rentacarthessalonikiairport.com\/it\/wp-json\/wp\/v2\/comments?post=628"}],"version-history":[{"count":11,"href":"https:\/\/www.rentacarthessalonikiairport.com\/it\/wp-json\/wp\/v2\/pages\/628\/revisions"}],"predecessor-version":[{"id":3478,"href":"https:\/\/www.rentacarthessalonikiairport.com\/it\/wp-json\/wp\/v2\/pages\/628\/revisions\/3478"}],"wp:attachment":[{"href":"https:\/\/www.rentacarthessalonikiairport.com\/it\/wp-json\/wp\/v2\/media?parent=628"}],"curies":[{"name":"wp","href":"https:\/\/api.w.org\/{rel}","templated":true}]}}