{"id":3821,"date":"2025-02-08T16:58:29","date_gmt":"2025-02-08T14:58:29","guid":{"rendered":"https:\/\/www.rentacarthessalonikiairport.com\/?page_id=3821"},"modified":"2025-05-04T13:29:32","modified_gmt":"2025-05-04T10:29:32","slug":"minivan-da-9-posti","status":"publish","type":"page","link":"https:\/\/www.rentacarthessalonikiairport.com\/it\/minivan-da-9-posti\/","title":{"rendered":"Minivan da 9 posti"},"content":{"rendered":"<section  class='av_textblock_section av-m6xgfry6-72498f078edfc9046b3e816ffc4376d3 '   itemscope=\"itemscope\" itemtype=\"https:\/\/schema.org\/CreativeWork\" ><div class='avia_textblock'  itemprop=\"text\" ><h1 style=\"text-align: center;\">Noleggio di un minivan a 9 posti all&#8217;Aeroporto di Salonicco Makedonia SKG<\/h1>\n<\/div><\/section>\n\n<style type=\"text\/css\" data-created_by=\"avia_inline_auto\" id=\"style-css-av-m6xjf1mo-88db627087fc2e76f39ee89b0c5ac0b1\">\n.avia-image-container.av-m6xjf1mo-88db627087fc2e76f39ee89b0c5ac0b1 img.avia_image{\nbox-shadow:none;\n}\n.avia-image-container.av-m6xjf1mo-88db627087fc2e76f39ee89b0c5ac0b1 .av-image-caption-overlay-center{\ncolor:#ffffff;\n}\n<\/style>\n<div  class='avia-image-container av-m6xjf1mo-88db627087fc2e76f39ee89b0c5ac0b1 av-styling- av-img-linked avia-align-center  avia-builder-el-1  el_after_av_textblock  el_before_av_one_full '   itemprop=\"image\" itemscope=\"itemscope\" itemtype=\"https:\/\/schema.org\/ImageObject\" ><div class=\"avia-image-container-inner\"><div class=\"avia-image-overlay-wrap\"><a href=\"https:\/\/www.rentacarthessalonikiairport.com\/it\/flotta\/?mid=130&amp;ch=c91dde7eca12e27a6b789fb4daea0186\" class='avia_image '  target=\"_blank\"  rel=\"noopener noreferrer\" aria-label='gwgwr'><img decoding=\"async\" fetchpriority=\"high\" class='wp-image-3772 avia-img-lazy-loading-not-3772 avia_image ' src=\"https:\/\/www.rentacarthessalonikiairport.com\/wp-content\/uploads\/2025\/02\/gwgwr.jpg\" alt='' title='gwgwr'  height=\"600\" width=\"1200\"  itemprop=\"thumbnailUrl\" srcset=\"https:\/\/www.rentacarthessalonikiairport.com\/wp-content\/uploads\/2025\/02\/gwgwr.jpg 1200w, https:\/\/www.rentacarthessalonikiairport.com\/wp-content\/uploads\/2025\/02\/gwgwr-300x150.jpg 300w, https:\/\/www.rentacarthessalonikiairport.com\/wp-content\/uploads\/2025\/02\/gwgwr-1030x515.jpg 1030w, https:\/\/www.rentacarthessalonikiairport.com\/wp-content\/uploads\/2025\/02\/gwgwr-768x384.jpg 768w, https:\/\/www.rentacarthessalonikiairport.com\/wp-content\/uploads\/2025\/02\/gwgwr-705x353.jpg 705w\" sizes=\"(max-width: 1200px) 100vw, 1200px\" \/><\/a><\/div><\/div><\/div>\n<div  class='flex_column av-av_one_full-a961ec8c42a44a397321d1a2224da3ca av_one_full  avia-builder-el-2  el_after_av_image  el_before_av_image  first flex_column_div  '     ><style type=\"text\/css\" data-created_by=\"avia_inline_auto\" id=\"style-css-av-m6xggb58-827325169784039ec28d4f97387ddc0d\">\n#top .av_textblock_section.av-m6xggb58-827325169784039ec28d4f97387ddc0d .avia_textblock{\nfont-size:20px;\n}\n<\/style>\n<section  class='av_textblock_section av-m6xggb58-827325169784039ec28d4f97387ddc0d '   itemscope=\"itemscope\" itemtype=\"https:\/\/schema.org\/CreativeWork\" ><div class='avia_textblock'  itemprop=\"text\" ><p>Nella societ\u00e0 di noleggio auto <strong>rentacarthessalonikiairport<\/strong>, vicino all&#8217;Aeroporto di Salonicco Makedonia SKG, offriamo le migliori opzioni per il noleggio di auto di tutti i tipi, con l&#8217;obiettivo di soddisfare tutte le esigenze dei nostri clienti. Se stai cercando una soluzione comoda ed economica per il trasporto di un gruppo numeroso o di una famiglia, il minivan a 9 posti \u00e8 la scelta ideale per te. Con il minivan a 9 posti di <strong>rentacarthessalonikiairport<\/strong>, godrai del massimo comfort, sicurezza e facilit\u00e0 di movimento, rendendolo perfetto per viaggi lunghi, escursioni o anche per i tuoi spostamenti quotidiani con un grande gruppo.<\/p>\n<h2 style=\"text-align: center;\">Noleggio minivan a 9 posti Aeroporto di Salonicco Makedonia SKG<\/h2>\n<p>Il noleggio di un minivan a 9 posti presso <strong>rentacarthessalonikiairport<\/strong> \u00e8 una scelta eccellente per chi viaggia con un gruppo numeroso o una famiglia. La possibilit\u00e0 di trasportare fino a 9 persone comodamente garantisce che nessuno rimarr\u00e0 indietro, mentre la spaziosit\u00e0 degli interni consente di viaggiare con tutto il comfort di cui hai bisogno. Dal momento in cui effettui la tua prenotazione, capirai quanto sia semplice e veloce il processo, poich\u00e9 la nostra azienda offre un servizio rapido senza alcun disagio.<\/p>\n<p>Il processo di noleggio \u00e8 semplice e veloce, poich\u00e9 il nostro ufficio si trova a breve distanza dall&#8217;Aeroporto di Salonicco, il che rende la consegna e la restituzione del veicolo estremamente comode per i nostri clienti. Puoi ritirare il minivan direttamente dall&#8217;aeroporto senza dover fare lunghe tratte o perdere tempo nei trasferimenti.<\/p>\n<\/div><\/section><\/div>\n\n<style type=\"text\/css\" data-created_by=\"avia_inline_auto\" id=\"style-css-av-av_image-934d213cf56704120246e2844874f2df\">\n.avia-image-container.av-av_image-934d213cf56704120246e2844874f2df img.avia_image{\nbox-shadow:none;\n}\n.avia-image-container.av-av_image-934d213cf56704120246e2844874f2df .av-image-caption-overlay-center{\ncolor:#ffffff;\n}\n<\/style>\n<div  class='avia-image-container av-av_image-934d213cf56704120246e2844874f2df av-styling- avia-align-center  avia-builder-el-4  el_after_av_one_full  el_before_av_one_full '   itemprop=\"image\" itemscope=\"itemscope\" itemtype=\"https:\/\/schema.org\/ImageObject\" ><div class=\"avia-image-container-inner\"><div class=\"avia-image-overlay-wrap\"><img decoding=\"async\" fetchpriority=\"high\" class='wp-image-3703 avia-img-lazy-loading-not-3703 avia_image ' src=\"https:\/\/www.rentacarthessalonikiairport.com\/wp-content\/uploads\/2025\/02\/Peugeot0-2.jpg\" alt='' title='Peugeot0-2'  height=\"600\" width=\"1200\"  itemprop=\"thumbnailUrl\" srcset=\"https:\/\/www.rentacarthessalonikiairport.com\/wp-content\/uploads\/2025\/02\/Peugeot0-2.jpg 1200w, https:\/\/www.rentacarthessalonikiairport.com\/wp-content\/uploads\/2025\/02\/Peugeot0-2-300x150.jpg 300w, https:\/\/www.rentacarthessalonikiairport.com\/wp-content\/uploads\/2025\/02\/Peugeot0-2-1030x515.jpg 1030w, https:\/\/www.rentacarthessalonikiairport.com\/wp-content\/uploads\/2025\/02\/Peugeot0-2-768x384.jpg 768w, https:\/\/www.rentacarthessalonikiairport.com\/wp-content\/uploads\/2025\/02\/Peugeot0-2-705x353.jpg 705w\" sizes=\"(max-width: 1200px) 100vw, 1200px\" \/><\/div><\/div><\/div>\n<div  class='flex_column av-av_one_full-a961ec8c42a44a397321d1a2224da3ca av_one_full  avia-builder-el-5  el_after_av_image  el_before_av_image  first flex_column_div  '     ><style type=\"text\/css\" data-created_by=\"avia_inline_auto\" id=\"style-css-av-m6xgh1gw-daa5b64cd886904ee2871bd2f8184924\">\n#top .av_textblock_section.av-m6xgh1gw-daa5b64cd886904ee2871bd2f8184924 .avia_textblock{\nfont-size:18px;\n}\n<\/style>\n<section  class='av_textblock_section av-m6xgh1gw-daa5b64cd886904ee2871bd2f8184924 '   itemscope=\"itemscope\" itemtype=\"https:\/\/schema.org\/CreativeWork\" ><div class='avia_textblock'  itemprop=\"text\" ><h3 style=\"text-align: center;\">Vantaggi del minivan a 9 posti<\/h3>\n<p>Il minivan a 9 posti che offriamo presso <strong>rentacarthessalonikiairport<\/strong> offre una serie di vantaggi che lo rendono ideale per viaggi a lunga distanza, escursioni o anche per viaggi di lavoro. Con sedili comodi e ampio spazio per i vostri bagagli, questo veicolo combina facilit\u00e0 d&#8217;uso con sicurezza e affidabilit\u00e0.<\/p>\n<p>La possibilit\u00e0 di trasportare fino a 9 persone rende il minivan a 9 posti perfetto per viaggiare con la famiglia o con amici, senza dover preoccuparsi di chi rester\u00e0 fuori o se ci sar\u00e0 abbastanza spazio per i bagagli. I sedili sono spaziosi e comodi, mentre lo spazio interno consente ai passeggeri di godersi il viaggio con comfort.<\/p>\n<p>Inoltre, i minivan che offriamo sono dotati delle ultime tecnologie per la vostra sicurezza. Con sistemi di supporto come ABS, ESP e altre tecnologie di sicurezza, potrete sentirvi sicuri e protetti durante tutto il viaggio.<\/p>\n<h3 style=\"text-align: center;\">Servizi Speciali<\/h3>\n<p><strong>rentacarthessalonikiairport<\/strong> si prende cura del comfort e delle esigenze dei suoi clienti e per questo offre servizi speciali che rendono il processo di noleggio ancora pi\u00f9 facile. In particolare, per le famiglie con bambini, forniamo seggiolini per una maggiore sicurezza. Inoltre, offriamo opzioni per l&#8217;utilizzo di Wi-Fi e Bluetooth, per rimanere connessi durante tutto il viaggio.<\/p>\n<p>Con il nostro servizio di assistenza disponibile 24 ore su 24, il nostro personale \u00e8 sempre pronto ad aiutarvi con qualsiasi necessit\u00e0 che possa sorgere durante il vostro viaggio. Che si tratti di modificare una prenotazione o di qualsiasi problema con il veicolo, il nostro team sar\u00e0 pronto ad aiutarvi in modo rapido ed efficiente.<\/p>\n<\/div><\/section><\/div>\n\n<style type=\"text\/css\" data-created_by=\"avia_inline_auto\" id=\"style-css-av-m6xjffa1-efc787b08d74f2616ab7caadb954851f\">\n.avia-image-container.av-m6xjffa1-efc787b08d74f2616ab7caadb954851f img.avia_image{\nbox-shadow:none;\n}\n.avia-image-container.av-m6xjffa1-efc787b08d74f2616ab7caadb954851f .av-image-caption-overlay-center{\ncolor:#ffffff;\n}\n<\/style>\n<div  class='avia-image-container av-m6xjffa1-efc787b08d74f2616ab7caadb954851f av-styling- av-img-linked avia-align-center  avia-builder-el-7  el_after_av_one_full  el_before_av_one_full '   itemprop=\"image\" itemscope=\"itemscope\" itemtype=\"https:\/\/schema.org\/ImageObject\" ><div class=\"avia-image-container-inner\"><div class=\"avia-image-overlay-wrap\"><a href=\"https:\/\/www.rentacarthessalonikiairport.com\/it\/stolos\/?mid=14&amp;ch=c91dde7eca12e27a6b789fb4daea0186\" class='avia_image '  aria-label='barar'><img decoding=\"async\" fetchpriority=\"high\" class='wp-image-3777 avia-img-lazy-loading-not-3777 avia_image ' src=\"https:\/\/www.rentacarthessalonikiairport.com\/wp-content\/uploads\/2025\/02\/barar.jpg\" alt='\u03a6\u03b8\u03b7\u03bd\u03ae \u03b5\u03bd\u03bf\u03b9\u03ba\u03af\u03b1\u03c3\u03b7 7\u03b8\u03ad\u03c3\u03b9\u03bf\u03c5' title='barar'  height=\"600\" width=\"1200\"  itemprop=\"thumbnailUrl\" srcset=\"https:\/\/www.rentacarthessalonikiairport.com\/wp-content\/uploads\/2025\/02\/barar.jpg 1200w, https:\/\/www.rentacarthessalonikiairport.com\/wp-content\/uploads\/2025\/02\/barar-300x150.jpg 300w, https:\/\/www.rentacarthessalonikiairport.com\/wp-content\/uploads\/2025\/02\/barar-1030x515.jpg 1030w, https:\/\/www.rentacarthessalonikiairport.com\/wp-content\/uploads\/2025\/02\/barar-768x384.jpg 768w, https:\/\/www.rentacarthessalonikiairport.com\/wp-content\/uploads\/2025\/02\/barar-705x353.jpg 705w\" sizes=\"(max-width: 1200px) 100vw, 1200px\" \/><\/a><\/div><\/div><\/div>\n<div  class='flex_column av-av_one_full-a961ec8c42a44a397321d1a2224da3ca av_one_full  avia-builder-el-8  el_after_av_image  el_before_av_image  first flex_column_div  '     ><style type=\"text\/css\" data-created_by=\"avia_inline_auto\" id=\"style-css-av-m6xghwxu-7f5034dc88a0f86fa519c7cc1e724bed\">\n#top .av_textblock_section.av-m6xghwxu-7f5034dc88a0f86fa519c7cc1e724bed .avia_textblock{\nfont-size:20px;\n}\n<\/style>\n<section  class='av_textblock_section av-m6xghwxu-7f5034dc88a0f86fa519c7cc1e724bed '   itemscope=\"itemscope\" itemtype=\"https:\/\/schema.org\/CreativeWork\" ><div class='avia_textblock'  itemprop=\"text\" ><h3 style=\"text-align: center;\">Facilit\u00e0 e Ritiro Veloce<\/h3>\n<p>Il ritiro del minivan a 9 posti presso <strong>rentacarthessalonikiairport<\/strong> \u00e8 facile e veloce, senza alcun inconveniente. La procedura \u00e8 semplice e con tempi di attesa minimi, poich\u00e9 la nostra posizione \u00e8 molto vicina all&#8217;Aeroporto di Salonicco Macedonia (SKG). Una volta arrivati all&#8217;aeroporto, potrete ritirare il vostro veicolo immediatamente e iniziare il vostro viaggio senza ritardi. La nostra azienda garantisce velocit\u00e0 e un servizio di alta qualit\u00e0.<\/p>\n<h3 style=\"text-align: center;\">Conclusioni<\/h3>\n<p>Il noleggio di un minivan a 9 posti presso <strong>rentacarthessalonikiairport<\/strong> \u00e8 la soluzione ideale per viaggi con molti bagagli o per famiglie e gruppi numerosi che desiderano viaggiare comodamente e in sicurezza. Con il nostro servizio rapido, le ultime tecnologie e l&#8217;equipaggiamento eccezionale, possiamo garantire che il vostro viaggio sar\u00e0 piacevole e senza preoccupazioni. Contattateci oggi stesso per effettuare la vostra prenotazione e godervi il viaggio con assoluto comfort e sicurezza.<\/p>\n<\/div><\/section><\/div>\n\n<style type=\"text\/css\" data-created_by=\"avia_inline_auto\" id=\"style-css-av-m6xjfwop-13598d21ee47d9d1e800000834ad85aa\">\n.avia-image-container.av-m6xjfwop-13598d21ee47d9d1e800000834ad85aa img.avia_image{\nbox-shadow:none;\n}\n.avia-image-container.av-m6xjfwop-13598d21ee47d9d1e800000834ad85aa .av-image-caption-overlay-center{\ncolor:#ffffff;\n}\n<\/style>\n<div  class='avia-image-container av-m6xjfwop-13598d21ee47d9d1e800000834ad85aa av-styling- av-img-linked avia-align-center  avia-builder-el-10  el_after_av_one_full  el_before_av_one_full '   itemprop=\"image\" itemscope=\"itemscope\" itemtype=\"https:\/\/schema.org\/ImageObject\" ><div class=\"avia-image-container-inner\"><div class=\"avia-image-overlay-wrap\"><a href=\"https:\/\/www.rentacarthessalonikiairport.com\/it\/stolos\/?mid=128&amp;ch=c91dde7eca12e27a6b789fb4daea0186\" class='avia_image '  target=\"_blank\"  rel=\"noopener noreferrer\" aria-label='\u03a6\u0399\u0391\u03a4\u0391\u0395\u039d\u03a4\u03a0-\u039d&#039;'><img decoding=\"async\" fetchpriority=\"high\" class='wp-image-3783 avia-img-lazy-loading-not-3783 avia_image ' src=\"https:\/\/www.rentacarthessalonikiairport.com\/wp-content\/uploads\/2025\/02\/\u03a6\u0399\u0391\u03a4\u0391\u0395\u039d\u03a4\u03a0-\u039d.jpg\" alt='' title='\u03a6\u0399\u0391\u03a4\u0391\u0395\u039d\u03a4\u03a0-\u039d&#039;'  height=\"600\" width=\"1200\"  itemprop=\"thumbnailUrl\" srcset=\"https:\/\/www.rentacarthessalonikiairport.com\/wp-content\/uploads\/2025\/02\/\u03a6\u0399\u0391\u03a4\u0391\u0395\u039d\u03a4\u03a0-\u039d.jpg 1200w, https:\/\/www.rentacarthessalonikiairport.com\/wp-content\/uploads\/2025\/02\/\u03a6\u0399\u0391\u03a4\u0391\u0395\u039d\u03a4\u03a0-\u039d-300x150.jpg 300w, https:\/\/www.rentacarthessalonikiairport.com\/wp-content\/uploads\/2025\/02\/\u03a6\u0399\u0391\u03a4\u0391\u0395\u039d\u03a4\u03a0-\u039d-1030x515.jpg 1030w, https:\/\/www.rentacarthessalonikiairport.com\/wp-content\/uploads\/2025\/02\/\u03a6\u0399\u0391\u03a4\u0391\u0395\u039d\u03a4\u03a0-\u039d-768x384.jpg 768w, https:\/\/www.rentacarthessalonikiairport.com\/wp-content\/uploads\/2025\/02\/\u03a6\u0399\u0391\u03a4\u0391\u0395\u039d\u03a4\u03a0-\u039d-705x353.jpg 705w\" sizes=\"(max-width: 1200px) 100vw, 1200px\" \/><\/a><\/div><\/div><\/div>\n<div  class='flex_column av-av_one_full-a961ec8c42a44a397321d1a2224da3ca av_one_full  avia-builder-el-11  el_after_av_image  el_before_av_one_full  first flex_column_div  '     ><section  class='av_textblock_section av-m6xjcq0u-03ecadb3098c655459ce7ea19cc27519 '   itemscope=\"itemscope\" itemtype=\"https:\/\/schema.org\/CreativeWork\" ><div class='av-small-hide av-mini-hide avia_textblock'  itemprop=\"text\" ><p style=\"text-align: center; font-size: 25px;\"><a href=\"https:\/\/www.rentacarthessalonikiairport.com\/it\/\"><span style=\"background-color: blue; color: white; border: 6px solid blue; font-size: 30px; border-radius: 10px;\">Richiedi un preventivo al numero +30 2310 234 150!<\/span><\/a><\/p>\n<\/div><\/section><\/div>\n<div  class='flex_column av-av_one_full-a961ec8c42a44a397321d1a2224da3ca av_one_full  avia-builder-el-13  el_after_av_one_full  avia-builder-el-last  first flex_column_div  column-top-margin'     ><section  class='av_textblock_section av-m6xjd8oi-219976a3945a7f66212e3f90eff560a0 '   itemscope=\"itemscope\" itemtype=\"https:\/\/schema.org\/CreativeWork\" ><div class='av-desktop-hide av-medium-hide avia_textblock'  itemprop=\"text\" ><p style=\"text-align: center; font-size: 25px;\"><a href=\"https:\/\/www.rentacarthessalonikiairport.com\/it\/\"><span style=\"background-color: blue; color: white; border: 6px solid blue; font-size: 30px; border-radius: 10px; line-height: 50px;\">Richiedi un preventivo al numero +30 2310 234 150!<\/span><\/a><\/p>\n<\/div><\/section><\/div>\n","protected":false},"excerpt":{"rendered":"","protected":false},"author":6,"featured_media":0,"parent":0,"menu_order":0,"comment_status":"closed","ping_status":"closed","template":"","meta":{"footnotes":""},"class_list":["post-3821","page","type-page","status-publish","hentry"],"_links":{"self":[{"href":"https:\/\/www.rentacarthessalonikiairport.com\/it\/wp-json\/wp\/v2\/pages\/3821","targetHints":{"allow":["GET"]}}],"collection":[{"href":"https:\/\/www.rentacarthessalonikiairport.com\/it\/wp-json\/wp\/v2\/pages"}],"about":[{"href":"https:\/\/www.rentacarthessalonikiairport.com\/it\/wp-json\/wp\/v2\/types\/page"}],"author":[{"embeddable":true,"href":"https:\/\/www.rentacarthessalonikiairport.com\/it\/wp-json\/wp\/v2\/users\/6"}],"replies":[{"embeddable":true,"href":"https:\/\/www.rentacarthessalonikiairport.com\/it\/wp-json\/wp\/v2\/comments?post=3821"}],"version-history":[{"count":4,"href":"https:\/\/www.rentacarthessalonikiairport.com\/it\/wp-json\/wp\/v2\/pages\/3821\/revisions"}],"predecessor-version":[{"id":4220,"href":"https:\/\/www.rentacarthessalonikiairport.com\/it\/wp-json\/wp\/v2\/pages\/3821\/revisions\/4220"}],"wp:attachment":[{"href":"https:\/\/www.rentacarthessalonikiairport.com\/it\/wp-json\/wp\/v2\/media?parent=3821"}],"curies":[{"name":"wp","href":"https:\/\/api.w.org\/{rel}","templated":true}]}}