{"id":1182,"date":"2022-06-14T23:51:18","date_gmt":"2022-06-14T20:51:18","guid":{"rendered":"https:\/\/www.rentacarthessalonikiairport.com\/%ce%bf%cf%81%ce%bf%ce%b9-%ce%b5%ce%bd%ce%bf%ce%b9%ce%ba%ce%b9%ce%b1%cf%83%ce%b7%cf%83\/"},"modified":"2022-11-16T15:42:25","modified_gmt":"2022-11-16T13:42:25","slug":"%ce%bf%cf%81%ce%bf%ce%b9-%ce%b5%ce%bd%ce%bf%ce%b9%ce%ba%ce%b9%ce%b1%cf%83%ce%b7%cf%83","status":"publish","type":"page","link":"https:\/\/www.rentacarthessalonikiairport.com\/it\/%ce%bf%cf%81%ce%bf%ce%b9-%ce%b5%ce%bd%ce%bf%ce%b9%ce%ba%ce%b9%ce%b1%cf%83%ce%b7%cf%83\/","title":{"rendered":"CONTRATTO DI NOLEGGIO &#8211; TERMINI E CONDIZIONI"},"content":{"rendered":"<div id='full_slider_1'  class='avia-fullwidth-slider main_color avia-shadow   avia-builder-el-0  el_before_av_one_full  avia-builder-el-first   container_wrap fullsize'  ><div  class='avia-slideshow av-l4en2sno-7c62b82be254fafdc09be46a2cbb90d1 avia-slideshow-no scaling av_slideshow_full avia-slide-slider av-slideshow-ui av-control-default av-slideshow-manual av-loop-once av-loop-manual-endless av-default-height-applied   avia-slideshow-1' data-slideshow-options=\"{&quot;animation&quot;:&quot;slide&quot;,&quot;autoplay&quot;:false,&quot;loop_autoplay&quot;:&quot;once&quot;,&quot;interval&quot;:5,&quot;loop_manual&quot;:&quot;manual-endless&quot;,&quot;autoplay_stopper&quot;:false,&quot;noNavigation&quot;:false,&quot;bg_slider&quot;:false,&quot;keep_padding&quot;:false,&quot;hoverpause&quot;:false,&quot;show_slide_delay&quot;:0}\"  itemprop=\"image\" itemscope=\"itemscope\" itemtype=\"https:\/\/schema.org\/ImageObject\" ><ul class='avia-slideshow-inner ' style='padding-bottom: 26.041666666667%;'><li  class='avia-slideshow-slide av-l4en2sno-7c62b82be254fafdc09be46a2cbb90d1__0  av-single-slide slide-1 slide-odd'><div data-rel='slideshow-1' class='avia-slide-wrap '   ><div class='av-slideshow-caption av-l4en2sno-7c62b82be254fafdc09be46a2cbb90d1__0 caption_fullwidth caption_center caption_center_framed caption_framed'><div class=\"container caption_container\"><div class=\"slideshow_caption\"><div class=\"slideshow_inner_caption\"><div class=\"slideshow_align_caption\"><h2 class='avia-caption-title '  itemprop=\"name\" >RENTAL AGREEMENT<\/h2><div class='avia-caption-content '  itemprop=\"description\" ><p>TERMS AND CONDITIONS<\/p>\n<\/div><\/div><\/div><\/div><\/div><\/div><img decoding=\"async\" fetchpriority=\"high\" class=\"wp-image-402 avia-img-lazy-loading-not-402\"  src=\"https:\/\/www.rentacarthessalonikiairport.com\/wp-content\/uploads\/2022\/06\/profil-4.webp\" width=\"1920\" height=\"500\" title='profil-4' alt=''  itemprop=\"thumbnailUrl\"  style='min-height:300px; min-width:1152px; ' srcset=\"https:\/\/www.rentacarthessalonikiairport.com\/wp-content\/uploads\/2022\/06\/profil-4.webp 1920w, https:\/\/www.rentacarthessalonikiairport.com\/wp-content\/uploads\/2022\/06\/profil-4-300x78.webp 300w, https:\/\/www.rentacarthessalonikiairport.com\/wp-content\/uploads\/2022\/06\/profil-4-1030x268.webp 1030w, https:\/\/www.rentacarthessalonikiairport.com\/wp-content\/uploads\/2022\/06\/profil-4-768x200.webp 768w, https:\/\/www.rentacarthessalonikiairport.com\/wp-content\/uploads\/2022\/06\/profil-4-1536x400.webp 1536w, https:\/\/www.rentacarthessalonikiairport.com\/wp-content\/uploads\/2022\/06\/profil-4-1500x391.webp 1500w, https:\/\/www.rentacarthessalonikiairport.com\/wp-content\/uploads\/2022\/06\/profil-4-705x184.webp 705w\" sizes=\"(max-width: 1920px) 100vw, 1920px\" \/><\/div><\/li><\/ul><\/div><\/div><div id='after_full_slider_1'  class='main_color av_default_container_wrap container_wrap fullsize'  ><div class='container av-section-cont-open' ><div class='template-page content  av-content-full alpha units'><div class='post-entry post-entry-type-page post-entry-1182'><div class='entry-content-wrapper clearfix'>\n<div  class='flex_column av-ykof-ef3b93ede98ae33cdef089c48894ed3d av_one_full  avia-builder-el-1  el_after_av_slideshow_full  avia-builder-el-no-sibling  first flex_column_div  '     ><section  class='av_textblock_section av-l4en4y66-f5a40be0bc41535e24360f9ad4114e5e '   itemscope=\"itemscope\" itemtype=\"https:\/\/schema.org\/CreativeWork\" ><div class='avia_textblock'  itemprop=\"text\" ><table>\n<tbody>\n<tr>\n<td width=\"200\"><strong>CONTRATTO DI NOLEGGIO &#8211; TERMINI E CONDIZIONI<\/strong><\/p>\n<p>1. OGGETTO: Il presente Contratto di Noleggio \u00e8 redatto tra la Societ\u00e0 di Noleggio, che sar\u00e0 di seguito denominata \u201cLocatore\u201d in quanto legalmente rappresentato per la firma del presente documento, e dall&#8217;altra parte il \u201cLocatario\u201d, il cui nome \u00e8 inciso sulla prima pagina dell&#8217;Accordo, ed \u00e8 soggetto ai seguenti termini e disposizioni, nonch\u00e9 a quelli iscritti nella prima pagina dell&#8217;Accordo. Con il presente Contratto il Locatore concede in locazione al Locatario, in conformit\u00e0 ai seguenti termini e disposizioni ea quanto riportato in prima pagina, il veicolo menzionato in prima pagina del Contratto, che sar\u00e0 di seguito denominato il &#8220;Veicolo&#8221; per motivi di brevit\u00e0.<\/p>\n<p><strong>2.DURATA: La durata del Contratto inizia immediatamente dalla data e dall&#8217;ora della firma riportate sulla prima pagina del presente documento e dalla consegna del Veicolo al Locatario e termina alla data e all&#8217;ora della restituzione del Veicolo da parte del Locatario e della consegna a un rappresentante di il Locatore, come indicato in prima pagina. La durata minima del periodo di noleggio \u00e8 di 24 ore. Il Locatario \u00e8 tenuto a restituire il veicolo a un rappresentante del Locatore nella data, ora (max +30 minuti) e luogo concordati, come indicato in prima pagina, ed eventuali modifiche o ritardi devono essere accettati per iscritto dal Locatore. I resi ritardati di oltre 30 minuti rispetto all&#8217;orario definito vengono addebitati come un intero giorno aggiuntivo.<\/strong><\/p>\n<p>3.LOCAZIONE E ONERI: 3.1 Il Locatario \u00e8 definito in prima pagina del Contratto e corrisponde integralmente al valore del leasing del Veicolo e alla durata del leasing pattuito, mentre il Locatario riconosce di non avere alcun diritto di contestarlo o chiederne la diminuzione e, in ogni caso, rinuncia a tale diritto. Il contratto di locazione \u00e8 soggetto a modifiche se uno qualsiasi dei termini qui concordati cambia dopo la firma del presente contratto e l&#8217;inizio del contratto di locazione (a titolo indicativo e non restrittivo: durata del contratto di locazione, servizi\/coperture extra come chilometraggio aggiuntivo, conducente aggiuntivo, ecc. .). Eventuali costi aggiuntivi saranno conformi all&#8217;attuale listino ufficiale del Locatore. Il contratto di locazione viene pagato per intero in anticipo, prima della consegna del Veicolo. 3.2 Il contratto di locazione include quanto segue: a) Assicurazione di responsabilit\u00e0 civile per lesioni personali e danni materiali, esclusi conducente e passeggeri, b) Assistenza stradale 24 ore su 24 in tutta la Grecia e secondo i termini e le condizioni della compagnia di assistenza stradale, ad eccezione delle isole territorio dal quale \u00e8 onere del Locatario restituire il veicolo a proprie spese, c) I.V.A. e tasse locali, d) addebito chilometrico giornaliero di cento (100) chilometri (citato in prima pagina), e) sostituzione del Veicolo con altro disponibile, indipendentemente dalla categoria, in caso di guasto\/sinistro. 3.3. Il contratto di locazione non include alcun importo, spesa o servizio che non sia incluso nel precedente paragrafo 3.2 o non sia chiaramente definito nel rispettivo spazio della prima pagina. A titolo indicativo e non restrittivo la locazione non comprende: a) il consumo di carburante che \u00e8 interamente a carico del Conduttore. La quantit\u00e0 di carburante alla riconsegna del Veicolo dovr\u00e0 essere uguale alla quantit\u00e0 di consegna, che \u00e8 riportata in prima pagina, altrimenti verr\u00e0 addebitato un addebito per il carburante consumato e 10,00\u20ac in pi\u00f9 per il servizio di rifornimento pi\u00f9 IVA. sul totale (non \u00e8 previsto alcun rimborso per i carburanti non consumati). b) eventuali chilometri in pi\u00f9, oltre i 100 km\/giorno compresi nella locazione. Il Conduttore \u00e8 tenuto al pagamento dell&#8217;importo per chilometro extra + IVA. al momento della riconsegna del Veicolo, secondo il listino del Locatore, a meno che non sia stato concordato all&#8217;inizio della locazione un utilizzo di chilometri aggiuntivi espressamente iscritto in prima pagina, c) eventuali coperture assicurative aggiuntive oltre a quelle di cui al paragrafo 3.2 .a, a meno che non sia stato concordato all&#8217;inizio della locazione e sia espressamente iscritto in prima pagina del presente documento, d) multe e addebiti per violazioni, parcheggi abusivi e sanzioni amministrative comminate al Veicolo durante il periodo di locazione che siano responsabilit\u00e0 del Locatario di pagare e consegnare copia del pagamento al Locatore al momento della restituzione del Veicolo, in caso contrario sar\u00e0 addebitato al Locatario l&#8217;importo della sanzione\/violazione e 15\u20ac spese amministrative + IVA. sul totale dell&#8217;importo al momento della restituzione del Veicolo dopo la sua dichiarazione della sanzione\/violazione o dopo che il Locatore sia stato informato dalla polizia o dalle autorit\u00e0 comunali in un momento successivo e senza limiti di tempo per tali addebiti.<\/p>\n<p><strong>4. DEPOSITO CAUZIONALE:<\/strong> Il Locatario, in ogni caso e indipendentemente dall&#8217;eventuale copertura assicurativa, \u00e8 tenuto a depositare al Locatore una somma a titolo di caparra per la corretta attuazione del presente contratto, il cui importo \u00e8 determinato dal Locatore a seconda della categoria del veicolo noleggiato ed \u00e8 iscritto sulla prima pagina di questo documento. La somma rimane al Locatore per l&#8217;intera durata del contratto di locazione e sar\u00e0 integralmente rimborsata al Locatario con le stesse modalit\u00e0 dopo la scadenza del contratto di locazione, a condizione che il Locatario abbia adempiuto a tutti i suoi obblighi finanziari.<\/p>\n<p><strong>5.CONSEGNA-RESTITUZIONE DEL VEICOLO:<\/strong> 5.1 Il Veicolo viene consegnato al Locatario alla data e ora definite in prima pagina. Il Locatario deve ispezionare il veicolo, esternamente ed internamente, con un rappresentante del Locatore prima di qualsiasi utilizzo e indicare eventuali danni esistenti da annotare nell&#8217;apposito spazio in prima pagina e restituire il Veicolo a un rappresentante nelle stesse identiche condizioni e con esattamente lo stesso livello di carburante. La sottoscrizione del presente documento costituisce ricevuta di consegna del Veicolo. 5.2 Le consegne ei resi presso gli uffici del Locatore in orario d&#8217;ufficio (luned\u00ec-sabato 09:00-20:00) non comportano alcun costo aggiuntivo. Al Locatario verr\u00e0 addebitato un supplemento per eventuali consegne\/reso fuori orario d&#8217;ufficio, la domenica, i giorni festivi e in luoghi diversi dagli uffici del Locatore. 5.3 Il Veicolo dovr\u00e0 essere riconsegnato pulito e pronto per l&#8217;ispezione, in caso contrario la riconsegna potrebbe subire dei ritardi e sar\u00e0 applicato un supplemento di 15,00\u20ac + IVA. Se \u00e8 richiesta la pulizia specialistica (interna o altro) (catrame, pelo animale, ecc.) \u00e8 previsto un supplemento minimo di 60,00\u20ac + IVA. 5.4 Il Locatore non \u00e8 responsabile, durante il periodo di locazione o dopo la sua scadenza, per oggetti del Locatario o passeggeri a bordo del Veicolo.<br \/>\n<strong>6.CONDITIONS D&#8217;UTILISATION<\/strong> : 6.1 Le V\u00e9hicule est autoris\u00e9 \u00e0 \u00eatre utilis\u00e9 exclusivement et uniquement conform\u00e9ment aux termes et dispositions du pr\u00e9sent document et ne peut \u00eatre conduit que par le Locataire et\/ou les conducteurs autoris\u00e9s d\u00e9finis sur la premi\u00e8re page du pr\u00e9sent document. Le Locataire et les conducteurs autoris\u00e9s sont enti\u00e8rement et exclusivement responsables de tout dommage mat\u00e9riel du V\u00e9hicule et de toutes autres d\u00e9penses ou dommages (privation de jouissance, frais de justice, etc.) d\u00e9coulant de la violation des conditions d&#8217;utilisation du V\u00e9hicule ou de tout autre terme de ce document. 6.2 Le Locataire et les conducteurs autoris\u00e9s sont tenus de prendre soin du V\u00e9hicule, de le prot\u00e9ger de tout danger et d&#8217;avertir imm\u00e9diatement le Loueur en cas d&#8217;indication de dommage ou de dysfonctionnement. Toute r\u00e9paration du V\u00e9hicule ou toute intervention de la part du Locataire, des conducteurs autoris\u00e9s ou de toute tierce personne est strictement interdite sans accord \u00e9crit pr\u00e9alable du Loueur. 6.3 Il est interdit d&#8217;utiliser le V\u00e9hicule : i) par toute tierce personne, autre que le Locataire et les conducteurs suppl\u00e9mentaires autoris\u00e9s dont les informations personnelles sont inscrites sur la premi\u00e8re page de ce document, ii) par toute personne \u00e2g\u00e9e de moins de 23 ou 25 ans, selon la cat\u00e9gorie de v\u00e9hicule, iii) par toute personne ne poss\u00e9dant pas de permis de conduire en cours de validit\u00e9 ou toute personne disposant d&#8217;un permis de conduire en cours de validit\u00e9 d\u00e9livr\u00e9 moins de 12 mois avant le d\u00e9but de la location, iv) par toute personne dont le permis de conduire a \u00e9t\u00e9 r\u00e9voqu\u00e9e par toute autorit\u00e9 au cours de la derni\u00e8re ann\u00e9e pr\u00e9c\u00e9dant le d\u00e9but du bail, v) transporter des personnes ou des objets moyennant des frais, vi) remorquer des v\u00e9hicules ou d&#8217;autres objets, vii) participer ou regarder des courses de toute nature, viii) \u00e0 sous-louer \u00e0 des tiers, ix) charger et transporter tout bagage ou objet lourd au-del\u00e0 de la capacit\u00e9 du v\u00e9hicule (telle que d\u00e9finie par le constructeur), tout objet inflammable, sale ou malodorant, drogue, arme et autre objet la possession et le transfert de ce qui est interdit par la lois grecques et peut entra\u00eener un danger pour la s\u00e9curit\u00e9 du v\u00e9hicule, des personnes \u00e0 bord ou de tiers, x) rues\/routes non praticables ou non pav\u00e9es, xi) en dehors du territoire grec sans l&#8217;accord \u00e9crit pr\u00e9alable du loueur, xii) d&#8217;embarquer sur un bateau\/train sans l&#8217;accord \u00e9crit pr\u00e9alable du Loueur, xiii) si le Loueur\/conducteur autoris\u00e9 est sous l&#8217;influence de l&#8217;alcool, de drogues hallucinog\u00e8nes ou de toute autre substance susceptible d&#8217;affecter sa capacit\u00e9 \u00e0 conduire en toute s\u00e9curit\u00e9 ou s&#8217;il\/elle elle est, pour une raison quelconque, dans un \u00e9tat de capacit\u00e9 r\u00e9duite \u00e0 conduire, xiv) en violation de tout code de la route ou d&#8217;autres dispositions et lois du territoire grec et pour tout acte ill\u00e9gal ou criminel conform\u00e9ment \u00e0 la l\u00e9gislation grecque et d&#8217;une mani\u00e8re qui met en danger le V\u00e9hicule, les passagers ou des tiers, xv) \u00e0 des fins illicites ou criminelles, xvi) pour apprendre \u00e0 conduire \u00e0 des tiers, xvii) au-del\u00e0 de la dur\u00e9e de location convenue (inscrite sur la premi\u00e8re page) sans l&#8217;accord \u00e9crit pr\u00e9alable du Loueur, xviii) en violation de toute cond la publication ou la mise \u00e0 disposition de ce document.<br \/>\n<strong>7. INCIDENTI-DANNI<\/strong>: In caso di sinistro o altro incidente\/danno, il Locatario\/conducente autorizzato \u00e8 tenuto a compiere le seguenti azioni, indipendentemente da chi sia responsabile o dalle coperture assicurative qui pattuite: a) informare immediatamente la Polizia (tel. 100) e il Locatore in modo da inviare Accident Care e attendere che registrino l&#8217;evento e raccolgano le carte, b) annotare nomi e informazioni di eventuali testimoni e persone coinvolte nell&#8217;incidente, c) non riconoscere alcuna pretesa avanzata da terzi parti, d) raccogliere tutte le informazioni rilevanti da qualsiasi terza persona e qualsiasi documento rilevante o altro dato (es. foto) e consegnarle al Locatore insieme ai documenti di Polizia e Infortunio. Qualora il Locatore non provveda alle azioni di cui sopra, sar\u00e0 considerato pienamente responsabile dell&#8217;incidente\/incidente e sar\u00e0 addebitato l&#8217;importo totale dei danni e il costo dei giorni necessari alla riparazione del Veicolo e ogni altro danno e spesa derivante da tale incidente + IVA sul totale dell&#8217;importo degli oneri, indipendentemente dall&#8217;eventuale copertura assicurativa qui pattuita. Se responsabile dell&#8217;incidente\/evento \u00e8 il Locatore\/conducente autorizzato \u00e8 previsto un supplemento del 30% del premio assicurativo annuale (importo minimo 100,00\u20ac), e di 30\u20ac come feed elaborazione sinistro + IVA. sul totale dell&#8217;importo. 7.1. In caso di danni verificatisi, al Locatario verr\u00e0 addebitato un Costo Amministrativo Infortunio pi\u00f9 IVA. come definito sul listino ufficiale del Locatore. 7.2. In caso di ripristino del danno, non \u00e8 consentita la selezione di \u03c3\u03c5\u03bd\u03b5\u03c1\u03b3\u03b5\u03af\u03bf\u03c5 da parte del Locatario o di un conducente autorizzato, a meno che non sia la concessionaria ufficiale del Veicolo.<br \/>\n<strong>8.COPERTURA ASSICURATIVA:<\/strong> 8.1. La copertura assicurativa fornita \u00e8 valida solo a condizione che il Veicolo sia utilizzato nel pieno rispetto dei termini e delle disposizioni del presente documento e delle relative polizze assicurative. In ogni altro caso il Locatario e gli autisti autorizzati sono pienamente, solidalmente e totalmente responsabili dell&#8217;integrale risarcimento dei danni eventualmente causati e delle spese derivanti dai danni e dalla violazione dei termini e non hanno alcun diritto nei confronti del Locatore. 8.2. Il Locatario e i conducenti autorizzati sono pienamente responsabili e sono tenuti a risarcire il Locatore per eventuali danni, materiali o altro, non coperti dall&#8217;assicurazione inclusa nel canone di noleggio (par.3.2.a) o da eventuali coperture aggiuntive, se presenti \u00e8 qualsiasi, che \u00e8 stato concordato all&#8217;inizio del contratto di locazione ed \u00e8 esplicitamente menzionato in prima pagina. In particolare, in caso di danni materiali o di altra natura durante la locazione il Locatario e gli autisti autorizzati sono tenuti a corrispondere al Locatore, indipendentemente dalla colpa e senza alcuna contestazione, l&#8217;ammontare dei danni in funzione della categoria e del modello del veicolo e dell&#8217;importo massimo il prezzo al dettaglio del concessionario ufficiale del Veicolo al momento dell&#8217;incidente pi\u00f9 IVA, comprese le eventuali spese derivanti dall&#8217;incidente, come le spese per il recupero del Veicolo e i danni per il suo mancato utilizzo. 8.3. Il Locatario pu\u00f2 limitare la propria responsabilit\u00e0 per danni al Veicolo al minimo di 750,00\u20ac+IVA. accettando e acquistando ad inizio locazione la copertura \u201cCollision Damage Waiver\u201d (CDW), che dovr\u00e0 essere iscritta in prima pagina. L&#8217;importo del CDW \u00e8 definito dal Locatore in base alla categoria del Veicolo ed \u00e8 iscritto in prima pagina. La copertura CDW non \u00e8 valida se il Locatario o i conducenti autorizzati violano uno qualsiasi dei termini e delle disposizioni del presente contratto. 8.4. A titolo indicativo e non restrittivo le coperture assicurative previste, comprensive della C.D.W. clausola, non copre in ogni caso quanto segue per il ripristino del quale il Locatario ed i conducenti autorizzati sono pienamente, solidamente ed esclusivamente responsabili per: a) danni alla parte inferiore del Veicolo, b) danni\/smarrimento di chiavi auto, antenne, specchi, ecc. e tutte le parti dell&#8217;interno del Veicolo (es. impianto audio, schermi\/sistema di navigazione, maniglie, vani, tappezzeria, ecc.), c) danneggiamenti\/smarrimenti di pneumatici, ruote, cerchioni, vetri, salvo la copertura assicurativa \u00e8 stata concordata e acquistata dal Locatario all&#8217;inizio del contratto di locazione ed \u00e8 iscritta in prima pagina del presente documento.<br \/>\n9. ESONERO DA RESPONSABILITA&#8217;: Il Locatore risponde solo in caso di dolo o colpa grave. In tutti gli altri casi (compresi negligenza lieve, caso fortuito o forza maggiore) il Locatore non ha alcuna responsabilit\u00e0, e nessuna pretesa pu\u00f2 essere avanzata nei suoi confronti.<\/p>\n<p><strong>10. DIRITTO DI SOSTITUZIONE:<\/strong> Il Locatore ha il diritto, a suo giudizio e con apposita dichiarazione scritta al Locatore, di indicare qualsiasi persona fisica o giuridica o ente che lo sostituir\u00e0 in tutto o in parte rispetto ai diritti e agli obblighi derivanti da questo accordo. Il Locatario non ha il diritto di cedere alcuno dei suoi diritti o responsabilit\u00e0 derivanti dal presente contratto.<\/p>\n<p><strong>11. VIOLAZIONE DEI TERMINI DELLA LOCAZIONE:<\/strong> 11.1. Sia il Locatario che i conducenti autorizzati del Veicolo sono pienamente e solidalmente responsabili nei confronti del Locatore per il pieno e rigoroso rispetto di tutte le condizioni e disposizioni del presente accordo. 11.2. Se il Locatario o uno qualsiasi dei conducenti autorizzati viola o tenta di violare uno qualsiasi dei loro obblighi derivanti dal presente accordo o se le informazioni fornite al Locatore sono inesatte o false, il Locatore ha il diritto di aderire al presente accordo o di dare avviso per la sua risoluzione, esigendo in ogni caso l&#8217;integrale risarcimento di ogni danno effettivo e di ogni mancato guadagno futuro subito ed il pagamento di quanto eventualmente scaduto. In caso di disdetta del presente contratto, il Locatore ha facolt\u00e0 di esercitare tutti i suoi diritti di possesso. Se il presente contratto viene risolto, tutti i debiti del Locatario derivanti dalla risoluzione del presente contratto sono automaticamente e giustamente considerati scaduti e rivendicabili. 11.3. Nel caso in cui il Conduttore dia unilateralmente disdetta del contratto prima della scadenza della durata pattuita, egli \u00e8 tenuto ad aver adempiuto a tutti gli obblighi derivanti dal presente contratto ed in particolare a quelli dell&#8217;articolo precedente. Eventuali canoni anticipati per il restante periodo di locazione rimangono al Locatore in forza di una clausola equa e ragionevole. 11.4. Il presente contratto si intende automaticamente e giustamente risolto nel caso in cui la Conduttrice, se persona fisica, venga a mancare o venga posta in custodia giudiziaria, ovvero, se la Conduttrice \u00e8 persona giuridica, venga smantellata o posta in liquidazione. Il presente accordo si risolve anche automaticamente e di diritto nel caso in cui il Conduttore fallisca, chieda fallimento o cessi i pagamenti, o la sua solvibilit\u00e0 sia messa in dubbio, come indicativamente in caso di sequestro, esecuzione forzata dell&#8217;asta o gestione forzata di uno qualsiasi dei suoi beni.<\/p>\n<p><strong>12. NON RINUNCIA: <\/strong>Il mancato o ritardato esercizio dei propri diritti da parte del Locatore in forza del presente documento non costituisce ed in nessun caso pu\u00f2 essere considerato come rinuncia a tali diritti.<\/p>\n<p><strong>13. FORO COMPETENTE: <\/strong>Il Tribunale di Salonicco \u00e8 l&#8217;unico responsabile per eventuali divergenze e controversie che possono derivare dal presente documento.<\/p>\n<p><strong>14. DISPOSIZIONI GENERALI:<\/strong> Tutti i termini del presente documento sono considerati fondamentali e la violazione di uno qualsiasi di essi comporta le conseguenze di cui all&#8217;articolo 11. Il presente documento costituisce l&#8217;accordo pieno ed esclusivo tra le parti contraenti ascoltate e prevale su qualsiasi accordo contrario, scritto o verbale. Le intestazioni degli articoli del presente documento sono state utilizzate esclusivamente per comodit\u00e0 delle parti contraenti e non possono in alcun caso essere utilizzate per l&#8217;interpretazione del presente documento. Se pi\u00f9 di un Locatario e\/o conducente autorizzato dell&#8217;auto \u00e8 parte contraente del presente documento, tutti sono ritenuti pienamente responsabili nei confronti del Locatore di tutti gli oneri finanziari e di altri obblighi e responsabilit\u00e0 ai sensi del presente documento. Sono lecitamente valide anche per l&#8217;altro l&#8217;inadempimento o l&#8217;offesa di uno dei Conduttori e anche il precedente nei confronti di uno di essi e ogni stame giudiziario o extragiudiziale del Locatore fatto contro di esso o suo rappresentante autorizzato.<br \/>\n<strong>15.MODIFICHE:<\/strong> Qualsiasi modifica dei termini di questo documento non \u00e8 valida se non redatta per iscritto.<\/td>\n<\/tr>\n<\/tbody>\n<\/table>\n<\/div><\/section><\/div>\n","protected":false},"excerpt":{"rendered":"","protected":false},"author":6,"featured_media":0,"parent":0,"menu_order":0,"comment_status":"closed","ping_status":"closed","template":"","meta":{"footnotes":""},"class_list":["post-1182","page","type-page","status-publish","hentry"],"_links":{"self":[{"href":"https:\/\/www.rentacarthessalonikiairport.com\/it\/wp-json\/wp\/v2\/pages\/1182","targetHints":{"allow":["GET"]}}],"collection":[{"href":"https:\/\/www.rentacarthessalonikiairport.com\/it\/wp-json\/wp\/v2\/pages"}],"about":[{"href":"https:\/\/www.rentacarthessalonikiairport.com\/it\/wp-json\/wp\/v2\/types\/page"}],"author":[{"embeddable":true,"href":"https:\/\/www.rentacarthessalonikiairport.com\/it\/wp-json\/wp\/v2\/users\/6"}],"replies":[{"embeddable":true,"href":"https:\/\/www.rentacarthessalonikiairport.com\/it\/wp-json\/wp\/v2\/comments?post=1182"}],"version-history":[{"count":1,"href":"https:\/\/www.rentacarthessalonikiairport.com\/it\/wp-json\/wp\/v2\/pages\/1182\/revisions"}],"predecessor-version":[{"id":1184,"href":"https:\/\/www.rentacarthessalonikiairport.com\/it\/wp-json\/wp\/v2\/pages\/1182\/revisions\/1184"}],"wp:attachment":[{"href":"https:\/\/www.rentacarthessalonikiairport.com\/it\/wp-json\/wp\/v2\/media?parent=1182"}],"curies":[{"name":"wp","href":"https:\/\/api.w.org\/{rel}","templated":true}]}}