{"id":631,"date":"2022-06-17T08:32:03","date_gmt":"2022-06-17T05:32:03","guid":{"rendered":"https:\/\/www.rentacarthessalonikiairport.com\/flotte\/"},"modified":"2025-02-08T16:31:16","modified_gmt":"2025-02-08T14:31:16","slug":"flotte","status":"publish","type":"page","link":"https:\/\/www.rentacarthessalonikiairport.com\/fr\/flotte\/","title":{"rendered":"FLOTTE"},"content":{"rendered":"<div  class='flex_column av-av_one_full-a961ec8c42a44a397321d1a2224da3ca av_one_full  avia-builder-el-0  el_before_av_one_third  avia-builder-el-first  first flex_column_div  '     ><section  class='av_textblock_section av-av_textblock-9f1d08d208ea38101768ba4096f09dd7 '   itemscope=\"itemscope\" itemtype=\"https:\/\/schema.org\/CreativeWork\" ><div class='avia_textblock'  itemprop=\"text\" ><p><strong>Choisissez des voitures de notre flotte:<\/strong><\/p>\n\n<\/div><\/section><\/div>\n\n<style type=\"text\/css\" data-created_by=\"avia_inline_auto\" id=\"style-css-av-av_one_third-0a1404ac2cba8690877657b0ed657a71\">\n.flex_column.av-av_one_third-0a1404ac2cba8690877657b0ed657a71{\nbackground-color:#002eff;\n}\n<\/style>\n<div  class='flex_column av-av_one_third-0a1404ac2cba8690877657b0ed657a71 av_one_third  avia-builder-el-2  el_after_av_one_full  el_before_av_one_third  first flex_column_div  column-top-margin'     ><style type=\"text\/css\" data-created_by=\"avia_inline_auto\" id=\"style-css-av-m6waljxg-2912ca8320f00e6e343ebd3080736e73\">\n#top .av_textblock_section.av-m6waljxg-2912ca8320f00e6e343ebd3080736e73 .avia_textblock{\nfont-size:20px;\n}\n<\/style>\n<section  class='av_textblock_section av-m6waljxg-2912ca8320f00e6e343ebd3080736e73 '   itemscope=\"itemscope\" itemtype=\"https:\/\/schema.org\/CreativeWork\" ><div class='avia_textblock'  itemprop=\"text\" ><h1 style=\"text-align: center;\"><span style=\"color: #ffffff;\">Prix Exceptionnels<\/span><\/h1>\n<p style=\"text-align: center;\"><span style=\"color: #ffffff;\">Nous garantissons des prix bas correspondant \u00e0 la qualit\u00e9, au service et \u00e0 nos voitures \u00e0 l&rsquo;A\u00e9roport de Thessalonique Mac\u00e9doine SKG.<br \/>\nNous sommes les moins chers<\/span><\/p>\n<\/div><\/section><\/div>\n<style type=\"text\/css\" data-created_by=\"avia_inline_auto\" id=\"style-css-av-av_one_third-7692dd82fbcfb6cb1d767219df21fba3\">\n.flex_column.av-av_one_third-7692dd82fbcfb6cb1d767219df21fba3{\nbackground-color:#002eff;\n}\n<\/style>\n<div  class='flex_column av-av_one_third-7692dd82fbcfb6cb1d767219df21fba3 av_one_third  avia-builder-el-4  el_after_av_one_third  el_before_av_one_third  flex_column_div  column-top-margin'     ><style type=\"text\/css\" data-created_by=\"avia_inline_auto\" id=\"style-css-av-m6wam4ov-f81dcb729a5f3bda8db02b522c1fdced\">\n#top .av_textblock_section.av-m6wam4ov-f81dcb729a5f3bda8db02b522c1fdced .avia_textblock{\nfont-size:20px;\n}\n<\/style>\n<section  class='av_textblock_section av-m6wam4ov-f81dcb729a5f3bda8db02b522c1fdced '   itemscope=\"itemscope\" itemtype=\"https:\/\/schema.org\/CreativeWork\" ><div class='avia_textblock'  itemprop=\"text\" ><h1 style=\"text-align: center;\"><span style=\"color: #ffffff;\">Facile et Rapide<\/span><\/h1>\n<p style=\"text-align: center;\"><span style=\"color: #ffffff;\">Chez rentacarthessalonikiairport, il n&rsquo;y a pas d&rsquo;attente. Livraison et r\u00e9cup\u00e9ration de voiture incroyablement rapides \u00e0 l&rsquo;A\u00e9roport de Thessalonique SKG,<br \/>\nsans proc\u00e9dures compliqu\u00e9es.<\/span><\/p>\n<\/div><\/section><\/div>\n<style type=\"text\/css\" data-created_by=\"avia_inline_auto\" id=\"style-css-av-av_one_third-7692dd82fbcfb6cb1d767219df21fba3\">\n.flex_column.av-av_one_third-7692dd82fbcfb6cb1d767219df21fba3{\nbackground-color:#002eff;\n}\n<\/style>\n<div  class='flex_column av-av_one_third-7692dd82fbcfb6cb1d767219df21fba3 av_one_third  avia-builder-el-6  el_after_av_one_third  avia-builder-el-last  flex_column_div  column-top-margin'     ><style type=\"text\/css\" data-created_by=\"avia_inline_auto\" id=\"style-css-av-m6wamk7x-8c8f7baa52622ba6df0148e98a298397\">\n#top .av_textblock_section.av-m6wamk7x-8c8f7baa52622ba6df0148e98a298397 .avia_textblock{\nfont-size:20px;\n}\n<\/style>\n<section  class='av_textblock_section av-m6wamk7x-8c8f7baa52622ba6df0148e98a298397 '   itemscope=\"itemscope\" itemtype=\"https:\/\/schema.org\/CreativeWork\" ><div class='avia_textblock'  itemprop=\"text\" ><h1 style=\"text-align: center;\"><span style=\"color: #ffffff;\">Prestations Exceptionnelles<\/span><\/h1>\n<p style=\"text-align: center;\"><span style=\"color: #ffffff;\">Chez nous, vous trouverez tout ce dont vous avez besoin, des si\u00e8ges pour enfants, Wi-Fi, Bluetooth et cha\u00eenes \u00e0 neige pour voyager en toute s\u00e9curit\u00e9 partout.<br \/>\nService 24h\/24 pour trouver ensemble une solution \u00e0 tout ce qui pourrait vous arriver.<\/span><\/p>\n<\/div><\/section><\/div><\/p>\n","protected":false},"excerpt":{"rendered":"","protected":false},"author":6,"featured_media":0,"parent":0,"menu_order":0,"comment_status":"closed","ping_status":"closed","template":"","meta":{"footnotes":""},"class_list":["post-631","page","type-page","status-publish","hentry"],"_links":{"self":[{"href":"https:\/\/www.rentacarthessalonikiairport.com\/fr\/wp-json\/wp\/v2\/pages\/631","targetHints":{"allow":["GET"]}}],"collection":[{"href":"https:\/\/www.rentacarthessalonikiairport.com\/fr\/wp-json\/wp\/v2\/pages"}],"about":[{"href":"https:\/\/www.rentacarthessalonikiairport.com\/fr\/wp-json\/wp\/v2\/types\/page"}],"author":[{"embeddable":true,"href":"https:\/\/www.rentacarthessalonikiairport.com\/fr\/wp-json\/wp\/v2\/users\/6"}],"replies":[{"embeddable":true,"href":"https:\/\/www.rentacarthessalonikiairport.com\/fr\/wp-json\/wp\/v2\/comments?post=631"}],"version-history":[{"count":3,"href":"https:\/\/www.rentacarthessalonikiairport.com\/fr\/wp-json\/wp\/v2\/pages\/631\/revisions"}],"predecessor-version":[{"id":3682,"href":"https:\/\/www.rentacarthessalonikiairport.com\/fr\/wp-json\/wp\/v2\/pages\/631\/revisions\/3682"}],"wp:attachment":[{"href":"https:\/\/www.rentacarthessalonikiairport.com\/fr\/wp-json\/wp\/v2\/media?parent=631"}],"curies":[{"name":"wp","href":"https:\/\/api.w.org\/{rel}","templated":true}]}}