{"id":625,"date":"2022-06-14T23:38:36","date_gmt":"2022-06-14T20:38:36","guid":{"rendered":"https:\/\/www.rentacarthessalonikiairport.com\/notre-societe\/"},"modified":"2024-11-17T14:16:52","modified_gmt":"2024-11-17T12:16:52","slug":"notre-societe","status":"publish","type":"page","link":"https:\/\/www.rentacarthessalonikiairport.com\/fr\/notre-societe\/","title":{"rendered":"NOTRE SOCI\u00c9T\u00c9"},"content":{"rendered":"<div id='full_slider_1'  class='avia-fullwidth-slider main_color avia-shadow   avia-builder-el-0  el_before_av_one_half  avia-builder-el-first   container_wrap fullsize'  ><div  class='avia-slideshow av-l4emmpxq-8e12f178a0e5dced7276405a3a368718 avia-slideshow-no scaling av_slideshow_full avia-slide-slider av-slideshow-ui av-control-hidden av-no-slider-navigation av-hide-nav-arrows av-slideshow-manual av-loop-once av-loop-manual-endless av-default-height-applied   avia-slideshow-1' data-slideshow-options=\"{&quot;animation&quot;:&quot;slide&quot;,&quot;autoplay&quot;:false,&quot;loop_autoplay&quot;:&quot;once&quot;,&quot;interval&quot;:5,&quot;loop_manual&quot;:&quot;manual-endless&quot;,&quot;autoplay_stopper&quot;:false,&quot;noNavigation&quot;:true,&quot;bg_slider&quot;:false,&quot;keep_padding&quot;:false,&quot;hoverpause&quot;:false,&quot;show_slide_delay&quot;:0}\"  itemprop=\"image\" itemscope=\"itemscope\" itemtype=\"https:\/\/schema.org\/ImageObject\" ><ul class='avia-slideshow-inner ' style='padding-bottom: 26.041666666667%;'><li  class='avia-slideshow-slide av-l4emmpxq-8e12f178a0e5dced7276405a3a368718__0  av-single-slide slide-1 slide-odd'><div data-rel='slideshow-1' class='avia-slide-wrap '   ><div class='av-slideshow-caption av-l4emmpxq-8e12f178a0e5dced7276405a3a368718__0 caption_fullwidth caption_center caption_center_framed caption_framed'><div class=\"container caption_container\"><div class=\"slideshow_caption\"><div class=\"slideshow_inner_caption\"><div class=\"slideshow_align_caption\"><h2 class='avia-caption-title '  itemprop=\"name\" >Profil de la soci\u00e9t\u00e9<\/h2><div class='avia-caption-content '  itemprop=\"description\" ><p>En savoir plus sur nous<\/p>\n<\/div><\/div><\/div><\/div><\/div><\/div><img decoding=\"async\" fetchpriority=\"high\" class=\"wp-image-393 avia-img-lazy-loading-not-393\"  src=\"https:\/\/www.rentacarthessalonikiairport.com\/wp-content\/uploads\/2022\/06\/profil.webp\" width=\"1920\" height=\"500\" title='profil' alt=''  itemprop=\"thumbnailUrl\"  style='min-height:300px; min-width:1152px; ' srcset=\"https:\/\/www.rentacarthessalonikiairport.com\/wp-content\/uploads\/2022\/06\/profil.webp 1920w, https:\/\/www.rentacarthessalonikiairport.com\/wp-content\/uploads\/2022\/06\/profil-300x78.webp 300w, https:\/\/www.rentacarthessalonikiairport.com\/wp-content\/uploads\/2022\/06\/profil-1030x268.webp 1030w, https:\/\/www.rentacarthessalonikiairport.com\/wp-content\/uploads\/2022\/06\/profil-768x200.webp 768w, https:\/\/www.rentacarthessalonikiairport.com\/wp-content\/uploads\/2022\/06\/profil-1536x400.webp 1536w, https:\/\/www.rentacarthessalonikiairport.com\/wp-content\/uploads\/2022\/06\/profil-1500x391.webp 1500w, https:\/\/www.rentacarthessalonikiairport.com\/wp-content\/uploads\/2022\/06\/profil-705x184.webp 705w\" sizes=\"(max-width: 1920px) 100vw, 1920px\" \/><\/div><\/li><\/ul><\/div><\/div><div id='after_full_slider_1'  class='main_color av_default_container_wrap container_wrap fullsize'  ><div class='container av-section-cont-open' ><div class='template-page content  av-content-full alpha units'><div class='post-entry post-entry-type-page post-entry-625'><div class='entry-content-wrapper clearfix'>\n<div  class='flex_column av-20tr5-ea98b4f0e33c98de0f1a466566680bbe av_one_half  avia-builder-el-1  el_after_av_slideshow_full  el_before_av_one_half  avia-builder-el-first  first flex_column_div  '     ><style type=\"text\/css\" data-created_by=\"avia_inline_auto\" id=\"style-css-av-av_image-ebfa83cde5c414214ff99ca3c49dbbba\">\n.avia-image-container.av-av_image-ebfa83cde5c414214ff99ca3c49dbbba img.avia_image{\nbox-shadow:none;\n}\n.avia-image-container.av-av_image-ebfa83cde5c414214ff99ca3c49dbbba .av-image-caption-overlay-center{\ncolor:#ffffff;\n}\n<\/style>\n<div  class='avia-image-container av-av_image-ebfa83cde5c414214ff99ca3c49dbbba av-styling- avia-align-center  avia-builder-el-2  avia-builder-el-no-sibling '   itemprop=\"image\" itemscope=\"itemscope\" itemtype=\"https:\/\/schema.org\/ImageObject\" ><div class=\"avia-image-container-inner\"><div class=\"avia-image-overlay-wrap\"><img decoding=\"async\" fetchpriority=\"high\" class='wp-image-3286 avia-img-lazy-loading-not-3286 avia_image ' src=\"https:\/\/www.rentacarthessalonikiairport.com\/wp-content\/uploads\/2024\/11\/\u03ba\u03b2\u03c9.jpg\" alt='\u03c0\u03c1\u03bf\u03c6\u03b9\u03bb rentacarthessalonikiairport' title='\u03ba\u03b2\u03c9'  height=\"650\" width=\"700\"  itemprop=\"thumbnailUrl\" srcset=\"https:\/\/www.rentacarthessalonikiairport.com\/wp-content\/uploads\/2024\/11\/\u03ba\u03b2\u03c9.jpg 700w, https:\/\/www.rentacarthessalonikiairport.com\/wp-content\/uploads\/2024\/11\/\u03ba\u03b2\u03c9-300x279.jpg 300w\" sizes=\"(max-width: 700px) 100vw, 700px\" \/><\/div><\/div><\/div><\/div>\n<div  class='flex_column av-av_one_half-e38f08a368d22f46ed35f78008f927bf av_one_half  avia-builder-el-3  el_after_av_one_half  el_before_av_one_half  flex_column_div  '     ><section  class='av_textblock_section av-m31sbk6w-ad4820a4c834d87c63fcf789afb842eb '   itemscope=\"itemscope\" itemtype=\"https:\/\/schema.org\/CreativeWork\" ><div class='avia_textblock'  itemprop=\"text\" ><h2 style=\"text-align: center;\"><span style=\"color: #0000ff;\">Location de voiture A\u00e9roport de Thessalonique \u2013 Location de voiture \u00e0 Thessalonique<\/span><\/h2>\n\n<style type=\"text\/css\" data-created_by=\"avia_inline_auto\" id=\"style-css-av-av_hr-94f4f5af12c1d4e5766e3561812b54a0\">\n#top .hr.av-av_hr-94f4f5af12c1d4e5766e3561812b54a0{\nmargin-top:20px;\nmargin-bottom:20px;\n}\n.hr.av-av_hr-94f4f5af12c1d4e5766e3561812b54a0 .hr-inner{\nwidth:250px;\n}\n<\/style>\n<div  class='hr av-av_hr-94f4f5af12c1d4e5766e3561812b54a0 hr-custom  avia-builder-el-5  avia-builder-el-no-sibling  hr-center hr-icon-no'><span class='hr-inner inner-border-av-border-fat'><span class=\"hr-inner-style\"><\/span><\/span><\/div>\n<h2 style=\"text-align: center;\"><span style=\"color: #0000ff;\"><strong>Quelques mots sur notre profil:<\/strong><\/span><\/h2>\n<p style=\"text-align: center;\">La Rent a Car Thessaloniki Airport dispose d&rsquo;un profil de services complet qui r\u00e9pond aux besoins des voyageurs et des visiteurs de Thessalonique. Notre entreprise est sp\u00e9cialis\u00e9e dans la location de voitures, offrant un service de haute qualit\u00e9 dans le but de cr\u00e9er une exp\u00e9rience agr\u00e9able et fluide pour nos clients. Notre profil se caract\u00e9rise par la fiabilit\u00e9, la s\u00e9curit\u00e9 et la r\u00e9activit\u00e9, avec une base \u00e0 l&rsquo;a\u00e9roport de Mac\u00e9doine, facilitant l&rsquo;acc\u00e8s tant aux touristes qu&rsquo;aux voyageurs d&rsquo;affaires.<\/p>\n<p style=\"text-align: center;\">Le profil de Rent a Car Thessaloniki Airport comprend une large flotte de v\u00e9hicules, couvrant tous les besoins et pr\u00e9f\u00e9rences. Notre s\u00e9lection va des petites voitures \u00e9conomiques pour la ville aux mod\u00e8les de luxe et familiaux, SUV et vans pour les d\u00e9placements en groupe, cr\u00e9ant un profil de v\u00e9hicules capable de satisfaire tout type de voyageur. Chaque v\u00e9hicule est contr\u00f4l\u00e9 et entretenu r\u00e9guli\u00e8rement, garantissant s\u00e9curit\u00e9 et fiabilit\u00e9. De plus, toutes nos voitures b\u00e9n\u00e9ficient d&rsquo;une couverture d&rsquo;assurance compl\u00e8te, un point qui renforce encore davantage notre profil en tant qu&rsquo;entreprise d\u00e9di\u00e9e \u00e0 la s\u00e9curit\u00e9 de nos clients.<\/p>\n<p style=\"text-align: center;\">De plus, notre profil se distingue par l&rsquo;excellente qualit\u00e9 de service que nous offrons, visant \u00e0 faciliter la vie de nos clients \u00e0 chaque \u00e9tape du processus. Notre personnel est parfaitement form\u00e9 et toujours pr\u00eat \u00e0 r\u00e9pondre \u00e0 toutes vos questions, \u00e0 fournir des conseils pour les d\u00e9placements et \u00e0 vous aider \u00e0 choisir le v\u00e9hicule qui vous convient. En nous concentrant sur le service personnalis\u00e9, notre profil est d\u00e9di\u00e9 \u00e0 cr\u00e9er une exp\u00e9rience confortable pour chaque client.<\/p>\n<p style=\"text-align: center;\">Un \u00e9l\u00e9ment important du profil de Rent a Car Thessaloniki Airport est la flexibilit\u00e9 dans la remise et la collecte des v\u00e9hicules. Nous offrons \u00e0 nos clients la possibilit\u00e9 de r\u00e9cup\u00e9rer le v\u00e9hicule directement \u00e0 l&rsquo;a\u00e9roport ou \u00e0 un autre endroit de Thessalonique, en nous adaptant \u00e0 leurs besoins. Cette flexibilit\u00e9 renforce notre profil en tant qu&rsquo;entreprise qui s&rsquo;adapte au client et facilite ses d\u00e9placements sans tracas suppl\u00e9mentaires.<\/p>\n<\/div><\/section><\/div>\n<div  class='flex_column av-av_one_half-a961ec8c42a44a397321d1a2224da3ca av_one_half  avia-builder-el-6  el_after_av_one_half  el_before_av_one_half  first flex_column_div  column-top-margin'     ><section  class='av_textblock_section av-m31srdo1-7d6bfd03ced61579543ef8a9402b57a1 '   itemscope=\"itemscope\" itemtype=\"https:\/\/schema.org\/CreativeWork\" ><div class='avia_textblock'  itemprop=\"text\" ><h2 style=\"text-align: center;\"><span style=\"color: #0000ff;\"><strong>Pourquoi nous choisir ?<\/strong><\/span><\/h2>\n\n<style type=\"text\/css\" data-created_by=\"avia_inline_auto\" id=\"style-css-av-av_hr-94f4f5af12c1d4e5766e3561812b54a0\">\n#top .hr.av-av_hr-94f4f5af12c1d4e5766e3561812b54a0{\nmargin-top:20px;\nmargin-bottom:20px;\n}\n.hr.av-av_hr-94f4f5af12c1d4e5766e3561812b54a0 .hr-inner{\nwidth:250px;\n}\n<\/style>\n<div  class='hr av-av_hr-94f4f5af12c1d4e5766e3561812b54a0 hr-custom  avia-builder-el-8  avia-builder-el-no-sibling  hr-center hr-icon-no'><span class='hr-inner inner-border-av-border-fat'><span class=\"hr-inner-style\"><\/span><\/span><\/div>\n<p style=\"text-align: center;\">Le profil de Rent a Car Thessaloniki Airport refl\u00e8te une entreprise qui donne la priorit\u00e9 aux besoins de ses clients, alliant des services de location de voitures de haute qualit\u00e9 \u00e0 des prix comp\u00e9titifs et \u00e0 des proc\u00e9dures simples. Que vous planifiez une courte visite ou un s\u00e9jour prolong\u00e9 \u00e0 Thessalonique, notre entreprise est pr\u00eate \u00e0 r\u00e9pondre \u00e0 vos besoins avec professionnalisme, fiabilit\u00e9 et souci du d\u00e9tail.<\/p>\n<p style=\"text-align: center;\">Nous maintenons \u00e9galement des tarifs comp\u00e9titifs, offrant des frais clairs et sans co\u00fbts cach\u00e9s. Notre engagement \u00e0 la transparence installe la confiance avec nos clients, tout en proposant divers forfaits et promotions qui rendent la location encore plus abordable. Savoir exactement ce que vous payez et quels services vous recevrez fait partie int\u00e9grante de notre philosophie.<\/p>\n<p style=\"text-align: center;\">En tant qu&rsquo;entreprise bas\u00e9e \u00e0 Thessalonique, nous connaissons bien la r\u00e9gion et pouvons vous fournir des informations utiles sur les attractions, les itin\u00e9raires et les points d&rsquo;int\u00e9r\u00eat. Nous sommes fiers de soutenir la communaut\u00e9 locale et de partager notre amour pour le nord de la Gr\u00e8ce avec nos clients.<\/p>\n<p style=\"text-align: center;\">Si vous souhaitez en savoir plus sur notre profil, n&rsquo;h\u00e9sitez pas \u00e0 nous contacter. Rent a Car Thessaloniki Airport est l\u00e0 pour vous offrir la meilleure exp\u00e9rience de location de voiture \u00e0 Thessalonique, avec un profil caract\u00e9ris\u00e9 par la fiabilit\u00e9, la qualit\u00e9 et un engagement envers le service \u00e0 la client\u00e8le.<\/p>\n<\/div><\/section><\/div>\n<div  class='flex_column av-av_one_half-e38f08a368d22f46ed35f78008f927bf av_one_half  avia-builder-el-9  el_after_av_one_half  el_before_av_one_full  flex_column_div  column-top-margin'     ><style type=\"text\/css\" data-created_by=\"avia_inline_auto\" id=\"style-css-av-av_image-416361d757c8fbd710ff23c029e192d1\">\n.avia-image-container.av-av_image-416361d757c8fbd710ff23c029e192d1 img.avia_image{\nbox-shadow:none;\n}\n.avia-image-container.av-av_image-416361d757c8fbd710ff23c029e192d1 .av-image-caption-overlay-center{\ncolor:#ffffff;\n}\n<\/style>\n<div  class='avia-image-container av-av_image-416361d757c8fbd710ff23c029e192d1 av-styling- avia-align-left  avia-builder-el-10  avia-builder-el-no-sibling '   itemprop=\"image\" itemscope=\"itemscope\" itemtype=\"https:\/\/schema.org\/ImageObject\" ><div class=\"avia-image-container-inner\"><div class=\"avia-image-overlay-wrap\"><img decoding=\"async\" fetchpriority=\"high\" class='wp-image-3293 avia-img-lazy-loading-not-3293 avia_image ' src=\"https:\/\/www.rentacarthessalonikiairport.com\/wp-content\/uploads\/2024\/11\/\u03c0\u03c1\u03bf\u03c6\u03b9\u03bb.jpg\" alt='\u03c0\u03c1\u03bf\u03c6\u03b9\u03bb' title='\u03c0\u03c1\u03bf\u03c6\u03b9\u03bb'  height=\"650\" width=\"700\"  itemprop=\"thumbnailUrl\" srcset=\"https:\/\/www.rentacarthessalonikiairport.com\/wp-content\/uploads\/2024\/11\/\u03c0\u03c1\u03bf\u03c6\u03b9\u03bb.jpg 700w, https:\/\/www.rentacarthessalonikiairport.com\/wp-content\/uploads\/2024\/11\/\u03c0\u03c1\u03bf\u03c6\u03b9\u03bb-300x279.jpg 300w\" sizes=\"(max-width: 700px) 100vw, 700px\" \/><\/div><\/div><\/div><\/div>\n\n<style type=\"text\/css\" data-created_by=\"avia_inline_auto\" id=\"style-css-av-av_one_full-207df06477e8538db8a626b49e593096\">\n.flex_column.av-av_one_full-207df06477e8538db8a626b49e593096{\nborder-width:8px;\nborder-color:#0a85ff;\nborder-style:solid;\nborder-radius:10px 10px 10px 10px;\n}\n<\/style>\n<div  class='flex_column av-av_one_full-207df06477e8538db8a626b49e593096 av_one_full  avia-builder-el-11  el_after_av_one_half  el_before_av_one_fourth  first flex_column_div  column-top-margin'     ><style type=\"text\/css\" data-created_by=\"avia_inline_auto\" id=\"style-css-av-m3lk86kt-4c83bff2d7a2817b7bab2ad295d5eb05\">\n#top .av_textblock_section.av-m3lk86kt-4c83bff2d7a2817b7bab2ad295d5eb05 .avia_textblock{\ncolor:#0a85ff;\n}\n<\/style>\n<section  class='av_textblock_section av-m3lk86kt-4c83bff2d7a2817b7bab2ad295d5eb05 '   itemscope=\"itemscope\" itemtype=\"https:\/\/schema.org\/CreativeWork\" ><div class='avia_textblock av_inherit_color'  itemprop=\"text\" ><h3 style=\"text-align: center;\"><span style=\"color: #0a85ff;\"><strong>R\u00e9sum\u00e9 du profil de l&rsquo;entreprise de location de voitures \u00e0 l&rsquo;A\u00e9roport de Thessalonique Mac\u00e9doine SKG.<\/strong><\/span><\/h3>\n<\/div><\/section><\/div>\n<style type=\"text\/css\" data-created_by=\"avia_inline_auto\" id=\"style-css-av-av_one_fourth-4ea08c3346e40cc10fcb4f8d1d3e7681\">\n.flex_column.av-av_one_fourth-4ea08c3346e40cc10fcb4f8d1d3e7681{\nborder-radius:10px 10px 10px 10px;\npadding:40px 0 20px 0;\nbackground-color:rgba(10,133,255,0.83);\n}\n<\/style>\n<div  class='flex_column av-av_one_fourth-4ea08c3346e40cc10fcb4f8d1d3e7681 av_one_fourth  avia-builder-el-13  el_after_av_one_full  el_before_av_one_fourth  first flex_column_div  column-top-margin'     ><section  class='av_textblock_section av-m3lk8wbq-8ba1a0a4173ab725f077101b258fb00a '   itemscope=\"itemscope\" itemtype=\"https:\/\/schema.org\/CreativeWork\" ><div class='avia_textblock'  itemprop=\"text\" ><h2 style=\"text-align: center;\"><strong><span style=\"color: #ffffff;\">65.320+<\/span><\/strong><\/h2>\n<h3 style=\"text-align: center;\"><strong><span style=\"color: #ffffff;\">CLIENTS SATISFAITS<\/span><\/strong><\/h3>\n<\/div><\/section><\/div>\n<style type=\"text\/css\" data-created_by=\"avia_inline_auto\" id=\"style-css-av-av_one_fourth-6351c9af3713d5204333540aaafe5598\">\n.flex_column.av-av_one_fourth-6351c9af3713d5204333540aaafe5598{\nborder-radius:10px 10px 10px 10px;\npadding:40px 0 20px 0;\nbackground-color:rgba(10,133,255,0.83);\n}\n<\/style>\n<div  class='flex_column av-av_one_fourth-6351c9af3713d5204333540aaafe5598 av_one_fourth  avia-builder-el-15  el_after_av_one_fourth  el_before_av_one_fourth  flex_column_div  column-top-margin'     ><section  class='av_textblock_section av-m3lk9772-9ab1ded6b544ad608e224ab2dee91107 '   itemscope=\"itemscope\" itemtype=\"https:\/\/schema.org\/CreativeWork\" ><div class='avia_textblock'  itemprop=\"text\" ><h2 style=\"text-align: center;\"><strong><span style=\"color: #ffffff;\">280+<\/span><\/strong><\/h2>\n<h3 style=\"text-align: center;\"><strong><span style=\"color: #ffffff;\">VOITURES S\u00dbRES<\/span><\/strong><\/h3>\n<\/div><\/section><\/div>\n<style type=\"text\/css\" data-created_by=\"avia_inline_auto\" id=\"style-css-av-av_one_fourth-6351c9af3713d5204333540aaafe5598\">\n.flex_column.av-av_one_fourth-6351c9af3713d5204333540aaafe5598{\nborder-radius:10px 10px 10px 10px;\npadding:40px 0 20px 0;\nbackground-color:rgba(10,133,255,0.83);\n}\n<\/style>\n<div  class='flex_column av-av_one_fourth-6351c9af3713d5204333540aaafe5598 av_one_fourth  avia-builder-el-17  el_after_av_one_fourth  el_before_av_one_fourth  flex_column_div  column-top-margin'     ><section  class='av_textblock_section av-m3lk9nu0-728ef6ade85b97ab8fb924fa00f3639f '   itemscope=\"itemscope\" itemtype=\"https:\/\/schema.org\/CreativeWork\" ><div class='avia_textblock'  itemprop=\"text\" ><h2 style=\"text-align: center;\"><strong><span style=\"color: #ffffff;\">5.780+<\/span><\/strong><\/h2>\n<h3 style=\"text-align: center;\"><strong><span style=\"color: #ffffff;\">JOURS D&rsquo;EXP\u00c9RIENCE<\/span><\/strong><\/h3>\n<\/div><\/section><\/div>\n<style type=\"text\/css\" data-created_by=\"avia_inline_auto\" id=\"style-css-av-av_one_fourth-6351c9af3713d5204333540aaafe5598\">\n.flex_column.av-av_one_fourth-6351c9af3713d5204333540aaafe5598{\nborder-radius:10px 10px 10px 10px;\npadding:40px 0 20px 0;\nbackground-color:rgba(10,133,255,0.83);\n}\n<\/style>\n<div  class='flex_column av-av_one_fourth-6351c9af3713d5204333540aaafe5598 av_one_fourth  avia-builder-el-19  el_after_av_one_fourth  avia-builder-el-last  flex_column_div  column-top-margin'     ><section  class='av_textblock_section av-m3lka149-eda81f2451d9f0318ab0044dc49addb5 '   itemscope=\"itemscope\" itemtype=\"https:\/\/schema.org\/CreativeWork\" ><div class='avia_textblock'  itemprop=\"text\" ><h2 style=\"text-align: center;\"><strong><span style=\"color: #ffffff;\">9.9<\/span><\/strong><\/h2>\n<h3 style=\"text-align: center;\"><strong><span style=\"color: #ffffff;\">SERVICE CLIENTS<\/span><\/strong><\/h3>\n<\/div><\/section><\/div><\/p>\n","protected":false},"excerpt":{"rendered":"","protected":false},"author":6,"featured_media":0,"parent":0,"menu_order":0,"comment_status":"closed","ping_status":"closed","template":"","meta":{"footnotes":""},"class_list":["post-625","page","type-page","status-publish","hentry"],"_links":{"self":[{"href":"https:\/\/www.rentacarthessalonikiairport.com\/fr\/wp-json\/wp\/v2\/pages\/625","targetHints":{"allow":["GET"]}}],"collection":[{"href":"https:\/\/www.rentacarthessalonikiairport.com\/fr\/wp-json\/wp\/v2\/pages"}],"about":[{"href":"https:\/\/www.rentacarthessalonikiairport.com\/fr\/wp-json\/wp\/v2\/types\/page"}],"author":[{"embeddable":true,"href":"https:\/\/www.rentacarthessalonikiairport.com\/fr\/wp-json\/wp\/v2\/users\/6"}],"replies":[{"embeddable":true,"href":"https:\/\/www.rentacarthessalonikiairport.com\/fr\/wp-json\/wp\/v2\/comments?post=625"}],"version-history":[{"count":11,"href":"https:\/\/www.rentacarthessalonikiairport.com\/fr\/wp-json\/wp\/v2\/pages\/625\/revisions"}],"predecessor-version":[{"id":3471,"href":"https:\/\/www.rentacarthessalonikiairport.com\/fr\/wp-json\/wp\/v2\/pages\/625\/revisions\/3471"}],"wp:attachment":[{"href":"https:\/\/www.rentacarthessalonikiairport.com\/fr\/wp-json\/wp\/v2\/media?parent=625"}],"curies":[{"name":"wp","href":"https:\/\/api.w.org\/{rel}","templated":true}]}}