{"id":3817,"date":"2025-02-08T16:58:29","date_gmt":"2025-02-08T14:58:29","guid":{"rendered":"https:\/\/www.rentacarthessalonikiairport.com\/?page_id=3817"},"modified":"2025-05-04T13:18:19","modified_gmt":"2025-05-04T10:18:19","slug":"monospace-9-places","status":"publish","type":"page","link":"https:\/\/www.rentacarthessalonikiairport.com\/fr\/monospace-9-places\/","title":{"rendered":"Monospace 9 places"},"content":{"rendered":"<section  class='av_textblock_section av-m6xg8ix9-7391622c9cb791fbcf0c149a6416466c '   itemscope=\"itemscope\" itemtype=\"https:\/\/schema.org\/CreativeWork\" ><div class='avia_textblock'  itemprop=\"text\" ><h1 style=\"text-align: center;\">Location d&rsquo;un minivan 9 places \u00e0 l&rsquo;a\u00e9roport de Thessalonique Mac\u00e9doine SKG<\/h1>\n<\/div><\/section>\n\n<style type=\"text\/css\" data-created_by=\"avia_inline_auto\" id=\"style-css-av-m6xjjbpe-5e5dd7987b5a0fe00467b5d26beefbae\">\n.avia-image-container.av-m6xjjbpe-5e5dd7987b5a0fe00467b5d26beefbae img.avia_image{\nbox-shadow:none;\n}\n.avia-image-container.av-m6xjjbpe-5e5dd7987b5a0fe00467b5d26beefbae .av-image-caption-overlay-center{\ncolor:#ffffff;\n}\n<\/style>\n<div  class='avia-image-container av-m6xjjbpe-5e5dd7987b5a0fe00467b5d26beefbae av-styling- av-img-linked avia-align-center  avia-builder-el-1  el_after_av_textblock  el_before_av_one_full '   itemprop=\"image\" itemscope=\"itemscope\" itemtype=\"https:\/\/schema.org\/ImageObject\" ><div class=\"avia-image-container-inner\"><div class=\"avia-image-overlay-wrap\"><a href=\"https:\/\/www.rentacarthessalonikiairport.com\/fr\/flotte\/?mid=130&amp;ch=c91dde7eca12e27a6b789fb4daea0186\" class='avia_image '  target=\"_blank\"  rel=\"noopener noreferrer\" aria-label='gwgwr'><img decoding=\"async\" fetchpriority=\"high\" class='wp-image-3770 avia-img-lazy-loading-not-3770 avia_image ' src=\"https:\/\/www.rentacarthessalonikiairport.com\/wp-content\/uploads\/2025\/02\/gwgwr.jpg\" alt='' title='gwgwr'  height=\"600\" width=\"1200\"  itemprop=\"thumbnailUrl\" srcset=\"https:\/\/www.rentacarthessalonikiairport.com\/wp-content\/uploads\/2025\/02\/gwgwr.jpg 1200w, https:\/\/www.rentacarthessalonikiairport.com\/wp-content\/uploads\/2025\/02\/gwgwr-300x150.jpg 300w, https:\/\/www.rentacarthessalonikiairport.com\/wp-content\/uploads\/2025\/02\/gwgwr-1030x515.jpg 1030w, https:\/\/www.rentacarthessalonikiairport.com\/wp-content\/uploads\/2025\/02\/gwgwr-768x384.jpg 768w, https:\/\/www.rentacarthessalonikiairport.com\/wp-content\/uploads\/2025\/02\/gwgwr-705x353.jpg 705w\" sizes=\"(max-width: 1200px) 100vw, 1200px\" \/><\/a><\/div><\/div><\/div>\n<div  class='flex_column av-av_one_full-a961ec8c42a44a397321d1a2224da3ca av_one_full  avia-builder-el-2  el_after_av_image  el_before_av_image  first flex_column_div  '     ><style type=\"text\/css\" data-created_by=\"avia_inline_auto\" id=\"style-css-av-m6xg95qc-14e92e0f216a061dba9611a9fc0a979a\">\n#top .av_textblock_section.av-m6xg95qc-14e92e0f216a061dba9611a9fc0a979a .avia_textblock{\nfont-size:20px;\n}\n<\/style>\n<section  class='av_textblock_section av-m6xg95qc-14e92e0f216a061dba9611a9fc0a979a '   itemscope=\"itemscope\" itemtype=\"https:\/\/schema.org\/CreativeWork\" ><div class='avia_textblock'  itemprop=\"text\" ><p>Dans la soci\u00e9t\u00e9 de location de voitures <strong>rentacarthessalonikiairport<\/strong>, pr\u00e8s de l&rsquo;a\u00e9roport de Thessalonique Mac\u00e9doine SKG, nous proposons les meilleures options de location de voitures de tous types, dans le but de r\u00e9pondre \u00e0 tous les besoins de nos clients. Si vous recherchez une solution confortable et \u00e9conomique pour transporter un grand groupe ou une famille, le minivan 9 places est le choix id\u00e9al pour vous. Avec le minivan 9 places de <strong>rentacarthessalonikiairport<\/strong>, vous b\u00e9n\u00e9ficierez d&rsquo;un confort, d&rsquo;une s\u00e9curit\u00e9 et d&rsquo;une libert\u00e9 de mouvement maximaux, le rendant parfait pour les longs trajets, les excursions ou m\u00eame vos d\u00e9placements quotidiens avec un grand groupe.<\/p>\n<h2 style=\"text-align: center;\">Location de minivan 9 places \u00e0 l&rsquo;a\u00e9roport de Thessalonique Mac\u00e9doine SKG<\/h2>\n<p>La location d&rsquo;un minivan 9 places chez <strong>rentacarthessalonikiairport<\/strong> est un excellent choix pour ceux qui voyagent en grand groupe ou en famille. La possibilit\u00e9 de transporter jusqu&rsquo;\u00e0 9 personnes confortablement garantit que personne ne sera laiss\u00e9 derri\u00e8re, tandis que l&rsquo;espace int\u00e9rieur permet de voyager avec tout le confort n\u00e9cessaire. D\u00e8s que vous effectuerez votre r\u00e9servation, vous verrez \u00e0 quel point le processus est simple et rapide, car notre entreprise fournit un service imm\u00e9diat et sans tracas.<\/p>\n<p>Le processus de location est simple et rapide, car notre bureau est situ\u00e9 \u00e0 tr\u00e8s proximit\u00e9 de l&rsquo;a\u00e9roport de Thessalonique, ce qui rend la collecte et la restitution du v\u00e9hicule extr\u00eamement pratiques pour nos clients. Vous pouvez r\u00e9cup\u00e9rer le minivan directement \u00e0 l&rsquo;a\u00e9roport sans avoir \u00e0 faire de longs trajets ni perdre de temps en d\u00e9placements.<\/p>\n<\/div><\/section><\/div>\n\n<style type=\"text\/css\" data-created_by=\"avia_inline_auto\" id=\"style-css-av-av_image-934d213cf56704120246e2844874f2df\">\n.avia-image-container.av-av_image-934d213cf56704120246e2844874f2df img.avia_image{\nbox-shadow:none;\n}\n.avia-image-container.av-av_image-934d213cf56704120246e2844874f2df .av-image-caption-overlay-center{\ncolor:#ffffff;\n}\n<\/style>\n<div  class='avia-image-container av-av_image-934d213cf56704120246e2844874f2df av-styling- avia-align-center  avia-builder-el-4  el_after_av_one_full  el_before_av_one_full '   itemprop=\"image\" itemscope=\"itemscope\" itemtype=\"https:\/\/schema.org\/ImageObject\" ><div class=\"avia-image-container-inner\"><div class=\"avia-image-overlay-wrap\"><img decoding=\"async\" fetchpriority=\"high\" class='wp-image-3701 avia-img-lazy-loading-not-3701 avia_image ' src=\"https:\/\/www.rentacarthessalonikiairport.com\/wp-content\/uploads\/2025\/02\/Peugeot0-2.jpg\" alt='' title='Peugeot0-2'  height=\"600\" width=\"1200\"  itemprop=\"thumbnailUrl\" srcset=\"https:\/\/www.rentacarthessalonikiairport.com\/wp-content\/uploads\/2025\/02\/Peugeot0-2.jpg 1200w, https:\/\/www.rentacarthessalonikiairport.com\/wp-content\/uploads\/2025\/02\/Peugeot0-2-300x150.jpg 300w, https:\/\/www.rentacarthessalonikiairport.com\/wp-content\/uploads\/2025\/02\/Peugeot0-2-1030x515.jpg 1030w, https:\/\/www.rentacarthessalonikiairport.com\/wp-content\/uploads\/2025\/02\/Peugeot0-2-768x384.jpg 768w, https:\/\/www.rentacarthessalonikiairport.com\/wp-content\/uploads\/2025\/02\/Peugeot0-2-705x353.jpg 705w\" sizes=\"(max-width: 1200px) 100vw, 1200px\" \/><\/div><\/div><\/div>\n<div  class='flex_column av-av_one_full-a961ec8c42a44a397321d1a2224da3ca av_one_full  avia-builder-el-5  el_after_av_image  el_before_av_image  first flex_column_div  '     ><style type=\"text\/css\" data-created_by=\"avia_inline_auto\" id=\"style-css-av-m6xg9tfb-58ef3462d2b51e9980ff2c04531041e2\">\n#top .av_textblock_section.av-m6xg9tfb-58ef3462d2b51e9980ff2c04531041e2 .avia_textblock{\nfont-size:18px;\n}\n<\/style>\n<section  class='av_textblock_section av-m6xg9tfb-58ef3462d2b51e9980ff2c04531041e2 '   itemscope=\"itemscope\" itemtype=\"https:\/\/schema.org\/CreativeWork\" ><div class='avia_textblock'  itemprop=\"text\" ><h3 style=\"text-align: center;\">Avantages du minivan 9 places<\/h3>\n<p>Le minivan 9 places que nous proposons chez <strong>rentacarthessalonikiairport<\/strong> offre de nombreux avantages qui le rendent id\u00e9al pour les voyages longue distance, les excursions ou m\u00eame les voyages professionnels. Avec des si\u00e8ges confortables et un espace suffisant pour vos bagages, ce v\u00e9hicule allie convivialit\u00e9, s\u00e9curit\u00e9 et fiabilit\u00e9.<\/p>\n<p>La capacit\u00e9 de transporter 9 personnes fait du minivan 9 places le choix parfait pour les voyages en famille ou entre amis, sans avoir \u00e0 vous soucier de savoir qui sera laiss\u00e9 de c\u00f4t\u00e9 ou s&rsquo;il y aura suffisamment d&rsquo;espace pour vos bagages. Les si\u00e8ges sont spacieux et confortables, tandis que l&rsquo;espace int\u00e9rieur permet aux passagers de profiter de leur voyage en toute commodit\u00e9.<\/p>\n<p>De plus, les minivans que nous mettons \u00e0 votre disposition sont \u00e9quip\u00e9s de caract\u00e9ristiques de s\u00e9curit\u00e9 dernier cri. Avec des syst\u00e8mes de soutien tels que l&rsquo;ABS, l&rsquo;ESP et d&rsquo;autres technologies de s\u00e9curit\u00e9, vous pouvez voyager en toute confiance et s\u00e9curit\u00e9 tout au long de votre trajet.<\/p>\n<h3 style=\"text-align: center;\">Services sp\u00e9ciaux<\/h3>\n<p><strong>rentacarthessalonikiairport<\/strong> veille \u00e0 offrir confort et r\u00e9pondre aux besoins de ses clients, c&rsquo;est pourquoi nous proposons des services sp\u00e9ciaux qui facilitent encore davantage le processus de location. En particulier, pour les familles avec enfants, nous fournissons des si\u00e8ges auto pour plus de s\u00e9curit\u00e9. De plus, nous proposons des options pour l&rsquo;utilisation du Wi-Fi et du Bluetooth, afin que vous puissiez rester connect\u00e9 tout au long de votre voyage.<\/p>\n<p>Avec un service disponible 24h\/24, notre \u00e9quipe est toujours pr\u00eate \u00e0 vous aider avec toutes les questions ou besoins qui pourraient surgir pendant votre voyage. Que ce soit pour une modification de r\u00e9servation ou pour tout probl\u00e8me rencontr\u00e9 avec le v\u00e9hicule, notre \u00e9quipe est l\u00e0 pour vous assister rapidement et efficacement.<\/p>\n<\/div><\/section><\/div>\n\n<style type=\"text\/css\" data-created_by=\"avia_inline_auto\" id=\"style-css-av-m6xjjsjz-85845668cdf0bab474c9e2e9381fb6ae\">\n.avia-image-container.av-m6xjjsjz-85845668cdf0bab474c9e2e9381fb6ae img.avia_image{\nbox-shadow:none;\n}\n.avia-image-container.av-m6xjjsjz-85845668cdf0bab474c9e2e9381fb6ae .av-image-caption-overlay-center{\ncolor:#ffffff;\n}\n<\/style>\n<div  class='avia-image-container av-m6xjjsjz-85845668cdf0bab474c9e2e9381fb6ae av-styling- av-img-linked avia-align-center  avia-builder-el-7  el_after_av_one_full  el_before_av_one_full '   itemprop=\"image\" itemscope=\"itemscope\" itemtype=\"https:\/\/schema.org\/ImageObject\" ><div class=\"avia-image-container-inner\"><div class=\"avia-image-overlay-wrap\"><a href=\"https:\/\/www.rentacarthessalonikiairport.com\/fr\/flotte\/?mid=14&amp;ch=c91dde7eca12e27a6b789fb4daea0186\" class='avia_image '  target=\"_blank\"  rel=\"noopener noreferrer\" aria-label='barar'><img decoding=\"async\" fetchpriority=\"high\" class='wp-image-3775 avia-img-lazy-loading-not-3775 avia_image ' src=\"https:\/\/www.rentacarthessalonikiairport.com\/wp-content\/uploads\/2025\/02\/barar.jpg\" alt='\u03a6\u03b8\u03b7\u03bd\u03ae \u03b5\u03bd\u03bf\u03b9\u03ba\u03af\u03b1\u03c3\u03b7 7\u03b8\u03ad\u03c3\u03b9\u03bf\u03c5' title='barar'  height=\"600\" width=\"1200\"  itemprop=\"thumbnailUrl\" srcset=\"https:\/\/www.rentacarthessalonikiairport.com\/wp-content\/uploads\/2025\/02\/barar.jpg 1200w, https:\/\/www.rentacarthessalonikiairport.com\/wp-content\/uploads\/2025\/02\/barar-300x150.jpg 300w, https:\/\/www.rentacarthessalonikiairport.com\/wp-content\/uploads\/2025\/02\/barar-1030x515.jpg 1030w, https:\/\/www.rentacarthessalonikiairport.com\/wp-content\/uploads\/2025\/02\/barar-768x384.jpg 768w, https:\/\/www.rentacarthessalonikiairport.com\/wp-content\/uploads\/2025\/02\/barar-705x353.jpg 705w\" sizes=\"(max-width: 1200px) 100vw, 1200px\" \/><\/a><\/div><\/div><\/div>\n<div  class='flex_column av-av_one_full-a961ec8c42a44a397321d1a2224da3ca av_one_full  avia-builder-el-8  el_after_av_image  el_before_av_image  first flex_column_div  '     ><style type=\"text\/css\" data-created_by=\"avia_inline_auto\" id=\"style-css-av-m6xga8nt-0b80f63e72008258e3f85d2ed62d287e\">\n#top .av_textblock_section.av-m6xga8nt-0b80f63e72008258e3f85d2ed62d287e .avia_textblock{\nfont-size:20px;\n}\n<\/style>\n<section  class='av_textblock_section av-m6xga8nt-0b80f63e72008258e3f85d2ed62d287e '   itemscope=\"itemscope\" itemtype=\"https:\/\/schema.org\/CreativeWork\" ><div class='avia_textblock'  itemprop=\"text\" ><h3 style=\"text-align: center;\">Facilit\u00e9 et prise en charge rapide<\/h3>\n<p>La prise en charge du minivan 9 places chez <strong>rentacarthessalonikiairport<\/strong> est facile et rapide, sans aucune complication. Le processus est simple et n\u00e9cessite un temps d&rsquo;attente minimal, car notre emplacement est tr\u00e8s proche de l&rsquo;a\u00e9roport de Thessalonique (SKG). D\u00e8s votre arriv\u00e9e \u00e0 l&rsquo;a\u00e9roport, vous pouvez r\u00e9cup\u00e9rer votre v\u00e9hicule imm\u00e9diatement et commencer votre voyage sans retard. Notre entreprise garantit une rapidit\u00e9 de service et une qualit\u00e9 d&rsquo;accueil \u00e9lev\u00e9e.<\/p>\n<h3 style=\"text-align: center;\">En conclusion<\/h3>\n<p>La location d&rsquo;un minivan 9 places chez <strong>rentacarthessalonikiairport<\/strong> est la solution id\u00e9ale pour les voyages avec de nombreux bagages ou pour les familles et les grands groupes qui souhaitent voyager confortablement et en toute s\u00e9curit\u00e9. Avec un service rapide, des technologies de pointe et un \u00e9quipement de qualit\u00e9, nous pouvons garantir que votre voyage sera agr\u00e9able et sans stress. Contactez-nous aujourd&rsquo;hui pour effectuer votre r\u00e9servation et profiter de votre voyage en toute confiance et confort.<\/p>\n<\/div><\/section><\/div>\n\n<style type=\"text\/css\" data-created_by=\"avia_inline_auto\" id=\"style-css-av-m6xjkb0s-e8400039e4cb71e3456c89d03b4421d7\">\n.avia-image-container.av-m6xjkb0s-e8400039e4cb71e3456c89d03b4421d7 img.avia_image{\nbox-shadow:none;\n}\n.avia-image-container.av-m6xjkb0s-e8400039e4cb71e3456c89d03b4421d7 .av-image-caption-overlay-center{\ncolor:#ffffff;\n}\n<\/style>\n<div  class='avia-image-container av-m6xjkb0s-e8400039e4cb71e3456c89d03b4421d7 av-styling- av-img-linked avia-align-center  avia-builder-el-10  el_after_av_one_full  el_before_av_one_full '   itemprop=\"image\" itemscope=\"itemscope\" itemtype=\"https:\/\/schema.org\/ImageObject\" ><div class=\"avia-image-container-inner\"><div class=\"avia-image-overlay-wrap\"><a href=\"https:\/\/www.rentacarthessalonikiairport.com\/fr\/flotte\/?mid=128&amp;ch=c91dde7eca12e27a6b789fb4daea0186\" class='avia_image '  target=\"_blank\"  rel=\"noopener noreferrer\" aria-label='\u03a6\u0399\u0391\u03a4\u0391\u0395\u039d\u03a4\u03a0-\u039d&#039;'><img decoding=\"async\" fetchpriority=\"high\" class='wp-image-3781 avia-img-lazy-loading-not-3781 avia_image ' src=\"https:\/\/www.rentacarthessalonikiairport.com\/wp-content\/uploads\/2025\/02\/\u03a6\u0399\u0391\u03a4\u0391\u0395\u039d\u03a4\u03a0-\u039d.jpg\" alt='' title='\u03a6\u0399\u0391\u03a4\u0391\u0395\u039d\u03a4\u03a0-\u039d&#039;'  height=\"600\" width=\"1200\"  itemprop=\"thumbnailUrl\" srcset=\"https:\/\/www.rentacarthessalonikiairport.com\/wp-content\/uploads\/2025\/02\/\u03a6\u0399\u0391\u03a4\u0391\u0395\u039d\u03a4\u03a0-\u039d.jpg 1200w, https:\/\/www.rentacarthessalonikiairport.com\/wp-content\/uploads\/2025\/02\/\u03a6\u0399\u0391\u03a4\u0391\u0395\u039d\u03a4\u03a0-\u039d-300x150.jpg 300w, https:\/\/www.rentacarthessalonikiairport.com\/wp-content\/uploads\/2025\/02\/\u03a6\u0399\u0391\u03a4\u0391\u0395\u039d\u03a4\u03a0-\u039d-1030x515.jpg 1030w, https:\/\/www.rentacarthessalonikiairport.com\/wp-content\/uploads\/2025\/02\/\u03a6\u0399\u0391\u03a4\u0391\u0395\u039d\u03a4\u03a0-\u039d-768x384.jpg 768w, https:\/\/www.rentacarthessalonikiairport.com\/wp-content\/uploads\/2025\/02\/\u03a6\u0399\u0391\u03a4\u0391\u0395\u039d\u03a4\u03a0-\u039d-705x353.jpg 705w\" sizes=\"(max-width: 1200px) 100vw, 1200px\" \/><\/a><\/div><\/div><\/div>\n<div  class='flex_column av-av_one_full-a961ec8c42a44a397321d1a2224da3ca av_one_full  avia-builder-el-11  el_after_av_image  el_before_av_one_full  first flex_column_div  '     ><section  class='av_textblock_section av-m6xj5ceg-ac8476aa04e16c3a40249d42d742fd34 '   itemscope=\"itemscope\" itemtype=\"https:\/\/schema.org\/CreativeWork\" ><div class='av-small-hide av-mini-hide avia_textblock'  itemprop=\"text\" ><p style=\"text-align: center; font-size: 25px;\"><a href=\"https:\/\/www.rentacarthessalonikiairport.com\/fr\/\"><span style=\"background-color: blue; color: white; border: 6px solid blue; font-size: 30px; border-radius: 10px;\">Demandez un devis au +30 2310 234 150!<\/span><\/a><\/p>\n<\/div><\/section><\/div>\n<div  class='flex_column av-av_one_full-a961ec8c42a44a397321d1a2224da3ca av_one_full  avia-builder-el-13  el_after_av_one_full  avia-builder-el-last  first flex_column_div  column-top-margin'     ><section  class='av_textblock_section av-m6xj67s2-c0520d1493490a31de5b732be04e25b7 '   itemscope=\"itemscope\" itemtype=\"https:\/\/schema.org\/CreativeWork\" ><div class='av-desktop-hide av-medium-hide avia_textblock'  itemprop=\"text\" ><p style=\"text-align: center; font-size: 25px;\"><a href=\"https:\/\/www.rentacarthessalonikiairport.com\/fr\/\"><span style=\"background-color: blue; color: white; border: 6px solid blue; font-size: 30px; border-radius: 10px; line-height: 50px;\">Demandez un devis au +30 2310 234 150!<\/span><\/a><\/p>\n<\/div><\/section><\/div>\n","protected":false},"excerpt":{"rendered":"","protected":false},"author":6,"featured_media":0,"parent":0,"menu_order":0,"comment_status":"closed","ping_status":"closed","template":"","meta":{"footnotes":""},"class_list":["post-3817","page","type-page","status-publish","hentry"],"_links":{"self":[{"href":"https:\/\/www.rentacarthessalonikiairport.com\/fr\/wp-json\/wp\/v2\/pages\/3817","targetHints":{"allow":["GET"]}}],"collection":[{"href":"https:\/\/www.rentacarthessalonikiairport.com\/fr\/wp-json\/wp\/v2\/pages"}],"about":[{"href":"https:\/\/www.rentacarthessalonikiairport.com\/fr\/wp-json\/wp\/v2\/types\/page"}],"author":[{"embeddable":true,"href":"https:\/\/www.rentacarthessalonikiairport.com\/fr\/wp-json\/wp\/v2\/users\/6"}],"replies":[{"embeddable":true,"href":"https:\/\/www.rentacarthessalonikiairport.com\/fr\/wp-json\/wp\/v2\/comments?post=3817"}],"version-history":[{"count":4,"href":"https:\/\/www.rentacarthessalonikiairport.com\/fr\/wp-json\/wp\/v2\/pages\/3817\/revisions"}],"predecessor-version":[{"id":4210,"href":"https:\/\/www.rentacarthessalonikiairport.com\/fr\/wp-json\/wp\/v2\/pages\/3817\/revisions\/4210"}],"wp:attachment":[{"href":"https:\/\/www.rentacarthessalonikiairport.com\/fr\/wp-json\/wp\/v2\/media?parent=3817"}],"curies":[{"name":"wp","href":"https:\/\/api.w.org\/{rel}","templated":true}]}}