{"id":3788,"date":"2025-02-08T16:59:58","date_gmt":"2025-02-08T14:59:58","guid":{"rendered":"https:\/\/www.rentacarthessalonikiairport.com\/?page_id=3788"},"modified":"2025-02-09T13:51:52","modified_gmt":"2025-02-09T11:51:52","slug":"voitures-automatiques","status":"publish","type":"page","link":"https:\/\/www.rentacarthessalonikiairport.com\/fr\/voitures-automatiques\/","title":{"rendered":"Voitures automatiques"},"content":{"rendered":"<section  class='av_textblock_section av-m6xerxer-70146246a0d02e0d7f4ca0bf7a2fa7b9 '   itemscope=\"itemscope\" itemtype=\"https:\/\/schema.org\/CreativeWork\" ><div class='avia_textblock'  itemprop=\"text\" ><h1 style=\"text-align: center;\">Location de voiture automatique \u00e0 l&rsquo;a\u00e9roport de Thessalonique Mac\u00e9doine SKG<\/h1>\n<\/div><\/section>\n\n<style type=\"text\/css\" data-created_by=\"avia_inline_auto\" id=\"style-css-av-m6xkajp9-4c2bbce48996e1ce0e86ed7ebec2a403\">\n.avia-image-container.av-m6xkajp9-4c2bbce48996e1ce0e86ed7ebec2a403 img.avia_image{\nbox-shadow:none;\n}\n.avia-image-container.av-m6xkajp9-4c2bbce48996e1ce0e86ed7ebec2a403 .av-image-caption-overlay-center{\ncolor:#ffffff;\n}\n<\/style>\n<div  class='avia-image-container av-m6xkajp9-4c2bbce48996e1ce0e86ed7ebec2a403 av-styling- av-img-linked avia-align-center  avia-builder-el-1  el_after_av_textblock  el_before_av_textblock '   itemprop=\"image\" itemscope=\"itemscope\" itemtype=\"https:\/\/schema.org\/ImageObject\" ><div class=\"avia-image-container-inner\"><div class=\"avia-image-overlay-wrap\"><a href=\"https:\/\/www.rentacarthessalonikiairport.com\/fr\/stolos\/?mid=9&amp;ch=c91dde7eca12e27a6b789fb4daea0186\" class='avia_image '  target=\"_blank\"  rel=\"noopener noreferrer\" aria-label='PDVNSVN'><img decoding=\"async\" fetchpriority=\"high\" class='wp-image-3736 avia-img-lazy-loading-not-3736 avia_image ' src=\"https:\/\/www.rentacarthessalonikiairport.com\/wp-content\/uploads\/2025\/02\/PDVNSVN.jpg\" alt='' title='PDVNSVN'  height=\"600\" width=\"1200\"  itemprop=\"thumbnailUrl\" srcset=\"https:\/\/www.rentacarthessalonikiairport.com\/wp-content\/uploads\/2025\/02\/PDVNSVN.jpg 1200w, https:\/\/www.rentacarthessalonikiairport.com\/wp-content\/uploads\/2025\/02\/PDVNSVN-300x150.jpg 300w, https:\/\/www.rentacarthessalonikiairport.com\/wp-content\/uploads\/2025\/02\/PDVNSVN-1030x515.jpg 1030w, https:\/\/www.rentacarthessalonikiairport.com\/wp-content\/uploads\/2025\/02\/PDVNSVN-768x384.jpg 768w, https:\/\/www.rentacarthessalonikiairport.com\/wp-content\/uploads\/2025\/02\/PDVNSVN-705x353.jpg 705w\" sizes=\"(max-width: 1200px) 100vw, 1200px\" \/><\/a><\/div><\/div><\/div>\n\n<style type=\"text\/css\" data-created_by=\"avia_inline_auto\" id=\"style-css-av-m6xesv9f-9ec56d1879fe06805ab31a4a8709c012\">\n#top .av_textblock_section.av-m6xesv9f-9ec56d1879fe06805ab31a4a8709c012 .avia_textblock{\nfont-size:20px;\n}\n<\/style>\n<section  class='av_textblock_section av-m6xesv9f-9ec56d1879fe06805ab31a4a8709c012 '   itemscope=\"itemscope\" itemtype=\"https:\/\/schema.org\/CreativeWork\" ><div class='avia_textblock'  itemprop=\"text\" ><h3 style=\"text-align: center;\"><strong>Location de voiture automatique avec rentacarthessalonikiairport \u2013 Conduite confortable et sans souci<\/strong><\/h3>\n<p>Si vous recherchez un <strong>moyen de conduite simple et sans effort<\/strong> lors de votre s\u00e9jour \u00e0 Thessalonique, la <strong>location d&rsquo;une voiture automatique<\/strong> avec <strong>rentacarthessalonikiairport<\/strong> est le choix id\u00e9al. Notre emplacement, <strong>proche de l&rsquo;a\u00e9roport de Thessalonique Mac\u00e9doine (SKG)<\/strong>, vous permet de r\u00e9cup\u00e9rer votre voiture imm\u00e9diatement, sans retards ni proc\u00e9dures compliqu\u00e9es.<\/p>\n<p>Les voitures automatiques deviennent de plus en plus populaires pour la location, car elles offrent <strong>une conduite facile, des voyages sans fatigue et une plus grande s\u00e9curit\u00e9<\/strong> aussi bien en ville que sur l&rsquo;autoroute. Que vous voyagiez pour affaires ou pour le plaisir, choisir une <strong>voiture automatique<\/strong> rendra votre exp\u00e9rience encore plus agr\u00e9able.<\/p>\n<h3 style=\"text-align: center;\"><strong>Pourquoi choisir une voiture automatique ?<\/strong><\/h3>\n<p>Louer une voiture automatique pr\u00e9sente de nombreux <strong>avantages<\/strong> par rapport \u00e0 un v\u00e9hicule \u00e0 bo\u00eete manuelle :<\/p>\n<p>\u2714 <strong>Conduite facile :<\/strong> Pas besoin de changer de vitesse, ce qui rend la conduite particuli\u00e8rement confortable.<br \/>\n\u2714 <strong>Id\u00e9al pour les d\u00e9butants ou les conducteurs non habitu\u00e9s :<\/strong> Si vous n&rsquo;avez pas d&rsquo;exp\u00e9rience avec les voitures manuelles, une automatique vous facilitera la t\u00e2che.<br \/>\n\u2714 <strong>Confort en cas de circulation dense :<\/strong> Dans les embouteillages urbains, une voiture automatique vous \u00e9vite le stress des changements de vitesse constants.<br \/>\n\u2714 <strong>Exp\u00e9rience de voyage agr\u00e9able :<\/strong> Profitez du trajet et du paysage sans vous soucier de l&#8217;embrayage et des passages de vitesse.<\/p>\n<\/div><\/section>\n\n<style type=\"text\/css\" data-created_by=\"avia_inline_auto\" id=\"style-css-av-m6xkb476-3fb370bf0d6b3b25151ffc61c20f43fc\">\n.avia-image-container.av-m6xkb476-3fb370bf0d6b3b25151ffc61c20f43fc img.avia_image{\nbox-shadow:none;\n}\n.avia-image-container.av-m6xkb476-3fb370bf0d6b3b25151ffc61c20f43fc .av-image-caption-overlay-center{\ncolor:#ffffff;\n}\n<\/style>\n<div  class='avia-image-container av-m6xkb476-3fb370bf0d6b3b25151ffc61c20f43fc av-styling- av-img-linked avia-align-center  avia-builder-el-3  el_after_av_textblock  el_before_av_textblock '   itemprop=\"image\" itemscope=\"itemscope\" itemtype=\"https:\/\/schema.org\/ImageObject\" ><div class=\"avia-image-container-inner\"><div class=\"avia-image-overlay-wrap\"><a href=\"https:\/\/www.rentacarthessalonikiairport.com\/fr\/stolos\/?mid=10&amp;ch=c91dde7eca12e27a6b789fb4daea0186\" class='avia_image '  target=\"_blank\"  rel=\"noopener noreferrer\" aria-label='va21111'><img decoding=\"async\" fetchpriority=\"high\" class='wp-image-3746 avia-img-lazy-loading-not-3746 avia_image ' src=\"https:\/\/www.rentacarthessalonikiairport.com\/wp-content\/uploads\/2025\/02\/va21111.jpg\" alt='\u0395\u03bd\u03bf\u03b9\u03ba\u03af\u03b1\u03c3\u03b7 \u03b1\u03c5\u03c4\u03cc\u03bc\u03b1\u03c4\u03bf\u03c5 \u03b1\u03c5\u03c4\u03bf\u03ba\u03b9\u03bd\u03ae\u03c4\u03bf\u03c5' title='va21111'  height=\"600\" width=\"1200\"  itemprop=\"thumbnailUrl\" srcset=\"https:\/\/www.rentacarthessalonikiairport.com\/wp-content\/uploads\/2025\/02\/va21111.jpg 1200w, https:\/\/www.rentacarthessalonikiairport.com\/wp-content\/uploads\/2025\/02\/va21111-300x150.jpg 300w, https:\/\/www.rentacarthessalonikiairport.com\/wp-content\/uploads\/2025\/02\/va21111-1030x515.jpg 1030w, https:\/\/www.rentacarthessalonikiairport.com\/wp-content\/uploads\/2025\/02\/va21111-768x384.jpg 768w, https:\/\/www.rentacarthessalonikiairport.com\/wp-content\/uploads\/2025\/02\/va21111-705x353.jpg 705w\" sizes=\"(max-width: 1200px) 100vw, 1200px\" \/><\/a><\/div><\/div><\/div>\n\n<style type=\"text\/css\" data-created_by=\"avia_inline_auto\" id=\"style-css-av-m6xetsv8-afb9c0a0a63d4d9cd1081616b3ff06f4\">\n#top .av_textblock_section.av-m6xetsv8-afb9c0a0a63d4d9cd1081616b3ff06f4 .avia_textblock{\nfont-size:20px;\n}\n<\/style>\n<section  class='av_textblock_section av-m6xetsv8-afb9c0a0a63d4d9cd1081616b3ff06f4 '   itemscope=\"itemscope\" itemtype=\"https:\/\/schema.org\/CreativeWork\" ><div class='avia_textblock'  itemprop=\"text\" ><h3 style=\"text-align: center;\"><strong>Confort et S\u00e9curit\u00e9 \u00e0 Chaque Trajet<\/strong><\/h3>\n<p>Toutes les <strong>voitures automatiques<\/strong> de <strong>rentacarthessalonikiairport<\/strong> sont \u00e9quip\u00e9es d\u2019un <strong>\u00e9quipement moderne<\/strong> garantissant confort, s\u00e9curit\u00e9 et une exp\u00e9rience de conduite optimale.<\/p>\n<ul>\n<li><strong>Syst\u00e8mes de s\u00e9curit\u00e9 modernes (ABS, ESP, airbags, capteurs de stationnement)<\/strong> pour une conduite en toute s\u00e9curit\u00e9.<\/li>\n<li><strong>Syst\u00e8mes d\u2019assistance \u00e0 la conduite<\/strong>, tels que le r\u00e9gulateur de vitesse (Cruise Control) et l\u2019assistance au maintien de voie (Lane Assist).<\/li>\n<li><strong>Climatisation et chauffage<\/strong> pour un confort optimal par tous les temps.<\/li>\n<li><strong>Moteurs \u00e9conomiques<\/strong> offrant une faible consommation de carburant.<\/li>\n<li><strong>Coffre spacieux<\/strong>, id\u00e9al pour les d\u00e9placements en famille ou professionnels.<\/li>\n<li><strong>Wi-Fi et Bluetooth<\/strong> pour rester connect\u00e9 tout au long du voyage.<\/li>\n<\/ul>\n<p>De plus, toutes les voitures automatiques de location de <strong>rentacarthessalonikiairport<\/strong> sont <strong>soigneusement entretenues et v\u00e9rifi\u00e9es<\/strong> afin de garantir une s\u00e9curit\u00e9 et une fiabilit\u00e9 maximales \u00e0 chaque trajet.<\/p>\n<h3 style=\"text-align: center;\"><strong>Id\u00e9al pour Toutes les Occasions<\/strong><\/h3>\n<p>Les voitures automatiques sont le choix parfait pour :<\/p>\n<ul>\n<li><strong>Voyages de loisirs<\/strong> \u2013 Explorez Thessalonique et la Chalcidique sans stress.<\/li>\n<li><strong>D\u00e9placements professionnels<\/strong> \u2013 Atteignez votre destination en toute s\u00e9r\u00e9nit\u00e9.<\/li>\n<li><strong>D\u00e9placements en famille<\/strong> \u2013 Profitez de trajets s\u00e9curis\u00e9s et agr\u00e9ables avec vos proches.<\/li>\n<li><strong>Conduite en ville<\/strong> \u2013 Circulation sans souci dans les embouteillages et aux feux.<\/li>\n<li><strong>Excursions et Road Trips<\/strong> \u2013 Appr\u00e9ciez chaque trajet sans vous fatiguer.<\/li>\n<\/ul>\n<\/div><\/section>\n\n<style type=\"text\/css\" data-created_by=\"avia_inline_auto\" id=\"style-css-av-m6xkbjgw-3eaef9f0a54c6588bf97c09661acf56a\">\n.avia-image-container.av-m6xkbjgw-3eaef9f0a54c6588bf97c09661acf56a img.avia_image{\nbox-shadow:none;\n}\n.avia-image-container.av-m6xkbjgw-3eaef9f0a54c6588bf97c09661acf56a .av-image-caption-overlay-center{\ncolor:#ffffff;\n}\n<\/style>\n<div  class='avia-image-container av-m6xkbjgw-3eaef9f0a54c6588bf97c09661acf56a av-styling- av-img-linked avia-align-center  avia-builder-el-5  el_after_av_textblock  el_before_av_textblock '   itemprop=\"image\" itemscope=\"itemscope\" itemtype=\"https:\/\/schema.org\/ImageObject\" ><div class=\"avia-image-container-inner\"><div class=\"avia-image-overlay-wrap\"><a href=\"https:\/\/www.rentacarthessalonikiairport.com\/fr\/stolos\/?mid=117&amp;ch=c91dde7eca12e27a6b789fb4daea0186\" class='avia_image '  target=\"_blank\"  rel=\"noopener noreferrer\" aria-label='be21'><img decoding=\"async\" fetchpriority=\"high\" class='wp-image-3756 avia-img-lazy-loading-not-3756 avia_image ' src=\"https:\/\/www.rentacarthessalonikiairport.com\/wp-content\/uploads\/2025\/02\/be21.jpg\" alt='' title='be21'  height=\"600\" width=\"1200\"  itemprop=\"thumbnailUrl\" srcset=\"https:\/\/www.rentacarthessalonikiairport.com\/wp-content\/uploads\/2025\/02\/be21.jpg 1200w, https:\/\/www.rentacarthessalonikiairport.com\/wp-content\/uploads\/2025\/02\/be21-300x150.jpg 300w, https:\/\/www.rentacarthessalonikiairport.com\/wp-content\/uploads\/2025\/02\/be21-1030x515.jpg 1030w, https:\/\/www.rentacarthessalonikiairport.com\/wp-content\/uploads\/2025\/02\/be21-768x384.jpg 768w, https:\/\/www.rentacarthessalonikiairport.com\/wp-content\/uploads\/2025\/02\/be21-705x353.jpg 705w\" sizes=\"(max-width: 1200px) 100vw, 1200px\" \/><\/a><\/div><\/div><\/div>\n\n<style type=\"text\/css\" data-created_by=\"avia_inline_auto\" id=\"style-css-av-m6xev7rz-f06a4c1cba769511e400390c2f6d6905\">\n#top .av_textblock_section.av-m6xev7rz-f06a4c1cba769511e400390c2f6d6905 .avia_textblock{\nfont-size:20px;\n}\n<\/style>\n<section  class='av_textblock_section av-m6xev7rz-f06a4c1cba769511e400390c2f6d6905 '   itemscope=\"itemscope\" itemtype=\"https:\/\/schema.org\/CreativeWork\" ><div class='avia_textblock'  itemprop=\"text\" ><h3 style=\"text-align: center;\"><strong>Location Rapide et Facile Pr\u00e8s de l&rsquo;A\u00e9roport de Thessalonique<\/strong><\/h3>\n<p><strong>rentacarthessalonikiairport<\/strong> propose une <strong>prise en charge rapide<\/strong> et une <strong>location facile<\/strong> de ses voitures automatiques. Notre agence est situ\u00e9e \u00e0 proximit\u00e9 imm\u00e9diate de <strong>l&rsquo;A\u00e9roport de Thessalonique SKG<\/strong>, vous permettant de commencer votre voyage <strong>imm\u00e9diatement, sans retard<\/strong>.<\/p>\n<p><strong>\u00c9tapes de location :<\/strong><\/p>\n<ol>\n<li><strong>R\u00e9servez en ligne<\/strong> via notre site web.<\/li>\n<li><strong>Choisissez le v\u00e9hicule automatique qui vous convient<\/strong> parmi notre flotte.<\/li>\n<li><strong>R\u00e9cup\u00e9rez votre voiture rapidement et facilement<\/strong> \u00e0 l\u2019a\u00e9roport.<\/li>\n<li><strong>Partez pour votre voyage sans formalit\u00e9s inutiles<\/strong>.<\/li>\n<\/ol>\n<h3 style=\"text-align: center;\"><strong>Pourquoi choisir rentacarthessalonikiairport ?<\/strong><\/h3>\n<p>\u2714 <strong>Large flotte de v\u00e9hicules automatiques modernes.<\/strong><br \/>\n\u2714 <strong>Processus de location rapide et simple.<\/strong><br \/>\n\u2714 <strong>Emplacement proche de l&rsquo;A\u00e9roport de Thessalonique SKG.<\/strong><br \/>\n\u2714 <strong>Tarifs comp\u00e9titifs sans frais cach\u00e9s.<\/strong><br \/>\n\u2714 <strong>Service client et assistance routi\u00e8re 24h\/24.<\/strong><br \/>\n\u2714 <strong>V\u00e9hicules s\u00fbrs, confortables et bien entretenus.<\/strong><\/p>\n<h3 style=\"text-align: center;\"><strong>R\u00e9servez Votre Voiture Automatique Aujourd&rsquo;hui !<\/strong><\/h3>\n<p>Optez pour <strong>rentacarthessalonikiairport<\/strong> pour votre location de voiture automatique et profitez d\u2019une <strong>exp\u00e9rience de conduite confortable et agr\u00e9able<\/strong> \u00e0 Thessalonique.<\/p>\n<ol>\n<li><strong>R\u00e9servez en ligne<\/strong> rapidement et facilement.<\/li>\n<li><strong>Appelez-nous<\/strong> pour plus d\u2019informations.<\/li>\n<li><strong>Visitez notre agence<\/strong> pr\u00e8s de l\u2019a\u00e9roport pour un service imm\u00e9diat.<\/li>\n<\/ol>\n<\/div><\/section>\n<div  class='flex_column av-av_one_full-a961ec8c42a44a397321d1a2224da3ca av_one_full  avia-builder-el-7  el_after_av_textblock  el_before_av_one_full  first flex_column_div  column-top-margin'     ><section  class='av_textblock_section av-m6xkctpb-a9831f8dfd656f086c9b27fff5f14b84 '   itemscope=\"itemscope\" itemtype=\"https:\/\/schema.org\/CreativeWork\" ><div class='av-small-hide av-mini-hide avia_textblock'  itemprop=\"text\" ><p style=\"text-align: center; font-size: 25px;\"><a href=\"https:\/\/www.rentacarthessalonikiairport.com\/\"><span style=\"background-color: blue; color: white; border: 6px solid blue; font-size: 30px; border-radius: 10px;\">Demandez un devis au +30 2310 234 150!<\/span><\/a><\/p>\n<\/div><\/section><\/div><div  class='flex_column av-av_one_full-a961ec8c42a44a397321d1a2224da3ca av_one_full  avia-builder-el-9  el_after_av_one_full  avia-builder-el-last  first flex_column_div  column-top-margin'     ><section  class='av_textblock_section av-m6xkdgci-515599d9b971701a8c319ec0c1e469c7 '   itemscope=\"itemscope\" itemtype=\"https:\/\/schema.org\/CreativeWork\" ><div class='av-desktop-hide av-medium-hide avia_textblock'  itemprop=\"text\" ><p style=\"text-align: center; font-size: 25px;\"><a href=\"https:\/\/www.rentacarthessalonikiairport.com\/\"><span style=\"background-color: blue; color: white; border: 6px solid blue; font-size: 30px; border-radius: 10px; line-height: 50px;\">Demandez un devis au +30 2310 234 150 !<\/span><\/a><\/p>\n<\/div><\/section><\/div><\/p>\n","protected":false},"excerpt":{"rendered":"","protected":false},"author":6,"featured_media":0,"parent":0,"menu_order":0,"comment_status":"closed","ping_status":"closed","template":"","meta":{"footnotes":""},"class_list":["post-3788","page","type-page","status-publish","hentry"],"_links":{"self":[{"href":"https:\/\/www.rentacarthessalonikiairport.com\/fr\/wp-json\/wp\/v2\/pages\/3788","targetHints":{"allow":["GET"]}}],"collection":[{"href":"https:\/\/www.rentacarthessalonikiairport.com\/fr\/wp-json\/wp\/v2\/pages"}],"about":[{"href":"https:\/\/www.rentacarthessalonikiairport.com\/fr\/wp-json\/wp\/v2\/types\/page"}],"author":[{"embeddable":true,"href":"https:\/\/www.rentacarthessalonikiairport.com\/fr\/wp-json\/wp\/v2\/users\/6"}],"replies":[{"embeddable":true,"href":"https:\/\/www.rentacarthessalonikiairport.com\/fr\/wp-json\/wp\/v2\/comments?post=3788"}],"version-history":[{"count":2,"href":"https:\/\/www.rentacarthessalonikiairport.com\/fr\/wp-json\/wp\/v2\/pages\/3788\/revisions"}],"predecessor-version":[{"id":3878,"href":"https:\/\/www.rentacarthessalonikiairport.com\/fr\/wp-json\/wp\/v2\/pages\/3788\/revisions\/3878"}],"wp:attachment":[{"href":"https:\/\/www.rentacarthessalonikiairport.com\/fr\/wp-json\/wp\/v2\/media?parent=3788"}],"curies":[{"name":"wp","href":"https:\/\/api.w.org\/{rel}","templated":true}]}}