{"id":3489,"date":"2024-11-17T18:25:05","date_gmt":"2024-11-17T16:25:05","guid":{"rendered":"https:\/\/www.rentacarthessalonikiairport.com\/?page_id=3489"},"modified":"2024-11-17T18:53:48","modified_gmt":"2024-11-17T16:53:48","slug":"faq-fr","status":"publish","type":"page","link":"https:\/\/www.rentacarthessalonikiairport.com\/fr\/faq-fr\/","title":{"rendered":"FAQ FR"},"content":{"rendered":"<div  class='flex_column av-av_one_full-a961ec8c42a44a397321d1a2224da3ca av_one_full  avia-builder-el-0  el_before_av_one_full  avia-builder-el-first  first flex_column_div  '     ><p>\n<style type=\"text\/css\" data-created_by=\"avia_inline_auto\" id=\"style-css-av-m3ltamjt-32b754028adbdeec971d9066f0ffeb2c\">\n#top .av-special-heading.av-m3ltamjt-32b754028adbdeec971d9066f0ffeb2c{\npadding-bottom:10px;\nfont-size:30px;\n}\nbody .av-special-heading.av-m3ltamjt-32b754028adbdeec971d9066f0ffeb2c .av-special-heading-tag .heading-char{\nfont-size:25px;\n}\n#top #wrap_all .av-special-heading.av-m3ltamjt-32b754028adbdeec971d9066f0ffeb2c .av-special-heading-tag{\nfont-size:30px;\n}\n.av-special-heading.av-m3ltamjt-32b754028adbdeec971d9066f0ffeb2c .av-subheading{\nfont-size:26px;\n}\n\n@media only screen and (min-width: 480px) and (max-width: 767px){ \n#top #wrap_all .av-special-heading.av-m3ltamjt-32b754028adbdeec971d9066f0ffeb2c .av-special-heading-tag{\nfont-size:0.8em;\n}\n}\n\n@media only screen and (max-width: 479px){ \n#top #wrap_all .av-special-heading.av-m3ltamjt-32b754028adbdeec971d9066f0ffeb2c .av-special-heading-tag{\nfont-size:0.8em;\n}\n}\n<\/style>\n<div  class='av-special-heading av-m3ltamjt-32b754028adbdeec971d9066f0ffeb2c av-special-heading-h2 blockquote modern-quote modern-centered  avia-builder-el-1  el_before_av_heading  avia-builder-el-first  av-inherit-size'><h2 class='av-special-heading-tag '  itemprop=\"headline\"  >Questions fr\u00e9quemment pos\u00e9es sur la location de voitures<\/h2><div class='av-subheading av-subheading_below'><p><b>Le nouveau service de rentacarthessalonikiairport.com pour rechercher des informations sur la location de voitures \u00e0 Thessalonique.<\/b><\/p>\n<\/div><div class=\"special-heading-border\"><div class=\"special-heading-inner-border\"><\/div><\/div><\/div><br \/>\n\n<style type=\"text\/css\" data-created_by=\"avia_inline_auto\" id=\"style-css-av-m3ltbsmr-eeb6e4af9705d5bc024f942763122bb8\">\n#top .av-special-heading.av-m3ltbsmr-eeb6e4af9705d5bc024f942763122bb8{\npadding-bottom:10px;\nfont-size:30px;\n}\nbody .av-special-heading.av-m3ltbsmr-eeb6e4af9705d5bc024f942763122bb8 .av-special-heading-tag .heading-char{\nfont-size:25px;\n}\n#top #wrap_all .av-special-heading.av-m3ltbsmr-eeb6e4af9705d5bc024f942763122bb8 .av-special-heading-tag{\nfont-size:30px;\n}\n.av-special-heading.av-m3ltbsmr-eeb6e4af9705d5bc024f942763122bb8 .av-subheading{\nfont-size:26px;\n}\n\n@media only screen and (min-width: 480px) and (max-width: 767px){ \n#top #wrap_all .av-special-heading.av-m3ltbsmr-eeb6e4af9705d5bc024f942763122bb8 .av-special-heading-tag{\nfont-size:0.8em;\n}\n}\n\n@media only screen and (max-width: 479px){ \n#top #wrap_all .av-special-heading.av-m3ltbsmr-eeb6e4af9705d5bc024f942763122bb8 .av-special-heading-tag{\nfont-size:0.8em;\n}\n}\n<\/style>\n<div  class='av-special-heading av-m3ltbsmr-eeb6e4af9705d5bc024f942763122bb8 av-special-heading-h2 blockquote modern-quote modern-centered  avia-builder-el-2  el_after_av_heading  avia-builder-el-last  av-inherit-size'><h2 class='av-special-heading-tag '  itemprop=\"headline\"  >Quelles sont les conditions?<\/h2><div class=\"special-heading-border\"><div class=\"special-heading-inner-border\"><\/div><\/div><\/div><\/p><\/div><div  class='flex_column av-av_one_full-a961ec8c42a44a397321d1a2224da3ca av_one_full  avia-builder-el-3  el_after_av_one_full  el_before_av_one_fifth  first flex_column_div  column-top-margin'     ><style type=\"text\/css\" data-created_by=\"avia_inline_auto\" id=\"style-css-av-m3ltkasi-5006dd0c67f7b2ac59a9b4721490e85d\">\n#top .togglecontainer.av-m3ltkasi-5006dd0c67f7b2ac59a9b4721490e85d h3.toggler{\ncolor:#474747;\nbackground-color:#dbdbdb;\nborder-color:#6d6d6d;\n}\n#top .togglecontainer.av-m3ltkasi-5006dd0c67f7b2ac59a9b4721490e85d h3.toggler .toggle_icon{\ncolor:#ff0044;\nborder-color:#ff0044;\n}\n#top .togglecontainer.av-m3ltkasi-5006dd0c67f7b2ac59a9b4721490e85d h3.toggler .toggle_icon > span{\ncolor:#ff0044;\nborder-color:#ff0044;\n}\n#top .togglecontainer.av-m3ltkasi-5006dd0c67f7b2ac59a9b4721490e85d .toggle_wrap .toggle_content{\ncolor:#474747;\nbackground-color:#dbdbdb;\nborder-color:#6d6d6d;\n}\n<\/style>\n<div  class='togglecontainer av-m3ltkasi-5006dd0c67f7b2ac59a9b4721490e85d av-minimal-toggle  avia-builder-el-4  avia-builder-el-no-sibling  toggle_close_all' >\n<section class='av_toggle_section av-m3ltd5zf-967dcbb13b5559ab36e8dc3e46dec27c'  itemscope=\"itemscope\" itemtype=\"https:\/\/schema.org\/CreativeWork\" ><div role=\"tablist\" class=\"single_toggle\" data-tags=\"{Tout} \"  ><h3 id='toggle-toggle-id-1' data-fake-id='#toggle-id-1' class='toggler  av-title-above av-inherit-border-color'  itemprop=\"headline\"  role='tab' tabindex='0' aria-controls='toggle-id-1' data-slide-speed=\"200\" data-title=\"Permis requis\" data-title-open=\"\" data-aria_collapsed=\"Cliquez pour \u00e9tendre : Permis requis\" data-aria_expanded=\"Cliquez pour r\u00e9duire : Permis requis\">Permis requis<span class=\"toggle_icon\"><span class=\"vert_icon\"><\/span><span class=\"hor_icon\"><\/span><\/span><\/h3><div id='toggle-id-1' aria-labelledby='toggle-toggle-id-1' role='region' class='toggle_wrap  av-title-above'  ><div class='toggle_content invers-color av-inherit-border-color'  itemprop=\"text\" ><p>Les conducteurs des pays et continents suivants peuvent utiliser un permis national :<\/p>\n<ul>\n<li>Union Europ\u00e9enne<\/li>\n<li><a href=\"https:\/\/maps.app.goo.gl\/tPoj9JrGDU5AJNvc6\" target=\"_blank\" rel=\"noopener\">Royaume-Uni<\/a><\/li>\n<li><a href=\"https:\/\/maps.app.goo.gl\/PJ2ZChYxC32KuK447\" target=\"_blank\" rel=\"noopener\">\u00c9tats-Unis d&rsquo;Am\u00e9rique<\/a><\/li>\n<li>Australie<\/li>\n<li>Norv\u00e8ge<\/li>\n<li>Islande<\/li>\n<li>Liechtenstein<\/li>\n<li>Gibraltar<\/li>\n<\/ul>\n<p>Pour tous les autres pays, un permis international et un permis national sont requis.<\/p>\n<\/div><\/div><\/div><\/section>\n<section class='av_toggle_section av-m3ltdgyx-a1edac0f93612e1a8b76925beaab77bb'  itemscope=\"itemscope\" itemtype=\"https:\/\/schema.org\/CreativeWork\" ><div role=\"tablist\" class=\"single_toggle\" data-tags=\"{Tout} \"  ><h3 id='toggle-toggle-id-2' data-fake-id='#toggle-id-2' class='toggler  av-title-above av-inherit-border-color'  itemprop=\"headline\"  role='tab' tabindex='0' aria-controls='toggle-id-2' data-slide-speed=\"200\" data-title=\"Comment puis-je louer une voiture sur rentacarthessalonikiairport.com?\" data-title-open=\"\" data-aria_collapsed=\"Cliquez pour \u00e9tendre : Comment puis-je louer une voiture sur rentacarthessalonikiairport.com?\" data-aria_expanded=\"Cliquez pour r\u00e9duire : Comment puis-je louer une voiture sur rentacarthessalonikiairport.com?\">Comment puis-je louer une voiture sur rentacarthessalonikiairport.com?<span class=\"toggle_icon\"><span class=\"vert_icon\"><\/span><span class=\"hor_icon\"><\/span><\/span><\/h3><div id='toggle-id-2' aria-labelledby='toggle-toggle-id-2' role='region' class='toggle_wrap  av-title-above'  ><div class='toggle_content invers-color av-inherit-border-color'  itemprop=\"text\" ><p>Vous pouvez louer une voiture sur <a href=\"http:\/\/rentacarthessalonikiairport.com\">rentacarthessalonikiairport.com<\/a> si vous avez entre 23 et 73 ans et que vous poss\u00e9dez un permis de conduire depuis au moins 1 an. Le permis de conduire doit \u00eatre grec, europ\u00e9en ou international (INT\/DL).<\/p>\n<\/div><\/div><\/div><\/section>\n<section class='av_toggle_section av-m3lteeki-52173235c1bf2af9b342b9a1b1b7f300'  itemscope=\"itemscope\" itemtype=\"https:\/\/schema.org\/CreativeWork\" ><div role=\"tablist\" class=\"single_toggle\" data-tags=\"{Tout} \"  ><h3 id='toggle-toggle-id-3' data-fake-id='#toggle-id-3' class='toggler  av-title-above av-inherit-border-color'  itemprop=\"headline\"  role='tab' tabindex='0' aria-controls='toggle-id-3' data-slide-speed=\"200\" data-title=\"Comment puis-je r\u00e9server une voiture sur rentacarthessalonikiairport ?\" data-title-open=\"\" data-aria_collapsed=\"Cliquez pour \u00e9tendre : Comment puis-je r\u00e9server une voiture sur rentacarthessalonikiairport ?\" data-aria_expanded=\"Cliquez pour r\u00e9duire : Comment puis-je r\u00e9server une voiture sur rentacarthessalonikiairport ?\">Comment puis-je r\u00e9server une voiture sur rentacarthessalonikiairport ?<span class=\"toggle_icon\"><span class=\"vert_icon\"><\/span><span class=\"hor_icon\"><\/span><\/span><\/h3><div id='toggle-id-3' aria-labelledby='toggle-toggle-id-3' role='region' class='toggle_wrap  av-title-above'  ><div class='toggle_content invers-color av-inherit-border-color'  itemprop=\"text\" ><p>Les r\u00e9servations peuvent \u00eatre effectu\u00e9es par t\u00e9l\u00e9phone au <a href=\"tel:00302310234150\">+30 2310 234150<\/a> ou par e-mail \u00e0 <a href=\"mailto:contact@rentacarthessalonikiairport.com\">contact@rentacarthessalonikiairport.com<\/a>.<\/p>\n<\/div><\/div><\/div><\/section>\n<section class='av_toggle_section av-m3ltfouv-b0d9b67063b7c63146796f727c1e3641'  itemscope=\"itemscope\" itemtype=\"https:\/\/schema.org\/CreativeWork\" ><div role=\"tablist\" class=\"single_toggle\" data-tags=\"{Tout} \"  ><h3 id='toggle-toggle-id-4' data-fake-id='#toggle-id-4' class='toggler  av-title-above av-inherit-border-color'  itemprop=\"headline\"  role='tab' tabindex='0' aria-controls='toggle-id-4' data-slide-speed=\"200\" data-title=\"Ai-je besoin d\u2019un acompte pour faire une r\u00e9servation ?\" data-title-open=\"\" data-aria_collapsed=\"Cliquez pour \u00e9tendre : Ai-je besoin d\u2019un acompte pour faire une r\u00e9servation ?\" data-aria_expanded=\"Cliquez pour r\u00e9duire : Ai-je besoin d\u2019un acompte pour faire une r\u00e9servation ?\">Ai-je besoin d\u2019un acompte pour faire une r\u00e9servation ?<span class=\"toggle_icon\"><span class=\"vert_icon\"><\/span><span class=\"hor_icon\"><\/span><\/span><\/h3><div id='toggle-id-4' aria-labelledby='toggle-toggle-id-4' role='region' class='toggle_wrap  av-title-above'  ><div class='toggle_content invers-color av-inherit-border-color'  itemprop=\"text\" ><p>Un acompte est demand\u00e9 uniquement lorsqu&rsquo;il y a une faible disponibilit\u00e9 de v\u00e9hicules \u00e0 louer.<\/p>\n<\/div><\/div><\/div><\/section>\n<section class='av_toggle_section av-m3ltge9p-ff93b578551c740cac86468ff4ee8f1d'  itemscope=\"itemscope\" itemtype=\"https:\/\/schema.org\/CreativeWork\" ><div role=\"tablist\" class=\"single_toggle\" data-tags=\"{Tout} \"  ><h3 id='toggle-toggle-id-5' data-fake-id='#toggle-id-5' class='toggler  av-title-above av-inherit-border-color'  itemprop=\"headline\"  role='tab' tabindex='0' aria-controls='toggle-id-5' data-slide-speed=\"200\" data-title=\"Modes de paiement de la location\" data-title-open=\"\" data-aria_collapsed=\"Cliquez pour \u00e9tendre : Modes de paiement de la location\" data-aria_expanded=\"Cliquez pour r\u00e9duire : Modes de paiement de la location\">Modes de paiement de la location<span class=\"toggle_icon\"><span class=\"vert_icon\"><\/span><span class=\"hor_icon\"><\/span><\/span><\/h3><div id='toggle-id-5' aria-labelledby='toggle-toggle-id-5' role='region' class='toggle_wrap  av-title-above'  ><div class='toggle_content invers-color av-inherit-border-color'  itemprop=\"text\" ><p>Le paiement de la location se fait par virement bancaire sur le compte de <strong>rentacarthessalonikiairport.com<\/strong> ou par carte de d\u00e9bit\/cr\u00e9dit.<\/p>\n<p>Lors du virement, veuillez indiquer votre nom complet et votre num\u00e9ro de t\u00e9l\u00e9phone.<\/p>\n<\/div><\/div><\/div><\/section>\n<section class='av_toggle_section av-m3lth12g-3ae817823b6192e32ba57d1b9cd3273f'  itemscope=\"itemscope\" itemtype=\"https:\/\/schema.org\/CreativeWork\" ><div role=\"tablist\" class=\"single_toggle\" data-tags=\"{Tout} \"  ><h3 id='toggle-toggle-id-6' data-fake-id='#toggle-id-6' class='toggler  av-title-above av-inherit-border-color'  itemprop=\"headline\"  role='tab' tabindex='0' aria-controls='toggle-id-6' data-slide-speed=\"200\" data-title=\"Puis-je louer une voiture sans carte de cr\u00e9dit?\" data-title-open=\"\" data-aria_collapsed=\"Cliquez pour \u00e9tendre : Puis-je louer une voiture sans carte de cr\u00e9dit?\" data-aria_expanded=\"Cliquez pour r\u00e9duire : Puis-je louer une voiture sans carte de cr\u00e9dit?\">Puis-je louer une voiture sans carte de cr\u00e9dit?<span class=\"toggle_icon\"><span class=\"vert_icon\"><\/span><span class=\"hor_icon\"><\/span><\/span><\/h3><div id='toggle-id-6' aria-labelledby='toggle-toggle-id-6' role='region' class='toggle_wrap  av-title-above'  ><div class='toggle_content invers-color av-inherit-border-color'  itemprop=\"text\" ><div class=\"flex max-w-full flex-col flex-grow\">\n<div class=\"min-h-8 text-message flex w-full flex-col items-end gap-2 whitespace-normal break-words &#091;.text-message+&amp;&#093;:mt-5\" dir=\"auto\" data-message-author-role=\"assistant\" data-message-id=\"fd610f40-bae8-4166-ba42-1906d0b82f3f\" data-message-model-slug=\"gpt-4o-mini\">\n<div class=\"flex w-full flex-col gap-1 empty:hidden first:pt-&#091;3px&#093;\">\n<div class=\"markdown prose w-full break-words dark:prose-invert light\">\n<p>Vous devez avoir une carte de cr\u00e9dit VISA\/Mastercard au nom du conducteur pour le paiement de la caution. Si vous n&rsquo;avez pas de carte de cr\u00e9dit, veuillez nous contacter.<\/p>\n<\/div>\n<\/div>\n<\/div>\n<\/div>\n<\/div><\/div><\/div><\/section>\n<section class='av_toggle_section av-m3lthgia-799bee00c7ff02a5a475ca2f436215db'  itemscope=\"itemscope\" itemtype=\"https:\/\/schema.org\/CreativeWork\" ><div role=\"tablist\" class=\"single_toggle\" data-tags=\"{Tout} \"  ><h3 id='toggle-toggle-id-7' data-fake-id='#toggle-id-7' class='toggler  av-title-above av-inherit-border-color'  itemprop=\"headline\"  role='tab' tabindex='0' aria-controls='toggle-id-7' data-slide-speed=\"200\" data-title=\"Puis-je faire autant de kilom\u00e8tres que je veux ?\" data-title-open=\"\" data-aria_collapsed=\"Cliquez pour \u00e9tendre : Puis-je faire autant de kilom\u00e8tres que je veux ?\" data-aria_expanded=\"Cliquez pour r\u00e9duire : Puis-je faire autant de kilom\u00e8tres que je veux ?\">Puis-je faire autant de kilom\u00e8tres que je veux ?<span class=\"toggle_icon\"><span class=\"vert_icon\"><\/span><span class=\"hor_icon\"><\/span><\/span><\/h3><div id='toggle-id-7' aria-labelledby='toggle-toggle-id-7' role='region' class='toggle_wrap  av-title-above'  ><div class='toggle_content invers-color av-inherit-border-color'  itemprop=\"text\" ><p>Pour une location de voiture de 1 \u00e0 3 jours, la limite est de <strong>100 km par jour<\/strong>. Pour une location de plus de 3 jours, l&rsquo;utilisation des kilom\u00e8tres est consid\u00e9r\u00e9e comme raisonnable, et vous pouvez parcourir jusqu&rsquo;\u00e0 <strong>2 500 kilom\u00e8tres par mois<\/strong>.<\/p>\n<\/div><\/div><\/div><\/section>\n<section class='av_toggle_section av-m3ltiedf-51eb03d56f195cef1b7be77adcf49b8f'  itemscope=\"itemscope\" itemtype=\"https:\/\/schema.org\/CreativeWork\" ><div role=\"tablist\" class=\"single_toggle\" data-tags=\"{Tout} \"  ><h3 id='toggle-toggle-id-8' data-fake-id='#toggle-id-8' class='toggler  av-title-above av-inherit-border-color'  itemprop=\"headline\"  role='tab' tabindex='0' aria-controls='toggle-id-8' data-slide-speed=\"200\" data-title=\"Que faire si j\u2019ai un probl\u00e8me technique avec la voiture ?\" data-title-open=\"\" data-aria_collapsed=\"Cliquez pour \u00e9tendre : Que faire si j\u2019ai un probl\u00e8me technique avec la voiture ?\" data-aria_expanded=\"Cliquez pour r\u00e9duire : Que faire si j\u2019ai un probl\u00e8me technique avec la voiture ?\">Que faire si j\u2019ai un probl\u00e8me technique avec la voiture ?<span class=\"toggle_icon\"><span class=\"vert_icon\"><\/span><span class=\"hor_icon\"><\/span><\/span><\/h3><div id='toggle-id-8' aria-labelledby='toggle-toggle-id-8' role='region' class='toggle_wrap  av-title-above'  ><div class='toggle_content invers-color av-inherit-border-color'  itemprop=\"text\" ><p>En cas de probl\u00e8me technique avec le v\u00e9hicule que vous avez lou\u00e9, contactez imm\u00e9diatement notre partenaire au <a href=\"tel:00302310234150\">+30 2310 234 150<\/a> et le service d&rsquo;assistance routi\u00e8re Hellas Service gratuitement au 1057 ou au <a href=\"tel:00302310462402\">+30 2310 462 402<\/a>.<\/p>\n<p>Lors de votre communication avec l&rsquo;assistance routi\u00e8re, vous devrez indiquer la marque du v\u00e9hicule et son num\u00e9ro d&rsquo;immatriculation.<\/p>\n<\/div><\/div><\/div><\/section>\n<section class='av_toggle_section av-m3ltivmr-0d7ac8ef9384b9a00def5f85c0609ae8'  itemscope=\"itemscope\" itemtype=\"https:\/\/schema.org\/CreativeWork\" ><div role=\"tablist\" class=\"single_toggle\" data-tags=\"{Tout} \"  ><h3 id='toggle-toggle-id-9' data-fake-id='#toggle-id-9' class='toggler  av-title-above av-inherit-border-color'  itemprop=\"headline\"  role='tab' tabindex='0' aria-controls='toggle-id-9' data-slide-speed=\"200\" data-title=\"Que faire si j\u2019ai un accident ?\" data-title-open=\"\" data-aria_collapsed=\"Cliquez pour \u00e9tendre : Que faire si j\u2019ai un accident ?\" data-aria_expanded=\"Cliquez pour r\u00e9duire : Que faire si j\u2019ai un accident ?\">Que faire si j\u2019ai un accident ?<span class=\"toggle_icon\"><span class=\"vert_icon\"><\/span><span class=\"hor_icon\"><\/span><\/span><\/h3><div id='toggle-id-9' aria-labelledby='toggle-toggle-id-9' role='region' class='toggle_wrap  av-title-above'  ><div class='toggle_content invers-color av-inherit-border-color'  itemprop=\"text\" ><p>Contactez la Police grecque (num\u00e9ro de t\u00e9l\u00e9phone 100) et les bureaux de <a href=\"https:\/\/rentacarthessalonikiairport.com\">rentacarthessalonikiairport.com<\/a> au <a href=\"tel:00302310234150\">+30 2310 234 150<\/a> pour que nous vous envoyions l&rsquo;assistance en cas d&rsquo;accident.<\/p>\n<\/div><\/div><\/div><\/section>\n<section class='av_toggle_section av-m3ltja5m-de48731fa7aab326ad5c98a3edae1995'  itemscope=\"itemscope\" itemtype=\"https:\/\/schema.org\/CreativeWork\" ><div role=\"tablist\" class=\"single_toggle\" data-tags=\"{Tout} \"  ><h3 id='toggle-toggle-id-10' data-fake-id='#toggle-id-10' class='toggler  av-title-above av-inherit-border-color'  itemprop=\"headline\"  role='tab' tabindex='0' aria-controls='toggle-id-10' data-slide-speed=\"200\" data-title=\"Que se passe-t-il si je tarde \u00e0 rendre la voiture de location ?\" data-title-open=\"\" data-aria_collapsed=\"Cliquez pour \u00e9tendre : Que se passe-t-il si je tarde \u00e0 rendre la voiture de location ?\" data-aria_expanded=\"Cliquez pour r\u00e9duire : Que se passe-t-il si je tarde \u00e0 rendre la voiture de location ?\">Que se passe-t-il si je tarde \u00e0 rendre la voiture de location ?<span class=\"toggle_icon\"><span class=\"vert_icon\"><\/span><span class=\"hor_icon\"><\/span><\/span><\/h3><div id='toggle-id-10' aria-labelledby='toggle-toggle-id-10' role='region' class='toggle_wrap  av-title-above'  ><div class='toggle_content invers-color av-inherit-border-color'  itemprop=\"text\" ><p>Apr\u00e8s un retard de 30 minutes, une journ\u00e9e compl\u00e8te de location vous sera factur\u00e9e.<\/p>\n<\/div><\/div><\/div><\/section>\n<section class='av_toggle_section av-m3ltjtqp-901f72cf632dcf84a42aa5c60ffb0561'  itemscope=\"itemscope\" itemtype=\"https:\/\/schema.org\/CreativeWork\" ><div role=\"tablist\" class=\"single_toggle\" data-tags=\"{Tout} \"  ><h3 id='toggle-toggle-id-11' data-fake-id='#toggle-id-11' class='toggler  av-title-above av-inherit-border-color'  itemprop=\"headline\"  role='tab' tabindex='0' aria-controls='toggle-id-11' data-slide-speed=\"200\" data-title=\"Que se passe-t-il si je rends la voiture que j\u2019ai lou\u00e9e plus t\u00f4t ?\" data-title-open=\"\" data-aria_collapsed=\"Cliquez pour \u00e9tendre : Que se passe-t-il si je rends la voiture que j\u2019ai lou\u00e9e plus t\u00f4t ?\" data-aria_expanded=\"Cliquez pour r\u00e9duire : Que se passe-t-il si je rends la voiture que j\u2019ai lou\u00e9e plus t\u00f4t ?\">Que se passe-t-il si je rends la voiture que j\u2019ai lou\u00e9e plus t\u00f4t ?<span class=\"toggle_icon\"><span class=\"vert_icon\"><\/span><span class=\"hor_icon\"><\/span><\/span><\/h3><div id='toggle-id-11' aria-labelledby='toggle-toggle-id-11' role='region' class='toggle_wrap  av-title-above'  ><div class='toggle_content invers-color av-inherit-border-color'  itemprop=\"text\" ><div class=\"flex max-w-full flex-col flex-grow\">\n<div class=\"min-h-8 text-message flex w-full flex-col items-end gap-2 whitespace-normal break-words &#091;.text-message+&amp;&#093;:mt-5\" dir=\"auto\" data-message-author-role=\"assistant\" data-message-id=\"ef870553-6444-43a4-9561-1ba5ea809901\" data-message-model-slug=\"gpt-4o-mini\">\n<div class=\"flex w-full flex-col gap-1 empty:hidden first:pt-&#091;3px&#093;\">\n<div class=\"markdown prose w-full break-words dark:prose-invert light\">\n<p>In this case, no money will be refunded. If it is a monthly rental, you will lose the deposit.<\/p>\n<\/div>\n<\/div>\n<\/div>\n<\/div>\n<\/div><\/div><\/div><\/section>\n<section class='av_toggle_section av-m3ltka1k-ed0706cb638e667111879e51069645e7'  itemscope=\"itemscope\" itemtype=\"https:\/\/schema.org\/CreativeWork\" ><div role=\"tablist\" class=\"single_toggle\" data-tags=\"{Tout} \"  ><h3 id='toggle-toggle-id-12' data-fake-id='#toggle-id-12' class='toggler  av-title-above av-inherit-border-color'  itemprop=\"headline\"  role='tab' tabindex='0' aria-controls='toggle-id-12' data-slide-speed=\"200\" data-title=\"Puis-je rendre la voiture o\u00f9 je veux et non l\u00e0 o\u00f9 cela a \u00e9t\u00e9 convenu ?\" data-title-open=\"\" data-aria_collapsed=\"Cliquez pour \u00e9tendre : Puis-je rendre la voiture o\u00f9 je veux et non l\u00e0 o\u00f9 cela a \u00e9t\u00e9 convenu ?\" data-aria_expanded=\"Cliquez pour r\u00e9duire : Puis-je rendre la voiture o\u00f9 je veux et non l\u00e0 o\u00f9 cela a \u00e9t\u00e9 convenu ?\">Puis-je rendre la voiture o\u00f9 je veux et non l\u00e0 o\u00f9 cela a \u00e9t\u00e9 convenu ?<span class=\"toggle_icon\"><span class=\"vert_icon\"><\/span><span class=\"hor_icon\"><\/span><\/span><\/h3><div id='toggle-id-12' aria-labelledby='toggle-toggle-id-12' role='region' class='toggle_wrap  av-title-above'  ><div class='toggle_content invers-color av-inherit-border-color'  itemprop=\"text\" ><p>La restitution \u00e0 un autre endroit que celui convenu doit \u00eatre autoris\u00e9e par <strong>rentacarthessalonikiairport.com<\/strong> et entra\u00eenera des frais suppl\u00e9mentaires.<\/p>\n<\/div><\/div><\/div><\/section>\n<\/div><\/div><\/p>\n<div  class='flex_column av-av_one_fifth-a961ec8c42a44a397321d1a2224da3ca av_one_fifth  avia-builder-el-5  el_after_av_one_full  avia-builder-el-last  first flex_column_div  column-top-margin'     ><\/div>\n","protected":false},"excerpt":{"rendered":"","protected":false},"author":6,"featured_media":0,"parent":0,"menu_order":0,"comment_status":"closed","ping_status":"closed","template":"","meta":{"footnotes":""},"class_list":["post-3489","page","type-page","status-publish","hentry"],"_links":{"self":[{"href":"https:\/\/www.rentacarthessalonikiairport.com\/fr\/wp-json\/wp\/v2\/pages\/3489","targetHints":{"allow":["GET"]}}],"collection":[{"href":"https:\/\/www.rentacarthessalonikiairport.com\/fr\/wp-json\/wp\/v2\/pages"}],"about":[{"href":"https:\/\/www.rentacarthessalonikiairport.com\/fr\/wp-json\/wp\/v2\/types\/page"}],"author":[{"embeddable":true,"href":"https:\/\/www.rentacarthessalonikiairport.com\/fr\/wp-json\/wp\/v2\/users\/6"}],"replies":[{"embeddable":true,"href":"https:\/\/www.rentacarthessalonikiairport.com\/fr\/wp-json\/wp\/v2\/comments?post=3489"}],"version-history":[{"count":2,"href":"https:\/\/www.rentacarthessalonikiairport.com\/fr\/wp-json\/wp\/v2\/pages\/3489\/revisions"}],"predecessor-version":[{"id":3500,"href":"https:\/\/www.rentacarthessalonikiairport.com\/fr\/wp-json\/wp\/v2\/pages\/3489\/revisions\/3500"}],"wp:attachment":[{"href":"https:\/\/www.rentacarthessalonikiairport.com\/fr\/wp-json\/wp\/v2\/media?parent=3489"}],"curies":[{"name":"wp","href":"https:\/\/api.w.org\/{rel}","templated":true}]}}