{"id":2323,"date":"2022-10-18T21:52:33","date_gmt":"2022-10-18T18:52:33","guid":{"rendered":"https:\/\/www.rentacarthessalonikiairport.com\/questions-frequentes\/"},"modified":"2024-02-24T16:13:42","modified_gmt":"2024-02-24T14:13:42","slug":"questions-frequentes","status":"publish","type":"page","link":"https:\/\/www.rentacarthessalonikiairport.com\/fr\/questions-frequentes\/","title":{"rendered":"Questions fr\u00e9quentes"},"content":{"rendered":"<div  class='flex_column av-y6m1-07fd7ea53faf856da1c8b844b7c16534 av_one_full  avia-builder-el-0  el_before_av_one_full  avia-builder-el-first  first flex_column_div  '     ><p>\n<style type=\"text\/css\" data-created_by=\"avia_inline_auto\" id=\"style-css-av-l9ekd99q-cdbdb5823076f62098fb2eae2ff7b851\">\n#top .av-special-heading.av-l9ekd99q-cdbdb5823076f62098fb2eae2ff7b851{\npadding-bottom:10px;\nfont-size:30px;\n}\nbody .av-special-heading.av-l9ekd99q-cdbdb5823076f62098fb2eae2ff7b851 .av-special-heading-tag .heading-char{\nfont-size:25px;\n}\n#top #wrap_all .av-special-heading.av-l9ekd99q-cdbdb5823076f62098fb2eae2ff7b851 .av-special-heading-tag{\nfont-size:30px;\n}\n.av-special-heading.av-l9ekd99q-cdbdb5823076f62098fb2eae2ff7b851 .av-subheading{\nfont-size:26px;\n}\n\n@media only screen and (min-width: 480px) and (max-width: 767px){ \n#top #wrap_all .av-special-heading.av-l9ekd99q-cdbdb5823076f62098fb2eae2ff7b851 .av-special-heading-tag{\nfont-size:0.8em;\n}\n}\n\n@media only screen and (max-width: 479px){ \n#top #wrap_all .av-special-heading.av-l9ekd99q-cdbdb5823076f62098fb2eae2ff7b851 .av-special-heading-tag{\nfont-size:0.8em;\n}\n}\n<\/style>\n<div  class='av-special-heading av-l9ekd99q-cdbdb5823076f62098fb2eae2ff7b851 av-special-heading-h2 blockquote modern-quote modern-centered  avia-builder-el-1  el_before_av_heading  avia-builder-el-first  av-inherit-size'><h2 class='av-special-heading-tag '  itemprop=\"headline\"  >Questions fr\u00e9quemment pos\u00e9es sur la location de voitures<\/h2><div class='av-subheading av-subheading_below'><p><b>Le nouveau service de rentacarthalonikiairport.com pour la recherche d&rsquo;informations sur la location de voitures \u00e0 Thessalonique.<\/b><\/p>\n<\/div><div class=\"special-heading-border\"><div class=\"special-heading-inner-border\"><\/div><\/div><\/div><br \/>\n\n<style type=\"text\/css\" data-created_by=\"avia_inline_auto\" id=\"style-css-av-l9h9j970-a3595238921676767e94866607cb7d73\">\n#top .av-special-heading.av-l9h9j970-a3595238921676767e94866607cb7d73{\npadding-bottom:10px;\nfont-size:30px;\n}\nbody .av-special-heading.av-l9h9j970-a3595238921676767e94866607cb7d73 .av-special-heading-tag .heading-char{\nfont-size:25px;\n}\n#top #wrap_all .av-special-heading.av-l9h9j970-a3595238921676767e94866607cb7d73 .av-special-heading-tag{\nfont-size:30px;\n}\n.av-special-heading.av-l9h9j970-a3595238921676767e94866607cb7d73 .av-subheading{\nfont-size:26px;\n}\n\n@media only screen and (min-width: 480px) and (max-width: 767px){ \n#top #wrap_all .av-special-heading.av-l9h9j970-a3595238921676767e94866607cb7d73 .av-special-heading-tag{\nfont-size:0.8em;\n}\n}\n\n@media only screen and (max-width: 479px){ \n#top #wrap_all .av-special-heading.av-l9h9j970-a3595238921676767e94866607cb7d73 .av-special-heading-tag{\nfont-size:0.8em;\n}\n}\n<\/style>\n<div  class='av-special-heading av-l9h9j970-a3595238921676767e94866607cb7d73 av-special-heading-h2 blockquote modern-quote modern-centered  avia-builder-el-2  el_after_av_heading  avia-builder-el-last  av-inherit-size'><h2 class='av-special-heading-tag '  itemprop=\"headline\"  >Quelles sont les conditions ?<\/h2><div class=\"special-heading-border\"><div class=\"special-heading-inner-border\"><\/div><\/div><\/div><\/p><\/div>\n<div  class='flex_column av-8prfd-13c6a9423ad0268d81546a50e75f2e84 av_one_full  avia-builder-el-3  el_after_av_one_full  el_before_av_one_fifth  first flex_column_div  column-top-margin'     ><style type=\"text\/css\" data-created_by=\"avia_inline_auto\" id=\"style-css-av-l9ekbnj8-24df2ad5db0d33b480910032d251fe8f\">\n#top .togglecontainer.av-l9ekbnj8-24df2ad5db0d33b480910032d251fe8f h3.toggler{\ncolor:#474747;\nbackground-color:#dbdbdb;\nborder-color:#6d6d6d;\n}\n#top .togglecontainer.av-l9ekbnj8-24df2ad5db0d33b480910032d251fe8f h3.toggler .toggle_icon{\ncolor:#ff0044;\nborder-color:#ff0044;\n}\n#top .togglecontainer.av-l9ekbnj8-24df2ad5db0d33b480910032d251fe8f h3.toggler .toggle_icon > span{\ncolor:#ff0044;\nborder-color:#ff0044;\n}\n#top .togglecontainer.av-l9ekbnj8-24df2ad5db0d33b480910032d251fe8f .toggle_wrap .toggle_content{\ncolor:#474747;\nbackground-color:#dbdbdb;\nborder-color:#6d6d6d;\n}\n<\/style>\n<div  class='togglecontainer av-l9ekbnj8-24df2ad5db0d33b480910032d251fe8f av-minimal-toggle  avia-builder-el-4  avia-builder-el-no-sibling  toggle_close_all' >\n<section class='av_toggle_section av-l9ek0bpe-85e98d2fd719216471b636556ad89378'  itemscope=\"itemscope\" itemtype=\"https:\/\/schema.org\/CreativeWork\" ><div role=\"tablist\" class=\"single_toggle\" data-tags=\"{Tout} \"  ><h3 id='toggle-toggle-id-1' data-fake-id='#toggle-id-1' class='toggler  av-title-above av-inherit-border-color'  itemprop=\"headline\"  role='tab' tabindex='0' aria-controls='toggle-id-1' data-slide-speed=\"200\" data-title=\"Dipl\u00f4me requis\" data-title-open=\"\" data-aria_collapsed=\"Cliquez pour \u00e9tendre : Dipl\u00f4me requis\" data-aria_expanded=\"Cliquez pour r\u00e9duire : Dipl\u00f4me requis\">Dipl\u00f4me requis<span class=\"toggle_icon\"><span class=\"vert_icon\"><\/span><span class=\"hor_icon\"><\/span><\/span><\/h3><div id='toggle-id-1' aria-labelledby='toggle-toggle-id-1' role='region' class='toggle_wrap  av-title-above'  ><div class='toggle_content invers-color av-inherit-border-color'  itemprop=\"text\" ><p>Les conducteurs des continents suivants peuvent \u00eatre titulaires d&rsquo;un permis national :<\/p>\n<ul>\n<li>Union europ\u00e9enne<\/li>\n<li>Royaume-Uni<\/li>\n<li>\u00c9tats-Unis d&rsquo;Am\u00e9rique<\/li>\n<li>Australie<\/li>\n<li>Norv\u00e8ge<\/li>\n<li>Islande<\/li>\n<li>Liechtenstein<\/li>\n<li>Gibraltar<\/li>\n<\/ul>\n<p>Tous les autres doivent \u00eatre titulaires d&rsquo;un dipl\u00f4me international et d&rsquo;un dipl\u00f4me national.<\/p>\n<\/div><\/div><\/div><\/section>\n<section class='av_toggle_section av-l9ek1y0m-272b12bf9e817224b65e55ba9d4262c1'  itemscope=\"itemscope\" itemtype=\"https:\/\/schema.org\/CreativeWork\" ><div role=\"tablist\" class=\"single_toggle\" data-tags=\"{Tout} \"  ><h3 id='toggle-toggle-id-2' data-fake-id='#toggle-id-2' class='toggler  av-title-above av-inherit-border-color'  itemprop=\"headline\"  role='tab' tabindex='0' aria-controls='toggle-id-2' data-slide-speed=\"200\" data-title=\"Comment puis-je louer une voiture \u00e0 partir de rentacarthessalonikiairport.com ?\" data-title-open=\"\" data-aria_collapsed=\"Cliquez pour \u00e9tendre : Comment puis-je louer une voiture \u00e0 partir de rentacarthessalonikiairport.com ?\" data-aria_expanded=\"Cliquez pour r\u00e9duire : Comment puis-je louer une voiture \u00e0 partir de rentacarthessalonikiairport.com ?\">Comment puis-je louer une voiture \u00e0 partir de rentacarthessalonikiairport.com ?<span class=\"toggle_icon\"><span class=\"vert_icon\"><\/span><span class=\"hor_icon\"><\/span><\/span><\/h3><div id='toggle-id-2' aria-labelledby='toggle-toggle-id-2' role='region' class='toggle_wrap  av-title-above'  ><div class='toggle_content invers-color av-inherit-border-color'  itemprop=\"text\" ><p>Vous pouvez louer une voiture sur <a href=\"http:\/\/rentacarthessalonikiairport.com\">rentacarthessalonikiairport.com<\/a> si vous avez entre 23 et 73 ans et si vous avez un permis de conduire depuis au moins 1 an. Le permis de conduire doit \u00eatre grec, europ\u00e9en ou international (INT\/DL).<\/p>\n<\/div><\/div><\/div><\/section>\n<section class='av_toggle_section av-l9ek4x40-5eb0ebe7e5ac32b1504ebbd02df43790'  itemscope=\"itemscope\" itemtype=\"https:\/\/schema.org\/CreativeWork\" ><div role=\"tablist\" class=\"single_toggle\" data-tags=\"{Tout} \"  ><h3 id='toggle-toggle-id-3' data-fake-id='#toggle-id-3' class='toggler  av-title-above av-inherit-border-color'  itemprop=\"headline\"  role='tab' tabindex='0' aria-controls='toggle-id-3' data-slide-speed=\"200\" data-title=\"Comment r\u00e9server une location de voiture \u00e0 rentacarthessalonikiairport ?\" data-title-open=\"\" data-aria_collapsed=\"Cliquez pour \u00e9tendre : Comment r\u00e9server une location de voiture \u00e0 rentacarthessalonikiairport ?\" data-aria_expanded=\"Cliquez pour r\u00e9duire : Comment r\u00e9server une location de voiture \u00e0 rentacarthessalonikiairport ?\">Comment r\u00e9server une location de voiture \u00e0 rentacarthessalonikiairport ?<span class=\"toggle_icon\"><span class=\"vert_icon\"><\/span><span class=\"hor_icon\"><\/span><\/span><\/h3><div id='toggle-id-3' aria-labelledby='toggle-toggle-id-3' role='region' class='toggle_wrap  av-title-above'  ><div class='toggle_content invers-color av-inherit-border-color'  itemprop=\"text\" ><p>Les r\u00e9servations peuvent \u00eatre effectu\u00e9es par t\u00e9l\u00e9phone au <a href=\"tel:00302310234150\">+30 2310 234150<\/a> ou par e-mail <a href=\"mailto:contact@rentacarthessalonikiairport.com\">contact@rentacarthessalonikiairport.com<\/a>.<\/p>\n<\/div><\/div><\/div><\/section>\n<section class='av_toggle_section av-l9ek5khk-5572648f17ae6a9e77a7c472c5abae27'  itemscope=\"itemscope\" itemtype=\"https:\/\/schema.org\/CreativeWork\" ><div role=\"tablist\" class=\"single_toggle\" data-tags=\"{Tout} \"  ><h3 id='toggle-toggle-id-4' data-fake-id='#toggle-id-4' class='toggler  av-title-above av-inherit-border-color'  itemprop=\"headline\"  role='tab' tabindex='0' aria-controls='toggle-id-4' data-slide-speed=\"200\" data-title=\"Dois-je verser un acompte pour effectuer une r\u00e9servation ?\" data-title-open=\"\" data-aria_collapsed=\"Cliquez pour \u00e9tendre : Dois-je verser un acompte pour effectuer une r\u00e9servation ?\" data-aria_expanded=\"Cliquez pour r\u00e9duire : Dois-je verser un acompte pour effectuer une r\u00e9servation ?\">Dois-je verser un acompte pour effectuer une r\u00e9servation ?<span class=\"toggle_icon\"><span class=\"vert_icon\"><\/span><span class=\"hor_icon\"><\/span><\/span><\/h3><div id='toggle-id-4' aria-labelledby='toggle-toggle-id-4' role='region' class='toggle_wrap  av-title-above'  ><div class='toggle_content invers-color av-inherit-border-color'  itemprop=\"text\" ><p>Nous ne demandons un acompte qu&rsquo;en cas de faible disponibilit\u00e9 des v\u00e9hicules \u00e0 louer.<\/p>\n<\/div><\/div><\/div><\/section>\n<section class='av_toggle_section av-l9ek6d9o-e68b2642dce4acb764ee5cf9286e2aaf'  itemscope=\"itemscope\" itemtype=\"https:\/\/schema.org\/CreativeWork\" ><div role=\"tablist\" class=\"single_toggle\" data-tags=\"{Tout} \"  ><h3 id='toggle-toggle-id-5' data-fake-id='#toggle-id-5' class='toggler  av-title-above av-inherit-border-color'  itemprop=\"headline\"  role='tab' tabindex='0' aria-controls='toggle-id-5' data-slide-speed=\"200\" data-title=\"Modes de paiement du bail\" data-title-open=\"\" data-aria_collapsed=\"Cliquez pour \u00e9tendre : Modes de paiement du bail\" data-aria_expanded=\"Cliquez pour r\u00e9duire : Modes de paiement du bail\">Modes de paiement du bail<span class=\"toggle_icon\"><span class=\"vert_icon\"><\/span><span class=\"hor_icon\"><\/span><\/span><\/h3><div id='toggle-id-5' aria-labelledby='toggle-toggle-id-5' role='region' class='toggle_wrap  av-title-above'  ><div class='toggle_content invers-color av-inherit-border-color'  itemprop=\"text\" ><p>Le paiement de la location s&rsquo;effectue par d\u00e9p\u00f4t sur le compte bancaire de <a href=\"http:\/\/rentacarthessalonikiairport.com\">rentacarthessalonikiairport.com<\/a> ou par carte de d\u00e9bit\/cr\u00e9dit.<\/p>\n<p>Votre nom complet et votre num\u00e9ro de t\u00e9l\u00e9phone doivent \u00eatre inclus dans le d\u00e9p\u00f4t.<\/p>\n<\/div><\/div><\/div><\/section>\n<section class='av_toggle_section av-l9ek7075-570781610fcd9099043e3af4aa9f86d4'  itemscope=\"itemscope\" itemtype=\"https:\/\/schema.org\/CreativeWork\" ><div role=\"tablist\" class=\"single_toggle\" data-tags=\"{Tout} \"  ><h3 id='toggle-toggle-id-6' data-fake-id='#toggle-id-6' class='toggler  av-title-above av-inherit-border-color'  itemprop=\"headline\"  role='tab' tabindex='0' aria-controls='toggle-id-6' data-slide-speed=\"200\" data-title=\"Puis-je louer sans carte de cr\u00e9dit ?\" data-title-open=\"\" data-aria_collapsed=\"Cliquez pour \u00e9tendre : Puis-je louer sans carte de cr\u00e9dit ?\" data-aria_expanded=\"Cliquez pour r\u00e9duire : Puis-je louer sans carte de cr\u00e9dit ?\">Puis-je louer sans carte de cr\u00e9dit ?<span class=\"toggle_icon\"><span class=\"vert_icon\"><\/span><span class=\"hor_icon\"><\/span><\/span><\/h3><div id='toggle-id-6' aria-labelledby='toggle-toggle-id-6' role='region' class='toggle_wrap  av-title-above'  ><div class='toggle_content invers-color av-inherit-border-color'  itemprop=\"text\" ><p>Vous devez disposer d&rsquo;une carte de cr\u00e9dit VISA\/Mastercard au nom du conducteur pour payer la caution. Si vous n&rsquo;avez pas de carte de cr\u00e9dit, veuillez nous contacter.<\/p>\n<\/div><\/div><\/div><\/section>\n<section class='av_toggle_section av-l9ek7min-5d4ab1da405db4e6b07ff54edbc3b7a5'  itemscope=\"itemscope\" itemtype=\"https:\/\/schema.org\/CreativeWork\" ><div role=\"tablist\" class=\"single_toggle\" data-tags=\"{Tout} \"  ><h3 id='toggle-toggle-id-7' data-fake-id='#toggle-id-7' class='toggler  av-title-above av-inherit-border-color'  itemprop=\"headline\"  role='tab' tabindex='0' aria-controls='toggle-id-7' data-slide-speed=\"200\" data-title=\"Puis-je faire autant de kilom\u00e8tres que je le souhaite ?\" data-title-open=\"\" data-aria_collapsed=\"Cliquez pour \u00e9tendre : Puis-je faire autant de kilom\u00e8tres que je le souhaite ?\" data-aria_expanded=\"Cliquez pour r\u00e9duire : Puis-je faire autant de kilom\u00e8tres que je le souhaite ?\">Puis-je faire autant de kilom\u00e8tres que je le souhaite ?<span class=\"toggle_icon\"><span class=\"vert_icon\"><\/span><span class=\"hor_icon\"><\/span><\/span><\/h3><div id='toggle-id-7' aria-labelledby='toggle-toggle-id-7' role='region' class='toggle_wrap  av-title-above'  ><div class='toggle_content invers-color av-inherit-border-color'  itemprop=\"text\" ><p>Pour une location de voiture de 1 \u00e0 3 jours, 100 km\/jour. Dans la location pour une p\u00e9riode de plus de 3 jours, l&rsquo;utilisation correcte des kilom\u00e8tres, et dans le mois vous pouvez faire 2,500 kilom\u00e8tres.<\/p>\n<\/div><\/div><\/div><\/section>\n<section class='av_toggle_section av-l9ek8790-d29b7d262180febd29d2a87aa4ad56da'  itemscope=\"itemscope\" itemtype=\"https:\/\/schema.org\/CreativeWork\" ><div role=\"tablist\" class=\"single_toggle\" data-tags=\"{Tout} \"  ><h3 id='toggle-toggle-id-8' data-fake-id='#toggle-id-8' class='toggler  av-title-above av-inherit-border-color'  itemprop=\"headline\"  role='tab' tabindex='0' aria-controls='toggle-id-8' data-slide-speed=\"200\" data-title=\"Qu&#039;advient-il du carburant dans la voiture de location ?\" data-title-open=\"\" data-aria_collapsed=\"Cliquez pour \u00e9tendre : Qu&#039;advient-il du carburant dans la voiture de location ?\" data-aria_expanded=\"Cliquez pour r\u00e9duire : Qu&#039;advient-il du carburant dans la voiture de location ?\">Qu&#039;advient-il du carburant dans la voiture de location ?<span class=\"toggle_icon\"><span class=\"vert_icon\"><\/span><span class=\"hor_icon\"><\/span><\/span><\/h3><div id='toggle-id-8' aria-labelledby='toggle-toggle-id-8' role='region' class='toggle_wrap  av-title-above'  ><div class='toggle_content invers-color av-inherit-border-color'  itemprop=\"text\" ><p>Le locataire est tenu de restituer le v\u00e9hicule avec la m\u00eame quantit\u00e9 de carburant que celle qu&rsquo;il a re\u00e7ue.<\/p>\n<\/div><\/div><\/div><\/section>\n<section class='av_toggle_section av-l9ek8ukl-a3297bddb977249deb4e026dfa535fc0'  itemscope=\"itemscope\" itemtype=\"https:\/\/schema.org\/CreativeWork\" ><div role=\"tablist\" class=\"single_toggle\" data-tags=\"{Tout} \"  ><h3 id='toggle-toggle-id-9' data-fake-id='#toggle-id-9' class='toggler  av-title-above av-inherit-border-color'  itemprop=\"headline\"  role='tab' tabindex='0' aria-controls='toggle-id-9' data-slide-speed=\"200\" data-title=\"Que dois-je faire si j&#039;ai un probl\u00e8me technique avec ma voiture ?\" data-title-open=\"\" data-aria_collapsed=\"Cliquez pour \u00e9tendre : Que dois-je faire si j&#039;ai un probl\u00e8me technique avec ma voiture ?\" data-aria_expanded=\"Cliquez pour r\u00e9duire : Que dois-je faire si j&#039;ai un probl\u00e8me technique avec ma voiture ?\">Que dois-je faire si j&#039;ai un probl\u00e8me technique avec ma voiture ?<span class=\"toggle_icon\"><span class=\"vert_icon\"><\/span><span class=\"hor_icon\"><\/span><\/span><\/h3><div id='toggle-id-9' aria-labelledby='toggle-toggle-id-9' role='region' class='toggle_wrap  av-title-above'  ><div class='toggle_content invers-color av-inherit-border-color'  itemprop=\"text\" ><p>En cas de probl\u00e8me technique avec la voiture que vous avez lou\u00e9e, veuillez contacter directement notre partenaire au <a href=\"tel:00302310234150\">+30 2310 234 150<\/a> et l&rsquo;assistance routi\u00e8re gratuite de Hellas Service au 1057 ou au <a href=\"tel:00302310462402\">+30 2310 462 402<\/a>.<\/p>\n<p>Lorsque vous contactez l&rsquo;assistance routi\u00e8re, vous devez mentionner la marque du v\u00e9hicule et son num\u00e9ro d&rsquo;immatriculation.<\/p>\n<\/div><\/div><\/div><\/section>\n<section class='av_toggle_section av-l9ek9hx8-319cca23d2a16df731a19608531c3bc1'  itemscope=\"itemscope\" itemtype=\"https:\/\/schema.org\/CreativeWork\" ><div role=\"tablist\" class=\"single_toggle\" data-tags=\"{Tout} \"  ><h3 id='toggle-toggle-id-10' data-fake-id='#toggle-id-10' class='toggler  av-title-above av-inherit-border-color'  itemprop=\"headline\"  role='tab' tabindex='0' aria-controls='toggle-id-10' data-slide-speed=\"200\" data-title=\"Si j&#039;ai un accident, que dois-je faire ?\" data-title-open=\"\" data-aria_collapsed=\"Cliquez pour \u00e9tendre : Si j&#039;ai un accident, que dois-je faire ?\" data-aria_expanded=\"Cliquez pour r\u00e9duire : Si j&#039;ai un accident, que dois-je faire ?\">Si j&#039;ai un accident, que dois-je faire ?<span class=\"toggle_icon\"><span class=\"vert_icon\"><\/span><span class=\"hor_icon\"><\/span><\/span><\/h3><div id='toggle-id-10' aria-labelledby='toggle-toggle-id-10' role='region' class='toggle_wrap  av-title-above'  ><div class='toggle_content invers-color av-inherit-border-color'  itemprop=\"text\" ><p>Contactez la police hell\u00e9nique (t\u00e9l\u00e9phone <strong>100<\/strong>) et les bureaux de <a href=\"https:\/\/rentacarthessalonikiairport.com\">rentacarthessalonikiairport.com<\/a> au +<a href=\"tel:00302310234150\">30 2310 234 150<\/a> pour qu&rsquo;ils vous envoient des soins en cas d&rsquo;accident.<\/p>\n<\/div><\/div><\/div><\/section>\n<section class='av_toggle_section av-l9eka6md-369d84a291b108eb15711a38ae51a7dc'  itemscope=\"itemscope\" itemtype=\"https:\/\/schema.org\/CreativeWork\" ><div role=\"tablist\" class=\"single_toggle\" data-tags=\"{Tout} \"  ><h3 id='toggle-toggle-id-11' data-fake-id='#toggle-id-11' class='toggler  av-title-above av-inherit-border-color'  itemprop=\"headline\"  role='tab' tabindex='0' aria-controls='toggle-id-11' data-slide-speed=\"200\" data-title=\" Que se passe-t-il si je suis en retard pour rendre la voiture de location ?\" data-title-open=\"\" data-aria_collapsed=\"Cliquez pour \u00e9tendre :  Que se passe-t-il si je suis en retard pour rendre la voiture de location ?\" data-aria_expanded=\"Cliquez pour r\u00e9duire :  Que se passe-t-il si je suis en retard pour rendre la voiture de location ?\"> Que se passe-t-il si je suis en retard pour rendre la voiture de location ?<span class=\"toggle_icon\"><span class=\"vert_icon\"><\/span><span class=\"hor_icon\"><\/span><\/span><\/h3><div id='toggle-id-11' aria-labelledby='toggle-toggle-id-11' role='region' class='toggle_wrap  av-title-above'  ><div class='toggle_content invers-color av-inherit-border-color'  itemprop=\"text\" ><p>Apr\u00e8s 30 minutes de retard, vous \u00eates factur\u00e9 pour la journ\u00e9e enti\u00e8re.<\/p>\n<\/div><\/div><\/div><\/section>\n<section class='av_toggle_section av-l9ekazgq-2c6c589b394b76abfe7639f3b6a63fe1'  itemscope=\"itemscope\" itemtype=\"https:\/\/schema.org\/CreativeWork\" ><div role=\"tablist\" class=\"single_toggle\" data-tags=\"{Tout} \"  ><h3 id='toggle-toggle-id-12' data-fake-id='#toggle-id-12' class='toggler  av-title-above av-inherit-border-color'  itemprop=\"headline\"  role='tab' tabindex='0' aria-controls='toggle-id-12' data-slide-speed=\"200\" data-title=\"Que se passe-t-il si je restitue la voiture que j&#039;ai lou\u00e9e pr\u00e9c\u00e9demment ?\" data-title-open=\"\" data-aria_collapsed=\"Cliquez pour \u00e9tendre : Que se passe-t-il si je restitue la voiture que j&#039;ai lou\u00e9e pr\u00e9c\u00e9demment ?\" data-aria_expanded=\"Cliquez pour r\u00e9duire : Que se passe-t-il si je restitue la voiture que j&#039;ai lou\u00e9e pr\u00e9c\u00e9demment ?\">Que se passe-t-il si je restitue la voiture que j&#039;ai lou\u00e9e pr\u00e9c\u00e9demment ?<span class=\"toggle_icon\"><span class=\"vert_icon\"><\/span><span class=\"hor_icon\"><\/span><\/span><\/h3><div id='toggle-id-12' aria-labelledby='toggle-toggle-id-12' role='region' class='toggle_wrap  av-title-above'  ><div class='toggle_content invers-color av-inherit-border-color'  itemprop=\"text\" ><p>Dans ce cas, aucune somme ne sera rembours\u00e9e. S&rsquo;il s&rsquo;agit d&rsquo;une location mensuelle, vous perdez la garantie.<\/p>\n<\/div><\/div><\/div><\/section>\n<section class='av_toggle_section av-l9ekbksl-ca0f0ba50ec1632ae014243ab669232b'  itemscope=\"itemscope\" itemtype=\"https:\/\/schema.org\/CreativeWork\" ><div role=\"tablist\" class=\"single_toggle\" data-tags=\"{Tout} \"  ><h3 id='toggle-toggle-id-13' data-fake-id='#toggle-id-13' class='toggler  av-title-above av-inherit-border-color'  itemprop=\"headline\"  role='tab' tabindex='0' aria-controls='toggle-id-13' data-slide-speed=\"200\" data-title=\"Puis-je restituer le v\u00e9hicule \u00e0 l&#039;endroit o\u00f9 je le souhaite et non \u00e0 l&#039;endroit convenu ?\" data-title-open=\"\" data-aria_collapsed=\"Cliquez pour \u00e9tendre : Puis-je restituer le v\u00e9hicule \u00e0 l&#039;endroit o\u00f9 je le souhaite et non \u00e0 l&#039;endroit convenu ?\" data-aria_expanded=\"Cliquez pour r\u00e9duire : Puis-je restituer le v\u00e9hicule \u00e0 l&#039;endroit o\u00f9 je le souhaite et non \u00e0 l&#039;endroit convenu ?\">Puis-je restituer le v\u00e9hicule \u00e0 l&#039;endroit o\u00f9 je le souhaite et non \u00e0 l&#039;endroit convenu ?<span class=\"toggle_icon\"><span class=\"vert_icon\"><\/span><span class=\"hor_icon\"><\/span><\/span><\/h3><div id='toggle-id-13' aria-labelledby='toggle-toggle-id-13' role='region' class='toggle_wrap  av-title-above'  ><div class='toggle_content invers-color av-inherit-border-color'  itemprop=\"text\" ><p>Le retour \u00e0 un autre point que celui convenu doit \u00eatre autoris\u00e9 par <a href=\"http:\/\/rentacarthessalonikiairport.com\">rentacarthessalonikiairport.com<\/a> et entra\u00eenera un suppl\u00e9ment.<\/p>\n<\/div><\/div><\/div><\/section>\n<\/div><\/div><div  class='flex_column av-6qy1l-a3f2c727b447e2c567a7e6eb0b9c333c av_one_fifth  avia-builder-el-5  el_after_av_one_full  avia-builder-el-last  first flex_column_div  column-top-margin'     ><\/div><\/p>\n","protected":false},"excerpt":{"rendered":"","protected":false},"author":6,"featured_media":0,"parent":0,"menu_order":0,"comment_status":"closed","ping_status":"closed","template":"","meta":{"footnotes":""},"class_list":["post-2323","page","type-page","status-publish","hentry"],"_links":{"self":[{"href":"https:\/\/www.rentacarthessalonikiairport.com\/fr\/wp-json\/wp\/v2\/pages\/2323","targetHints":{"allow":["GET"]}}],"collection":[{"href":"https:\/\/www.rentacarthessalonikiairport.com\/fr\/wp-json\/wp\/v2\/pages"}],"about":[{"href":"https:\/\/www.rentacarthessalonikiairport.com\/fr\/wp-json\/wp\/v2\/types\/page"}],"author":[{"embeddable":true,"href":"https:\/\/www.rentacarthessalonikiairport.com\/fr\/wp-json\/wp\/v2\/users\/6"}],"replies":[{"embeddable":true,"href":"https:\/\/www.rentacarthessalonikiairport.com\/fr\/wp-json\/wp\/v2\/comments?post=2323"}],"version-history":[{"count":2,"href":"https:\/\/www.rentacarthessalonikiairport.com\/fr\/wp-json\/wp\/v2\/pages\/2323\/revisions"}],"predecessor-version":[{"id":2325,"href":"https:\/\/www.rentacarthessalonikiairport.com\/fr\/wp-json\/wp\/v2\/pages\/2323\/revisions\/2325"}],"wp:attachment":[{"href":"https:\/\/www.rentacarthessalonikiairport.com\/fr\/wp-json\/wp\/v2\/media?parent=2323"}],"curies":[{"name":"wp","href":"https:\/\/api.w.org\/{rel}","templated":true}]}}