{"id":1175,"date":"2022-06-14T23:51:18","date_gmt":"2022-06-14T20:51:18","guid":{"rendered":"https:\/\/www.rentacarthessalonikiairport.com\/?page_id=1175"},"modified":"2022-11-16T15:39:30","modified_gmt":"2022-11-16T13:39:30","slug":"1175-2","status":"publish","type":"page","link":"https:\/\/www.rentacarthessalonikiairport.com\/fr\/1175-2\/","title":{"rendered":"CONTRAT DE LOCATION &#8211; TERMES ET CONDITIONS"},"content":{"rendered":"<section  class='av_textblock_section av-lajow3nw-bd83500dd9fbec3b60b592b8e5fa8c32 '   itemscope=\"itemscope\" itemtype=\"https:\/\/schema.org\/CreativeWork\" ><div class='avia_textblock'  itemprop=\"text\" ><table>\n<tbody>\n<tr>\n<td width=\"200\"><strong>CONTRAT DE LOCATION &#8211; TERMES ET CONDITIONS<\/strong><\/p>\n<p><strong>1. OBJET : <\/strong>Le pr\u00e9sent Contrat de location est \u00e9tabli entre le Loueur, qui sera d\u00e9sign\u00e9 ici par le \u00ab Loueur \u00bb tel que l\u00e9galement repr\u00e9sent\u00e9 pour la signature du pr\u00e9sent document, et d&rsquo;autre part le \u00ab Locataire \u00bb, dont le nom est inscrit sur la premi\u00e8re page de l&rsquo;Accord, et est soumis aux conditions et dispositions suivantes ainsi qu&rsquo;\u00e0 celles inscrites sur la premi\u00e8re page de l&rsquo;Accord. Par le pr\u00e9sent contrat, le bailleur loue au locataire, conform\u00e9ment aux conditions et dispositions suivantes et \u00e0 celles inscrites sur la premi\u00e8re page, le v\u00e9hicule mentionn\u00e9 sur la premi\u00e8re page du contrat, qui sera ci-apr\u00e8s d\u00e9nomm\u00e9 le \u00abv\u00e9hicule\u00bb pour des raisons de bri\u00e8vet\u00e9.<\/p>\n<p><strong>2.DUR\u00c9E\u00a0: <\/strong>La dur\u00e9e du Contrat commence imm\u00e9diatement \u00e0 compter de la date et de l&rsquo;heure de signature figurant sur la premi\u00e8re page du pr\u00e9sent document et de la remise du V\u00e9hicule au Locataire et se termine \u00e0 la date et \u00e0 l&rsquo;heure de restitution du V\u00e9hicule par le Locataire et de remise \u00e0 un repr\u00e9sentant de le bailleur, tel qu&rsquo;inscrit sur la premi\u00e8re page. La dur\u00e9e minimale de la p\u00e9riode de location est de 24 heures. Le Locataire est tenu de restituer le v\u00e9hicule \u00e0 un repr\u00e9sentant du Loueur \u00e0 la date, \u00e0 l&rsquo;heure (max +30 minutes) et au lieu convenus, tels qu&rsquo;inscrits sur la premi\u00e8re page, et toute modification ou retard doit \u00eatre accept\u00e9 par \u00e9crit par le Loueur. Les retours retard\u00e9s de plus de 30 minutes du temps d\u00e9fini sont factur\u00e9s comme une journ\u00e9e suppl\u00e9mentaire compl\u00e8te.<\/p>\n<p><strong>3.LOCATION ET CHARGES: <\/strong>3.1 Le Contrat est d\u00e9fini sur la premi\u00e8re page du Contrat et correspond int\u00e9gralement \u00e0 la valeur locative du V\u00e9hicule et \u00e0 la dur\u00e9e de location convenue, le Locataire reconnaissant qu&rsquo;il n&rsquo;a pas le droit de le contester ou d&rsquo;en exiger la diminution et, dans tous les cas, renonce \u00e0 un tel droit. Le bail est sujet \u00e0 modifications si l&rsquo;une des conditions convenues aux pr\u00e9sentes change apr\u00e8s la signature du pr\u00e9sent contrat et le d\u00e9but du bail (\u00e0 titre indicatif et non limitatif\u00a0: dur\u00e9e du bail, services\/couvertures suppl\u00e9mentaires tels que kilom\u00e9trage suppl\u00e9mentaire, conducteur suppl\u00e9mentaire, etc. .). Tous les frais suppl\u00e9mentaires seront conformes \u00e0 la liste de prix officielle actuelle du bailleur. La location est pay\u00e9e en totalit\u00e9 d&rsquo;avance, avant la livraison du V\u00e9hicule. 3.2 Le contrat de location comprend les \u00e9l\u00e9ments suivants\u00a0: a) Assurance responsabilit\u00e9 civile pour les dommages corporels et mat\u00e9riels, \u00e0 l&rsquo;exclusion du conducteur et des passagers, b) Assistance routi\u00e8re 24h\/24 dans toute la Gr\u00e8ce et selon les termes et conditions de la soci\u00e9t\u00e9 d&rsquo;assistance routi\u00e8re, \u00e0 l&rsquo;exception de l&rsquo;\u00eele territoire \u00e0 partir duquel il appartient au Locataire de restituer le v\u00e9hicule \u00e0 ses frais, c) T.V.A. et taxes locales, d) forfait kilom\u00e9trique de cent (100) kilom\u00e8tres par jour (mentionn\u00e9 en premi\u00e8re page), e) remplacement du V\u00e9hicule par un autre disponible, quelle que soit sa cat\u00e9gorie, en cas de panne\/accident. 3.3. Le bail ne comprend aucun montant, d\u00e9pense ou service qui n&rsquo;est pas inclus dans le paragraphe 3.2 ci-dessus ou qui n&rsquo;est pas clairement d\u00e9fini \u00e0 l&rsquo;espace respectif de la premi\u00e8re page. A titre indicatif et non limitatif, le contrat de location ne comprend pas : a) la consommation de carburant qui est int\u00e9gralement \u00e0 la charge du Preneur. La quantit\u00e9 de carburant au retour du V\u00e9hicule doit \u00eatre \u00e9gale \u00e0 la quantit\u00e9 de la livraison, qui est inscrite sur la premi\u00e8re page, sinon il y aura des frais pour le carburant consomm\u00e9 et 10,00 \u20ac en plus pour le service de remplissage plus la TVA. sur le total (il n&rsquo;y aura pas de remboursement pour les carburants non consomm\u00e9s). b) les \u00e9ventuels kilom\u00e8tres suppl\u00e9mentaires, au-del\u00e0 des 100 km\/jour inclus dans le bail. Le locataire est tenu de payer le montant par kilom\u00e8tre suppl\u00e9mentaire + T.V.A. \u00e0 la restitution du V\u00e9hicule, selon la grille tarifaire du Loueur, sauf si une utilisation de kilom\u00e8tres suppl\u00e9mentaires a \u00e9t\u00e9 convenue en d\u00e9but de location et est explicitement inscrite sur la premi\u00e8re page, c) toute couverture d&rsquo;assurance compl\u00e9mentaire en dehors de celles mentionn\u00e9es au paragraphe 3.2 .a, \u00e0 moins qu&rsquo;il n&rsquo;en ait \u00e9t\u00e9 convenu au d\u00e9but de la location et qu&rsquo;il ne soit explicitement inscrit sur la premi\u00e8re page de ce document, d) les amendes et charges pour contraventions, stationnement ill\u00e9gal et sanctions administratives inflig\u00e9es au V\u00e9hicule pendant la p\u00e9riode de location qui sont la responsabilit\u00e9 du Locataire de payer et de remettre une copie du paiement au Loueur lors de la restitution du V\u00e9hicule, faute de quoi le Locataire sera factur\u00e9 du montant de l&rsquo;amende\/infraction et de 15\u20ac de frais de dossier + T.V.A. sur le total du montant lors de la restitution du V\u00e9hicule apr\u00e8s sa d\u00e9claration d&rsquo;amende\/infraction ou apr\u00e8s notification ult\u00e9rieure au Loueur par la police ou les autorit\u00e9s communales et sans limitation de dur\u00e9e pour ces charges.<br \/>\n<strong>4.D\u00c9P\u00d4T DE GARANTIE\u00a0: <\/strong>Le Locataire, dans tous les cas et ind\u00e9pendamment de toute couverture d&rsquo;assurance, doit verser au Loueur une somme \u00e0 titre de caution pour la bonne ex\u00e9cution du pr\u00e9sent contrat, dont le montant est d\u00e9termin\u00e9 par le Loueur en fonction de la cat\u00e9gorie. du v\u00e9hicule lou\u00e9 et il est inscrit sur la premi\u00e8re page de ce document. La somme reste acquise au Bailleur pendant toute la dur\u00e9e du bail et sera int\u00e9gralement rembours\u00e9e au Locataire selon les m\u00eames modalit\u00e9s apr\u00e8s la fin du bail, \u00e0 condition que le Locataire ait rempli toutes ses obligations financi\u00e8res.<\/p>\n<p><strong>5. LIVRAISON-RETOUR DU VEHICULE: <\/strong>5.1 Le V\u00e9hicule est livr\u00e9 au Locataire \u00e0 la date et \u00e0 l&rsquo;heure d\u00e9finies sur la premi\u00e8re page. Le Locataire doit inspecter le V\u00e9hicule, ext\u00e9rieurement et int\u00e9rieurement, avec un repr\u00e9sentant du Loueur avant toute utilisation et indiquer tout dommage existant \u00e0 noter \u00e0 l&rsquo;endroit appropri\u00e9 en premi\u00e8re page et restituer le V\u00e9hicule \u00e0 un repr\u00e9sentant dans le m\u00eame \u00e9tat et avec exactement le m\u00eame niveau de carburant. La signature de ce document vaut r\u00e9c\u00e9piss\u00e9 de livraison du V\u00e9hicule.<br \/>\n5.2 Les livraisons et les retours aux bureaux du Loueur pendant les heures de bureau (lundi-samedi 09h00-20h00) n&rsquo;ont pas de frais suppl\u00e9mentaires. Le Preneur sera factur\u00e9 en suppl\u00e9ment pour toute livraison\/retour en dehors des heures de bureau, les dimanches, jours f\u00e9ri\u00e9s et en dehors des bureaux du Loueur. 5.3 Le V\u00e9hicule doit \u00eatre rendu propre et pr\u00eat pour l&rsquo;inspection, sinon le retour peut \u00eatre retard\u00e9 et il y aura un suppl\u00e9ment de 15,00\u20ac + T.V.A. Si un nettoyage sp\u00e9cialis\u00e9 (int\u00e9rieur ou autre) est demand\u00e9 (goudron, fourrure animale, etc.), il y aura un suppl\u00e9ment minimum de 60,00 \u20ac + T.V.A. 5.4 Le Loueur n&rsquo;assume aucune responsabilit\u00e9, pendant la p\u00e9riode de location ou apr\u00e8s sa fin, pour les objets du Locataire ou des passagers \u00e0 bord du V\u00e9hicule.<\/p>\n<p><strong>6.CONDIZIONI D&rsquo;USO: <\/strong>6.1 Il Veicolo pu\u00f2 essere utilizzato esclusivamente e solo in conformit\u00e0 con i termini e le disposizioni del presente documento e pu\u00f2 essere guidato solo dal Locatario e\/o dai conducenti autorizzati definiti nella prima pagina del presente documento. Il Locatario e i conducenti autorizzati sono pienamente ed esclusivamente responsabili per qualsiasi danno materiale del Veicolo e qualsiasi altra spesa o danno (perdita di utilizzo, spese legali, ecc.) derivante dalla violazione delle condizioni di utilizzo del Veicolo o di qualsiasi altro termine di questo documento. 6.2 Il Locatario ed i conducenti autorizzati sono tenuti ad avere cura del Veicolo, a proteggerlo da qualsiasi pericolo e ad avvisare immediatamente il Locatore in caso di indicazione di danneggiamento o malfunzionamento. Qualsiasi riparazione del Veicolo o qualsiasi tipo di intervento da parte del Locatario, dei conducenti autorizzati o di qualsiasi terza persona \u00e8 severamente vietato senza il preventivo consenso scritto del Locatore. 6.3 \u00c8 vietato l&rsquo;uso del Veicolo: i) da parte di terzi, diversi dal Locatario e dagli ulteriori conducenti autorizzati i cui dati personali sono riportati in prima pagina del presente documento, ii) da qualsiasi persona di et\u00e0 inferiore ai 23 o 25 anni, a seconda della categoria del veicolo, iii) da chiunque non sia in possesso di una patente di guida valida o da chiunque sia in possesso di una patente di guida valida rilasciata meno di 12 mesi prima dell&rsquo;inizio del contratto di locazione, iv) da qualsiasi persona la cui patente di guida sia \u00e8 stato revocato da qualsiasi autorit\u00e0 durante l&rsquo;ultimo anno prima dell&rsquo;inizio della locazione, v) per il trasporto di persone o cose a pagamento, vi) per il traino di veicoli o altri oggetti, vii) per partecipare o assistere a qualsiasi tipo di gara, viii) subaffittare a terzi, ix) caricare e trasportare bagagli o oggetti pesanti oltre la capacit\u00e0 del veicolo (come definito dal costruttore), oggetti infiammabili, sporchi o maleodoranti, droghe, pistole e altri oggetti il \u200b\u200bpossesso e il trasferimento di che \u00e8 vietato dal leggi greche e possono causare qualsiasi pericolo per la sicurezza del Veicolo, di quelli a bordo o di terzi, x) strade\/strade non percorribili o non asfaltate, xi) al di fuori del territorio greco senza previo consenso scritto del Locatore, xii) salire a bordo di una nave\/treno senza previo consenso scritto del Locatore, xiii) se il Locatore\/conducente autorizzato \u00e8 sotto l&rsquo;effetto di alcol, droghe allucinogene o qualsiasi altra sostanza che possa pregiudicare la sua capacit\u00e0 di guidare in sicurezza o se si trova, per qualsiasi motivo, in uno stato di ridotta capacit\u00e0 di guidare, xiv) in violazione di qualsiasi codice della strada o di altre disposizioni e leggi del Territorio Greco e per qualsiasi atto illegale o criminale secondo la Legislazione Greca e in modo tale da mettere in pericolo la Veicolo, passeggeri o terzi, xv) per qualsiasi scopo illecito o attivit\u00e0 criminale, xvi) per insegnare la guida a terzi, xvii) oltre il periodo di locazione concordato (iscritto in prima pagina) senza previo consenso scritto del Locatore, xviii) in violazione di ogni cond zione o disposizione di questo documento.<\/p>\n<p><strong>7. ACCIDENTS-DOMMAGES\u00a0: <\/strong>En cas d&rsquo;accident ou de tout autre incident\/dommage, le locataire\/conducteur autoris\u00e9 est tenu de prendre les mesures suivantes, quel que soit le responsable ou la couverture d&rsquo;assurance convenue\u00a0: a) informer imm\u00e9diatement la police (t\u00e9l. 100) et le Loueur afin d&rsquo;envoyer l&rsquo;assistance en cas d&rsquo;accident et d&rsquo;attendre qu&rsquo;ils enregistrent l&rsquo;\u00e9v\u00e9nement et r\u00e9cup\u00e8rent les papiers, b) notent les noms et informations des \u00e9ventuels t\u00e9moins et personnes impliqu\u00e9es dans l&rsquo;incident, c) ne reconnaissent aucune r\u00e9clamation faite par des tiers parties, d) collecter toute information pertinente aupr\u00e8s de toute tierce personne et tout document pertinent ou autre donn\u00e9e (par exemple des photos) et les remettre au bailleur avec les documents de la police et de l&rsquo;assistance aux accidents. Si le Loueur ne prend pas les mesures susmentionn\u00e9es, il sera consid\u00e9r\u00e9 comme enti\u00e8rement responsable de l&rsquo;accident\/incident et sera factur\u00e9 du montant total des dommages et du co\u00fbt des jours n\u00e9cessaires \u00e0 la r\u00e9paration du V\u00e9hicule et tout autre dommage et frais d\u00e9coulant de cet incident + T.V.A. sur le total du montant des charges, ind\u00e9pendamment de toute couverture d&rsquo;assurance convenue aux pr\u00e9sentes. Si le loueur\/conducteur autoris\u00e9 est responsable de l&rsquo;accident\/\u00e9v\u00e9nement, il y aura un suppl\u00e9ment de 30\u00a0% des primes d&rsquo;assurance annuelles (montant minimum 100,00\u00a0\u20ac), et 30\u00a0\u20ac en tant que flux de traitement des accidents + T.V.A. sur le total du montant. 7.1. En cas de dommage, le locataire se verra facturer des frais d&rsquo;administration d&rsquo;accident plus la T.V.A. tel que d\u00e9fini sur la liste de prix officielle du Loueur. 7.2. En cas de restauration des dommages, la s\u00e9lection de \u03c3\u03c5\u03bd\u03b5\u03c1\u03b3\u03b5\u03af\u03bf\u03c5 par le Locataire ou le conducteur autoris\u00e9 n&rsquo;est pas autoris\u00e9e, sauf s&rsquo;il s&rsquo;agit du concessionnaire officiel du V\u00e9hicule.<br \/>\n<strong>8.COUVERTURE D&rsquo;ASSURANCE:<\/strong> 8.1. La couverture d&rsquo;assurance fournie n&rsquo;est valable qu&rsquo;\u00e0 la condition que le V\u00e9hicule soit utilis\u00e9 en pleine conformit\u00e9 avec les termes et dispositions du pr\u00e9sent document et des polices d&rsquo;assurance correspondantes. Dans tous les autres cas, le Locataire et les conducteurs autoris\u00e9s sont enti\u00e8rement, solidairement et enti\u00e8rement responsables de la restitution int\u00e9grale des dommages caus\u00e9s et de toutes les d\u00e9penses r\u00e9sultant des dommages et de la violation des conditions et n&rsquo;ont aucune r\u00e9clamation contre le Loueur. 8.2. Le Locataire et les conducteurs autoris\u00e9s sont enti\u00e8rement responsables et ils sont tenus d&rsquo;indemniser le Loueur pour tout dommage, mat\u00e9riel ou autre, non couvert par l&rsquo;assurance incluse dans le prix de la location (par.3.2.a) ou toute couverture suppl\u00e9mentaire, s&rsquo;il y a lieu. est quelconque, qui a \u00e9t\u00e9 convenu au d\u00e9but du bail et est explicitement mentionn\u00e9 sur la premi\u00e8re page. Plus pr\u00e9cis\u00e9ment, en cas de dommages mat\u00e9riels ou autres en cours de location, le Locataire et les conducteurs autoris\u00e9s sont tenus de payer au Loueur quel qu&rsquo;en soit le fautif et sans objection, le montant des dommages selon la cat\u00e9gorie et le mod\u00e8le du v\u00e9hicule et le montant maximum le prix de vente du concessionnaire officiel du V\u00e9hicule au moment de l&rsquo;incident plus la T.V.A., y compris les frais r\u00e9sultant de l&rsquo;incident, tels que les frais de reprise du V\u00e9hicule et les dommages et int\u00e9r\u00eats pour perte de son utilisation. 8.3. Le Locataire peut limiter sa responsabilit\u00e9 pour les dommages du V\u00e9hicule \u00e0 un minimum de 750,00\u20ac+T.V.A. en acceptant et en souscrivant au d\u00e9but du bail la couverture \u00ab Collision Damage Waiver \u00bb (CDW), qui doit \u00eatre inscrite sur la premi\u00e8re page. Le montant de la CDW est d\u00e9fini par le Loueur en fonction de la cat\u00e9gorie du V\u00e9hicule et il est inscrit sur la premi\u00e8re page. La couverture CDW n&rsquo;est pas valide si le locataire ou les conducteurs autoris\u00e9s violent l&rsquo;une des conditions et dispositions du pr\u00e9sent contrat. 8.4. A titre indicatif et non limitatif, la couverture d&rsquo;assurance fournie, y compris la C.D.W. clause, ne couvre en aucun cas les \u00e9l\u00e9ments suivants pour la restauration desquels le Locataire et les conducteurs autoris\u00e9s sont enti\u00e8rement, conjointement et exclusivement responsables\u00a0: r\u00e9troviseurs, etc. et toutes les parties de l&rsquo;int\u00e9rieur du V\u00e9hicule (par exemple, syst\u00e8me audio, \u00e9crans\/syst\u00e8me de navigation, poign\u00e9es, compartiments, sellerie, etc.), c) dommages\/perte de pneus, roues, jantes, verres, sauf si un une couverture d&rsquo;assurance a \u00e9t\u00e9 convenue et souscrite par le Preneur au d\u00e9but du bail et elle est inscrite sur la premi\u00e8re page de ce document.<br \/>\n<strong>9.EXON\u00c9RATION DE RESPONSABILIT\u00c9<\/strong>: Le Loueur n&rsquo;est responsable qu&rsquo;en cas de faute intentionnelle ou de n\u00e9gligence grave. Dans tous les autres cas (y compris n\u00e9gligence l\u00e9g\u00e8re, cas fortuit ou force majeure) le Loueur n&rsquo;assume aucune responsabilit\u00e9 et aucun recours ne pourra \u00eatre exerc\u00e9 contre lui.<br \/>\n<strong>10. DROIT DE SUBSTITUTION:<\/strong> Le Bailleur a le droit, \u00e0 son propre jugement et par une d\u00e9claration \u00e9crite pertinente au Bailleur, d&rsquo;indiquer toute personne physique ou morale ou entit\u00e9 qui se substituera \u00e0 lui en partie ou en totalit\u00e9 en ce qui concerne les droits et obligations d\u00e9coulant de cet accord. Le Locataire n&rsquo;a pas le droit de c\u00e9der aucun de ses droits ou obligations d\u00e9coulant du pr\u00e9sent contrat.<\/p>\n<p><strong>11. VIOLATION DES TERMES DU BAIL<\/strong>: 11.1. Le Locataire et les conducteurs autoris\u00e9s du V\u00e9hicule sont enti\u00e8rement et solidairement responsables vis-\u00e0-vis du Loueur du respect int\u00e9gral et strict de toutes les conditions et dispositions du pr\u00e9sent contrat. 11.2. Si le Locataire ou l&rsquo;un des conducteurs autoris\u00e9s manque ou tente d&rsquo;enfreindre l&rsquo;une de ses obligations d\u00e9coulant du pr\u00e9sent contrat ou si les informations qu&rsquo;il fournit au Loueur sont inexactes ou fausses, le Loueur a le droit soit d&rsquo;adh\u00e9rer au pr\u00e9sent contrat, soit de donner un pr\u00e9avis de sa r\u00e9siliation, exigeant dans tous les cas la r\u00e9paration int\u00e9grale de tout pr\u00e9judice r\u00e9el et de tout manque \u00e0 gagner futur encouru et le paiement de toute somme \u00e9chue. Dans le cas o\u00f9 un avis de r\u00e9siliation du pr\u00e9sent contrat est donn\u00e9, le bailleur a le droit d&rsquo;exercer tous ses droits de jouissance. En cas de r\u00e9siliation du pr\u00e9sent contrat, toutes les dettes du Preneur n\u00e9es de la r\u00e9siliation du pr\u00e9sent contrat sont automatiquement et de plein droit consid\u00e9r\u00e9es comme \u00e9chues et exigibles. 11.3. Dans le cas o\u00f9 le Preneur d\u00e9nonce unilat\u00e9ralement la r\u00e9siliation du contrat avant la fin de la dur\u00e9e convenue, il est tenu d&rsquo;avoir rempli toutes ses obligations d\u00e9coulant du pr\u00e9sent contrat et notamment celles de l&rsquo;article pr\u00e9c\u00e9dent. Les \u00e9ventuelles redevances pay\u00e9es d&rsquo;avance pour la dur\u00e9e restant \u00e0 courir du bail restent acquises au Bailleur par la force d&rsquo;une clause juste et raisonnable. 11.4. Le pr\u00e9sent contrat est r\u00e9sili\u00e9 de plein droit et de plein droit en cas de d\u00e9c\u00e8s ou de mise sous s\u00e9questre du Preneur, s&rsquo;il est une personne physique, ou, s&rsquo;il s&rsquo;agit d&rsquo;une personne morale, d&rsquo;un d\u00e9mant\u00e8lement ou d&rsquo;une mise en liquidation. Le pr\u00e9sent contrat est \u00e9galement r\u00e9sili\u00e9 de plein droit et de plein droit en cas de faillite, de d\u00e9p\u00f4t de bilan ou de cessation des paiements du Preneur, ou de mise en cause de sa solvabilit\u00e9 comme \u00e0 titre indicatif en cas de saisie, de mise en vente forc\u00e9e ou de gestion forc\u00e9e de l&rsquo;un de ses biens.<\/p>\n<p><strong>12. NON RENONCIATION:<\/strong> Le d\u00e9faut d&rsquo;exercice ou le retard dans l&rsquo;exercice de ses droits de la part du Loueur par la force des pr\u00e9sentes ne constitue pas et ne peut en aucun cas \u00eatre consid\u00e9r\u00e9 comme valant renonciation \u00e0 ces droits.<\/p>\n<p><strong>13. JURIDICTION:<\/strong> Les tribunaux de Thessalonique sont exclusivement responsables des diff\u00e9rends et litiges pouvant d\u00e9couler du pr\u00e9sent document.<br \/>\n<strong>14. DISPOSITIONS GENERALES:<\/strong> Tous les termes du pr\u00e9sent document sont consid\u00e9r\u00e9s comme fondamentaux et la violation de l&rsquo;un d&rsquo;entre eux entra\u00eene les cons\u00e9quences mentionn\u00e9es \u00e0 l&rsquo;article 11. Le pr\u00e9sent document constitue l&rsquo;accord entier et exclusif entre les parties contractantes entendues et pr\u00e9vaut sur tout accord contraire, \u00e9crite ou verbale. Les titres des articles de ce document ont \u00e9t\u00e9 utilis\u00e9s uniquement pour la commodit\u00e9 des parties contractantes et ne peuvent en aucun cas \u00eatre utilis\u00e9s pour l&rsquo;interpr\u00e9tation de ce document. Si plus d&rsquo;un Locataire et\/ou conducteur autoris\u00e9 de la voiture est une partie contractante de ce document, ils sont tous tenus enti\u00e8rement responsables envers le Loueur pour toutes les obligations financi\u00e8res et autres obligations et responsabilit\u00e9s conform\u00e9ment \u00e0 ce document. Le d\u00e9faut ou la faute de l&rsquo;un des locataires et m\u00eame le pr\u00e9c\u00e9dent contre l&rsquo;un d&rsquo;eux et toute poursuite judiciaire ou extrajudiciaire du bailleur faite contre l&rsquo;un d&rsquo;eux ou son mandataire sont \u00e9galement valables de plein droit pour l&rsquo;autre \u00e9galement.<\/p>\n<p><strong>15. MODIFICATIONS:<\/strong> Toute modification des termes de ce document est invalide \u00e0 moins qu&rsquo;elle ne soit r\u00e9dig\u00e9e par \u00e9crit.<\/p>\n<p><strong>\u00a0<\/strong><\/td>\n<\/tr>\n<\/tbody>\n<\/table>\n<\/div><\/section>\n","protected":false},"excerpt":{"rendered":"","protected":false},"author":6,"featured_media":0,"parent":0,"menu_order":0,"comment_status":"closed","ping_status":"closed","template":"","meta":{"footnotes":""},"class_list":["post-1175","page","type-page","status-publish","hentry"],"_links":{"self":[{"href":"https:\/\/www.rentacarthessalonikiairport.com\/fr\/wp-json\/wp\/v2\/pages\/1175","targetHints":{"allow":["GET"]}}],"collection":[{"href":"https:\/\/www.rentacarthessalonikiairport.com\/fr\/wp-json\/wp\/v2\/pages"}],"about":[{"href":"https:\/\/www.rentacarthessalonikiairport.com\/fr\/wp-json\/wp\/v2\/types\/page"}],"author":[{"embeddable":true,"href":"https:\/\/www.rentacarthessalonikiairport.com\/fr\/wp-json\/wp\/v2\/users\/6"}],"replies":[{"embeddable":true,"href":"https:\/\/www.rentacarthessalonikiairport.com\/fr\/wp-json\/wp\/v2\/comments?post=1175"}],"version-history":[{"count":3,"href":"https:\/\/www.rentacarthessalonikiairport.com\/fr\/wp-json\/wp\/v2\/pages\/1175\/revisions"}],"predecessor-version":[{"id":1179,"href":"https:\/\/www.rentacarthessalonikiairport.com\/fr\/wp-json\/wp\/v2\/pages\/1175\/revisions\/1179"}],"wp:attachment":[{"href":"https:\/\/www.rentacarthessalonikiairport.com\/fr\/wp-json\/wp\/v2\/media?parent=1175"}],"curies":[{"name":"wp","href":"https:\/\/api.w.org\/{rel}","templated":true}]}}