{"id":2895,"date":"2024-07-17T18:26:05","date_gmt":"2024-07-17T15:26:05","guid":{"rendered":"https:\/\/www.rentacarthessalonikiairport.com\/?page_id=2895"},"modified":"2024-07-17T18:26:05","modified_gmt":"2024-07-17T15:26:05","slug":"politique-de-confidentialite","status":"publish","type":"page","link":"https:\/\/www.rentacarthessalonikiairport.com\/en\/politique-de-confidentialite\/","title":{"rendered":"Politique de confidentialit\u00e9"},"content":{"rendered":"<div class=\"flex-shrink-0 flex flex-col relative items-end\">\n<div>\n<div class=\"pt-0.5 juice:pt-0\">\n<div class=\"gizmo-bot-avatar flex h-6 w-6 items-center justify-center overflow-hidden rounded-full juice:h-8 juice:w-8\">\n<div class=\"relative p-1 rounded-sm flex items-center justify-center bg-token-main-surface-primary text-token-text-primary h-8 w-8\"><\/div>\n<\/div>\n<\/div>\n<\/div>\n<\/div>\n<div class=\"group\/conversation-turn relative flex w-full min-w-0 flex-col agent-turn\">\n<div class=\"flex-col gap-1 md:gap-3\">\n<div class=\"flex flex-grow flex-col max-w-full\">\n<div class=\"text-message flex flex-col items-start whitespace-pre-wrap break-words [.text-message+&amp;]:mt-5 juice:w-full juice:items-end overflow-x-auto gap-2\" dir=\"auto\" data-message-author-role=\"assistant\" data-message-id=\"cc3baa04-9e07-497b-9ab6-9a0d734e19a3\">\n<div class=\"flex w-full flex-col gap-1 juice:empty:hidden juice:first:pt-[3px]\">\n<div class=\"markdown prose w-full break-words dark:prose-invert dark\">\n<h2><strong>Politique de confidentialit\u00e9<\/strong><\/h2>\n<p>&nbsp;<\/p>\n<p>Cette politique de traitement\/protection des donn\u00e9es personnelles (ci-apr\u00e8s d\u00e9nomm\u00e9e &#8220;Politique&#8221;) fournit des informations sur la collecte, le stockage, le traitement et l&#8217;utilisation de vos donn\u00e9es personnelles.<\/p>\n<p><strong>Qu&#8217;est-ce qu&#8217;une donn\u00e9e personnelle ?<\/strong> Le terme &#8220;donn\u00e9es personnelles&#8221; fait r\u00e9f\u00e9rence aux informations des individus telles que le nom, l&#8217;adresse postale, l&#8217;adresse e-mail, le num\u00e9ro de t\u00e9l\u00e9phone, etc., qui identifient ou peuvent identifier votre identit\u00e9, ci-apr\u00e8s d\u00e9nomm\u00e9es &#8220;donn\u00e9es personnelles ou donn\u00e9es&#8221;.<\/p>\n<p><strong>Qu&#8217;est-ce que le traitement des donn\u00e9es personnelles ?<\/strong> Toute op\u00e9ration ou ensemble d&#8217;op\u00e9rations effectu\u00e9es sur des donn\u00e9es personnelles ou sur des ensembles de donn\u00e9es personnelles, qu&#8217;elles soient ou non effectu\u00e9es par des moyens automatis\u00e9s, telles que la collecte, l&#8217;enregistrement, l&#8217;organisation, la structuration, le stockage, l&#8217;adaptation ou la modification, la r\u00e9cup\u00e9ration, la consultation, l&#8217;utilisation, la divulgation par transmission, la diffusion ou toute autre forme de mise \u00e0 disposition, l&#8217;alignement ou la combinaison, la restriction, l&#8217;effacement ou la destruction.<\/p>\n<p><strong>Quelles donn\u00e9es collectons-nous ?<\/strong> Nous nous assurons de ne collecter que les donn\u00e9es strictement n\u00e9cessaires \u00e0 la finalit\u00e9 pour laquelle elles ont \u00e9t\u00e9 fournies et uniquement pour les finalit\u00e9s pour lesquelles elles ont \u00e9t\u00e9 collect\u00e9es.<\/p>\n<p>\u00c0 l&#8217;exception des donn\u00e9es collect\u00e9es via les cookies (voir ici la politique relative aux cookies), les donn\u00e9es sont limit\u00e9es \u00e0 celles que vous avez express\u00e9ment fournies pour un objectif sp\u00e9cifique et avec votre consentement. En outre, nous collectons des donn\u00e9es lorsque vous visitez notre site web et avec votre consentement implicite en remplissant les champs correspondants.<\/p>\n<p>3.1. Donn\u00e9es d&#8217;identit\u00e9 telles que le nom, le pr\u00e9nom, le nom du p\u00e8re, la date de naissance, le permis de conduire, le num\u00e9ro d&#8217;identification fiscale, le num\u00e9ro de carte d&#8217;identit\u00e9.<\/p>\n<p>3.2. Donn\u00e9es de contact\/exp\u00e9dition telles que l&#8217;adresse postale, l&#8217;adresse e-mail, le num\u00e9ro de t\u00e9l\u00e9phone.<\/p>\n<p>3.3. Donn\u00e9es de paiement telles que le num\u00e9ro de carte de cr\u00e9dit\/d\u00e9bit, PayPal, le num\u00e9ro de compte.<\/p>\n<p>3.4. Donn\u00e9es d&#8217;identification telles que le nom d&#8217;utilisateur, l&#8217;adresse IP.<\/p>\n<p><strong>Comment utilisons-nous vos donn\u00e9es ?<\/strong> Vos donn\u00e9es sont trait\u00e9es par notre personnel sp\u00e9cialement autoris\u00e9 ou par des syst\u00e8mes informatiques et des dispositifs \u00e9lectroniques de notre entreprise et, dans des cas exceptionnels, par des tiers contractuellement li\u00e9s \u00e0 notre entreprise, qui s&#8217;engagent \u00e0 maintenir la confidentialit\u00e9 de vos donn\u00e9es et \u00e0 les traiter uniquement aux fins pour lesquelles elles ont \u00e9t\u00e9 fournies.<\/p>\n<p>En g\u00e9n\u00e9ral, vos donn\u00e9es sont trait\u00e9es pour fournir les services suivants :<\/p>\n<p>4.1. \u00c9tablissement d&#8217;un devis : L&#8217;entreprise traite vos donn\u00e9es pour vous envoyer un devis pour la location \u00e0 court ou \u00e0 long terme d&#8217;une voiture.<\/p>\n<p>4.2. Location de voitures : L&#8217;entreprise traite vos donn\u00e9es pour ex\u00e9cuter la relation contractuelle avec vous, \u00e0 savoir la location d&#8217;une voiture, pour fournir des services de support (tels que l&#8217;entretien, la carrosserie, la r\u00e9paration, le remplacement de v\u00e9hicules, etc.), pour remplir les obligations l\u00e9gales, pour d\u00e9fendre, r\u00e9clamer ou exercer des droits l\u00e9gaux.<\/p>\n<p>4.3. Achat de voitures : L&#8217;entreprise traite vos donn\u00e9es pour finaliser l&#8217;achat de voitures d&#8217;occasion.<\/p>\n<p>4.4. Conformit\u00e9 aux lois applicables : L&#8217;entreprise traite vos donn\u00e9es pour se conformer aux obligations l\u00e9gales, notamment en mati\u00e8re de droit fiscal et d&#8217;assurance ou pour couvrir l&#8217;assurance des v\u00e9hicules provenant d&#8217;un contrat d&#8217;assurance actif.<\/p>\n<p>4.5. Cr\u00e9ation d&#8217;un compte utilisateur : L&#8217;entreprise traite vos donn\u00e9es pour fournir des fonctionnalit\u00e9s de compte et faciliter la gestion des contrats de location ou d&#8217;achat de produits et\/ou de services.<\/p>\n<p>4.6. Envoi de newsletters : L&#8217;entreprise vous offre la possibilit\u00e9 de choisir si vous souhaitez recevoir par e-mail des informations sur les promotions\/activit\u00e9s promotionnelles de l&#8217;entreprise (par exemple, les nouveaux produits et\/ou services sur le march\u00e9, les offres, l&#8217;ouverture de nouvelles stations de location de voitures, les agences de voyage, etc.).<\/p>\n<p>4.7. Services d&#8217;information sur le site web : L&#8217;entreprise fournit des services d&#8217;information \u00e0 ses clients.<\/p>\n<p>4.8. Programmes d&#8217;avantages pour les clients : Gr\u00e2ce \u00e0 ces programmes, l&#8217;entreprise offre \u00e0 ses clients une s\u00e9rie d&#8217;avantages, tels qu&#8217;un service prioritaire dans les stations de location, des positions de stationnement plus avantageuses dans les sites de l&#8217;entreprise, des coupons, des r\u00e9ductions, des offres, etc.<\/p>\n<p>4.9. Communication : L&#8217;entreprise utilise vos donn\u00e9es pour r\u00e9pondre aux demandes\/questions que vous envoyez, par exemple via le centre de contact et les formulaires de contact.<\/p>\n<p>4.10. Candidature : L&#8217;entreprise traite vos donn\u00e9es pour \u00e9valuer vos qualifications et comp\u00e9tences pour le poste pour lequel vous avez postul\u00e9 ou pour un autre poste dans l&#8217;entreprise, et pour communiquer avec vous \u00e0 cette fin.<\/p>\n<p>4.11. Participation \u00e0 des promotions\/concours en ligne : L&#8217;entreprise traite les donn\u00e9es que vous remplissez pour votre participation \u00e0 un concours, si vous y consentez, pour g\u00e9rer les concours, vous informer si vous \u00eates gagnant, et vous remettre le prix.<\/p>\n<p>4.12. Participation \u00e0 des enqu\u00eates de march\u00e9\/questionnaires en ligne : L&#8217;entreprise traite les donn\u00e9es que vous remplissez pour votre participation \u00e0 des enqu\u00eates en ligne, telles que des donn\u00e9es d\u00e9mographiques (\u00e2ge, revenu, etc.). Vous pouvez entrer toutes ou aucune information \u00e0 votre discr\u00e9tion. Les r\u00e9sultats de l&#8217;enqu\u00eate sont utilis\u00e9s uniquement pour am\u00e9liorer les fonctionnalit\u00e9s de notre site web, pour \u00e9valuer et am\u00e9liorer les services offerts, et pour aucun autre but.<\/p>\n<p><strong>Dans quel but traitons-nous vos donn\u00e9es ?<\/strong> Nous collectons vos donn\u00e9es aux fins des produits et\/ou services fournis, comme :<\/p>\n<p>a) pour \u00e9valuer votre demande de devis et ensuite pour g\u00e9rer le contrat de location.<\/p>\n<p>b) pour g\u00e9rer la location de v\u00e9hicules que vous avez choisie, par exemple pour communiquer et informer sur la disponibilit\u00e9, pour ex\u00e9cuter le contrat, pour fournir des services de maintenance, de carrosserie, de r\u00e9paration, de remplacement de v\u00e9hicules, pour envoyer les documents n\u00e9cessaires pour les produits ou services que vous avez peut-\u00eatre achet\u00e9s ou re\u00e7us, pour g\u00e9rer vos dettes envers l&#8217;entreprise, pour traiter les remboursements.<\/p>\n<p>c) pour remplir les obligations l\u00e9gales, telles que les lois sur le travail, les imp\u00f4ts et les assurances.<\/p>\n<p>d) pour surveiller, am\u00e9liorer et adapter nos produits et\/ou services \u00e0 vos pr\u00e9f\u00e9rences et choix.<\/p>\n<p>e) pour envoyer des informations sur les produits et\/ou services de notre entreprise par e-mail.<\/p>\n<p>f) pour r\u00e9aliser des enqu\u00eates de satisfaction client, promouvoir nos produits et\/ou services, envoyer des newsletters sur nos produits et\/ou services.<\/p>\n<p>g) pour \u00e9valuer les candidatures et CV pour des postes potentiels dans notre entreprise.<\/p>\n<p>h) pour communiquer en cas de r\u00e9alisation de concours.<\/p>\n<p><strong>Quelle est la base l\u00e9gale du traitement de vos donn\u00e9es par l&#8217;entreprise ?<\/strong> Le traitement de vos donn\u00e9es est effectu\u00e9 conform\u00e9ment \u00e0 :<\/p>\n<p>les termes de notre relation contractuelle, votre consentement, lorsque requis, les obligations l\u00e9gales de l&#8217;entreprise (par exemple, l\u00e9gislation fiscale, l\u00e9gislation du travail, l\u00e9gislation sur les assurances, etc.), l&#8217;int\u00e9r\u00eat l\u00e9gitime de notre entreprise. <strong>Qui sont les destinataires de vos donn\u00e9es ?<\/strong> L&#8217;entreprise garantit qu&#8217;elle ne divulgue, ne transmet ni ne partage vos donn\u00e9es avec des tiers, sauf comme d\u00e9crit ici, pour aucun objectif ou utilisation, sauf si cela est requis par la loi applicable ou demand\u00e9 par les autorit\u00e9s publiques\/judiciaires.<\/p>\n<p>L&#8217;acc\u00e8s \u00e0 vos donn\u00e9es est limit\u00e9 au personnel strictement n\u00e9cessaire de l&#8217;entreprise, tenu \u00e0 la confidentialit\u00e9, et \u00e0 nos entreprises partenaires, qui traitent vos donn\u00e9es en tant que responsables conjoints ou sous-traitants pour notre compte et conform\u00e9ment \u00e0 nos instructions.<\/p>\n<p>Par exemple, les destinataires de vos donn\u00e9es sont :<\/p>\n<ol>\n<li>L&#8217;entreprise qui traite la paie des employ\u00e9s de notre entreprise.<\/li>\n<li>Les compagnies d&#8217;assurance en collaboration avec notre entreprise.<\/li>\n<li>Les utilisateurs des marques et syst\u00e8mes de notre entreprise.<\/li>\n<li>Les agences de voyage partenaires en ce qui concerne la location de voitures.<\/li>\n<li>Les entreprises fournissant des services de r\u00e9paration, de carrosserie, de maintenance pour les v\u00e9hicules lou\u00e9s.<\/li>\n<li>Les cabinets d&#8217;audit v\u00e9rifiant les \u00e9tats financiers annuels de notre entreprise.<\/li>\n<li>Les entreprises partenaires fournissant des services de d\u00e9pannage aux conducteurs utilisant les v\u00e9hicules de notre entreprise.<\/li>\n<li>Les entreprises g\u00e9rant le syst\u00e8me mondial de r\u00e9servation de voitures de location, qui g\u00e8re et surveille les r\u00e9servations de voitures de location via notre entreprise.<\/li>\n<\/ol>\n<p>Dans certains cas, vos donn\u00e9es peuvent \u00eatre transf\u00e9r\u00e9es en dehors de l&#8217;Espace \u00e9conomique europ\u00e9en (EEE). Dans ce cas, l&#8217;entreprise s&#8217;assure que le transfert est conforme \u00e0 la l\u00e9gislation applicable, par exemple en transf\u00e9rant les donn\u00e9es dans un pays consid\u00e9r\u00e9 par l&#8217;Union europ\u00e9enne comme offrant un niveau de protection ad\u00e9quat des donn\u00e9es, ou en garantissant des mesures de protection ad\u00e9quates.<\/p>\n<p><strong>Combien de temps conservons-nous vos donn\u00e9es ?<\/strong> Nous conservons vos donn\u00e9es pendant toute la dur\u00e9e de notre relation contractuelle. Une fois notre relation contractuelle termin\u00e9e, nous conservons vos donn\u00e9es pour la dur\u00e9e n\u00e9cessaire pour remplir les obligations l\u00e9gales, d\u00e9fendre nos droits et int\u00e9r\u00eats l\u00e9gaux, ou comme stipul\u00e9 dans nos obligations contractuelles envers des tiers (par exemple, les compagnies d&#8217;assurance). Pour les donn\u00e9es trait\u00e9es sur la base de votre consentement, elles sont conserv\u00e9es jusqu&#8217;\u00e0 ce que vous retiriez votre consentement.<\/p>\n<p><strong>Quels sont vos droits concernant vos donn\u00e9es ?<\/strong> Vous avez le droit d&#8217;acc\u00e9der \u00e0 vos donn\u00e9es. Vous pouvez demander des informations sur les donn\u00e9es que nous d\u00e9tenons et obtenir une copie. Vous avez le droit de rectifier vos donn\u00e9es. Vous pouvez demander la correction, la modification, l&#8217;ajout et la mise \u00e0 jour de vos donn\u00e9es. Vous avez le droit de supprimer\/\u00eatre oubli\u00e9. Vous pouvez demander la suppression de vos donn\u00e9es si elles ne sont plus n\u00e9cessaires aux finalit\u00e9s de traitement susmentionn\u00e9es ou si vous souhaitez retirer votre consentement, si tel est la seule base l\u00e9gale. Vous avez le droit \u00e0 la portabilit\u00e9 des donn\u00e9es. Vous pouvez demander de recevoir vos donn\u00e9es dans un format lisible ou de les transf\u00e9rer \u00e0 un autre responsable du traitement. Vous avez le droit de limiter le traitement. Vous pouvez demander la limitation du traitement de vos donn\u00e9es jusqu&#8217;\u00e0 ce que vos objections au traitement soient \u00e9valu\u00e9es. Vous avez le droit de vous opposer au traitement et de retirer votre consentement au traitement de vos donn\u00e9es. Vous pouvez vous opposer au traitement de vos donn\u00e9es, et nous cesserons le traitement, sauf s&#8217;il existe des raisons imp\u00e9rieuses et l\u00e9gitimes qui l&#8217;emportent sur vos droits. Si vous avez consenti \u00e0 la collecte, au traitement et \u00e0 l&#8217;utilisation de vos donn\u00e9es personnelles, vous pouvez retirer votre consentement \u00e0 tout moment sans affecter la l\u00e9galit\u00e9 du traitement bas\u00e9 sur ce consentement avant son retrait. Pour exercer vos droits, vous pouvez contacter le d\u00e9l\u00e9gu\u00e9 \u00e0 la protection des donn\u00e9es de l&#8217;entreprise aux coordonn\u00e9es suivantes : D\u00e9l\u00e9gu\u00e9 \u00e0 la protection des donn\u00e9es : [Nom du DPO de l&#8217;entreprise] Contact par e-mail : [Adresse e-mail du DPO] Contact t\u00e9l\u00e9phonique : [Num\u00e9ro de t\u00e9l\u00e9phone du DPO] Vous avez \u00e9galement le droit de d\u00e9poser une plainte aupr\u00e8s de l&#8217;autorit\u00e9 de protection des donn\u00e9es : Site web : [Site web de l&#8217;autorit\u00e9 de protection des donn\u00e9es] Contact t\u00e9l\u00e9phonique : [Num\u00e9ro de t\u00e9l\u00e9phone de l&#8217;autorit\u00e9 de protection des donn\u00e9es] <strong>Modifications de cette politique de confidentialit\u00e9<\/strong> Cette politique peut \u00eatre r\u00e9vis\u00e9e \u00e0 tout moment et sans pr\u00e9avis, toujours en conformit\u00e9 avec la l\u00e9gislation applicable. Nous vous recommandons de consulter r\u00e9guli\u00e8rement cette politique pour \u00eatre inform\u00e9 de tout changement. Si vous avez des questions ou besoin d&#8217;informations suppl\u00e9mentaires sur notre politique de confidentialit\u00e9, vous pouvez contacter le d\u00e9l\u00e9gu\u00e9 \u00e0 la protection des donn\u00e9es.<\/p>\n<\/div>\n<\/div>\n<\/div>\n<\/div>\n<\/div>\n<\/div>\n","protected":false},"excerpt":{"rendered":"<p>Politique de confidentialit\u00e9 &nbsp; Cette politique de traitement\/protection des donn\u00e9es personnelles (ci-apr\u00e8s d\u00e9nomm\u00e9e &#8220;Politique&#8221;) fournit des informations sur la collecte, le stockage, le traitement et l&#8217;utilisation de vos donn\u00e9es personnelles. Qu&#8217;est-ce qu&#8217;une donn\u00e9e personnelle ? Le terme &#8220;donn\u00e9es personnelles&#8221; fait r\u00e9f\u00e9rence aux informations des individus telles que le nom, l&#8217;adresse postale, l&#8217;adresse e-mail, le num\u00e9ro [&hellip;]<\/p>\n","protected":false},"author":6,"featured_media":0,"parent":0,"menu_order":0,"comment_status":"closed","ping_status":"closed","template":"","meta":{"footnotes":""},"class_list":["post-2895","page","type-page","status-publish","hentry"],"_links":{"self":[{"href":"https:\/\/www.rentacarthessalonikiairport.com\/en\/wp-json\/wp\/v2\/pages\/2895","targetHints":{"allow":["GET"]}}],"collection":[{"href":"https:\/\/www.rentacarthessalonikiairport.com\/en\/wp-json\/wp\/v2\/pages"}],"about":[{"href":"https:\/\/www.rentacarthessalonikiairport.com\/en\/wp-json\/wp\/v2\/types\/page"}],"author":[{"embeddable":true,"href":"https:\/\/www.rentacarthessalonikiairport.com\/en\/wp-json\/wp\/v2\/users\/6"}],"replies":[{"embeddable":true,"href":"https:\/\/www.rentacarthessalonikiairport.com\/en\/wp-json\/wp\/v2\/comments?post=2895"}],"version-history":[{"count":1,"href":"https:\/\/www.rentacarthessalonikiairport.com\/en\/wp-json\/wp\/v2\/pages\/2895\/revisions"}],"predecessor-version":[{"id":2896,"href":"https:\/\/www.rentacarthessalonikiairport.com\/en\/wp-json\/wp\/v2\/pages\/2895\/revisions\/2896"}],"wp:attachment":[{"href":"https:\/\/www.rentacarthessalonikiairport.com\/en\/wp-json\/wp\/v2\/media?parent=2895"}],"curies":[{"name":"wp","href":"https:\/\/api.w.org\/{rel}","templated":true}]}}