{"id":2891,"date":"2024-07-17T18:09:20","date_gmt":"2024-07-17T15:09:20","guid":{"rendered":"https:\/\/www.rentacarthessalonikiairport.com\/?page_id=2891"},"modified":"2024-07-17T18:09:20","modified_gmt":"2024-07-17T15:09:20","slug":"politica-sulla-privacy","status":"publish","type":"page","link":"https:\/\/www.rentacarthessalonikiairport.com\/en\/politica-sulla-privacy\/","title":{"rendered":"Politica sulla Privacy"},"content":{"rendered":"<div class=\"flex-shrink-0 flex flex-col relative items-end\">\n<div>\n<div class=\"pt-0.5 juice:pt-0\">\n<div class=\"gizmo-bot-avatar flex h-6 w-6 items-center justify-center overflow-hidden rounded-full juice:h-8 juice:w-8\">\n<div class=\"relative p-1 rounded-sm flex items-center justify-center bg-token-main-surface-primary text-token-text-primary h-8 w-8\"><\/div>\n<\/div>\n<\/div>\n<\/div>\n<\/div>\n<div class=\"group\/conversation-turn relative flex w-full min-w-0 flex-col agent-turn\">\n<div class=\"flex-col gap-1 md:gap-3\">\n<div class=\"flex flex-grow flex-col max-w-full\">\n<div class=\"text-message flex flex-col items-start whitespace-pre-wrap break-words [.text-message+&amp;]:mt-5 juice:w-full juice:items-end overflow-x-auto gap-2\" dir=\"auto\" data-message-author-role=\"assistant\" data-message-id=\"2e479344-0a2f-4958-a4e8-257e55d7d4d3\">\n<div class=\"flex w-full flex-col gap-1 juice:empty:hidden juice:first:pt-[3px]\">\n<div class=\"markdown prose w-full break-words dark:prose-invert dark\">\n<h2><strong>Politica sulla Privacy<\/strong><\/h2>\n<\/div>\n<\/div>\n<p>&nbsp;<\/p>\n<div class=\"flex w-full flex-col gap-1 juice:empty:hidden juice:first:pt-[3px]\">\n<div class=\"markdown prose w-full break-words dark:prose-invert dark\">\n<p>&nbsp;<\/p>\n<p>Questa politica di trattamento\/protezione dei dati personali (di seguito denominata \u201cPolitica\u201d) fornisce informazioni riguardanti la raccolta, la conservazione, il trattamento e l&#8217;uso dei tuoi dati personali.<\/p>\n<p><strong>Cosa sono i Dati Personali?<\/strong> Il termine &#8220;dati personali&#8221; si riferisce a informazioni di individui, come nome, indirizzo postale, indirizzo email, numero di telefono, ecc., che identificano o possono identificare la tua identit\u00e0, di seguito denominati &#8220;Dati Personali o Dati&#8221;.<\/p>\n<p><strong>Cos&#8217;\u00e8 il Trattamento dei Dati Personali?<\/strong> Qualsiasi operazione o insieme di operazioni eseguite su dati personali o su insiemi di dati personali, con mezzi automatizzati o meno, come raccolta, registrazione, organizzazione, strutturazione, conservazione, adattamento o modifica, recupero, consultazione, uso, divulgazione mediante trasmissione, diffusione o altrimenti messa a disposizione, allineamento o combinazione, limitazione, cancellazione o distruzione.<\/p>\n<p><strong>Quali Dati Raccogliamo?<\/strong> Ci assicuriamo di raccogliere solo i Dati strettamente necessari per lo scopo per cui sono stati forniti e sono utilizzati esclusivamente per gli scopi per cui sono stati raccolti.<\/p>\n<p>Ad eccezione dei Dati raccolti tramite i Cookies (vedi qui la Politica sui Cookies), i Dati sono limitati a quelli che hai fornito esplicitamente per uno scopo specifico e con il tuo consenso. Inoltre, raccogliamo Dati quando visiti il nostro sito web e con il tuo consenso, implicito compilando i rispettivi campi.<\/p>\n<p>3.1. Dati di identit\u00e0, come nome, cognome, nome del padre, data di nascita, patente di guida, codice fiscale, numero della carta d&#8217;identit\u00e0.<\/p>\n<p>3.2. Dati di contatto\/spedizione, come indirizzo postale, indirizzo email, numero di telefono.<\/p>\n<p>3.3. Dati di pagamento, come numero di carta di credito\/debito, PayPal, numero di conto bancario.<\/p>\n<p>3.4. Dati di identificazione, come nome utente, indirizzo IP.<\/p>\n<p><strong>Come Utilizziamo i tuoi Dati?<\/strong> I tuoi Dati sono trattati dal nostro personale appositamente autorizzato o attraverso sistemi informatici e dispositivi elettronici della nostra Societ\u00e0 e, eccezionalmente, da terzi che sono contrattualmente vincolati alla nostra Societ\u00e0 a mantenere la riservatezza e proteggere i tuoi Dati e a trattarli esclusivamente per gli scopi per cui ci sono stati forniti.<\/p>\n<p>In generale, i tuoi Dati sono trattati per fornire i seguenti servizi:<\/p>\n<p>4.1. Invio di un&#8217;offerta: La Societ\u00e0 tratta i tuoi Dati per inviare un&#8217;offerta per il noleggio a breve o lungo termine di un&#8217;auto.<\/p>\n<p>4.2. Noleggio di un&#8217;auto: La Societ\u00e0 tratta i tuoi Dati per adempiere al rapporto contrattuale con te, che \u00e8 il noleggio di un&#8217;auto, per fornire servizi di supporto (come manutenzione, carrozzeria, riparazione, sostituzione del veicolo, ecc.), per rispettare gli obblighi legali, per difendere, sollevare o esercitare rivendicazioni legali.<\/p>\n<p>4.3. Acquisto di un&#8217;auto: La Societ\u00e0 tratta i tuoi Dati per completare l&#8217;acquisto di auto usate.<\/p>\n<p>4.4. Conformit\u00e0 con la legge applicabile: La Societ\u00e0 tratta i tuoi Dati per rispettare gli obblighi legali, in particolare relativi alla legislazione fiscale e assicurativa o alla copertura assicurativa del veicolo derivante da un contratto assicurativo attivo.<\/p>\n<p>4.5. Creazione di un account utente: La Societ\u00e0 tratta i tuoi Dati per fornire funzioni di account e facilitare la conclusione di contratti di noleggio o acquisto di prodotti e\/o servizi.<\/p>\n<p>4.6. Invio di newsletter: La Societ\u00e0 ti offre la possibilit\u00e0 di scegliere, se lo desideri, di essere informato via email sulle attivit\u00e0 promozionali\/pubblicitarie della Societ\u00e0 (ad esempio, per nuovi prodotti e\/o servizi disponibili sul mercato, offerte, l&#8217;apertura di nuove stazioni di noleggio auto, agenzie di viaggio, ecc.).<\/p>\n<p>4.7. Servizi informativi sul sito web: La Societ\u00e0 fornisce servizi informativi per i propri clienti.<\/p>\n<p>4.8. Programmi di vantaggi per i clienti: Attraverso questi programmi, la Societ\u00e0 offre una serie di vantaggi ai propri clienti, come il servizio prioritario presso le stazioni di noleggio, posizioni di parcheggio pi\u00f9 vantaggiose presso le sedi della Societ\u00e0, buoni sconto, offerte, ecc.<\/p>\n<p>4.9. Comunicazione: La Societ\u00e0 utilizza i tuoi Dati per rispondere alle richieste\/domande che invii, ad esempio, tramite il Centro di contatto e i moduli di contatto.<\/p>\n<p>4.10. Ricerca di lavoro: La Societ\u00e0 tratta i tuoi Dati per valutare le tue qualifiche e capacit\u00e0 per la posizione per cui hai fatto domanda o per un&#8217;altra posizione all&#8217;interno della Societ\u00e0 e per comunicare con te riguardo a questo scopo.<\/p>\n<p>4.11. Partecipazione a attivit\u00e0 promozionali\/concorsi online: La Societ\u00e0 tratta i Dati che compili per la tua partecipazione a un concorso, se sei d&#8217;accordo, per condurre concorsi, informarti se sei un vincitore e consegnarti il premio.<\/p>\n<p>4.12. Partecipazione a indagini di mercato\/questionari online: La Societ\u00e0 tratta i Dati che compili per la tua partecipazione a indagini online, come dati demografici (et\u00e0, reddito, ecc.). Puoi inserire tutte le informazioni o nessuna, a tua discrezione. I risultati delle indagini saranno utilizzati solo per migliorare le caratteristiche del nostro sito web, per valutare e successivamente migliorare i servizi forniti a te e per nessun altro scopo.<\/p>\n<p><strong>Per quale scopo trattiamo i tuoi Dati?<\/strong> Raccogliamo i tuoi Dati per gli scopi dei prodotti e\/o servizi forniti, come:<\/p>\n<p>a) valutare la tua richiesta di un&#8217;offerta e successivamente per la conclusione del contratto di noleggio.<\/p>\n<p>b) gestire il noleggio dell&#8217;auto che hai scelto, ad esempio, comunicare e informarti sulla disponibilit\u00e0, eseguire il contratto, fornire manutenzione, carrozzeria, riparazione, servizi di sostituzione del veicolo, inviare documenti necessari per i prodotti che potresti aver acquistato o i servizi che potresti aver ricevuto, gestire i tuoi debiti nei confronti della Societ\u00e0, elaborare rimborsi.<\/p>\n<p>c) rispettare gli obblighi imposti dalla legge applicabile, come la legislazione lavorativa, fiscale e assicurativa.<\/p>\n<p>d) monitorare, migliorare e adattare alle tue preferenze e scelte riguardanti i nostri prodotti e\/o servizi.<\/p>\n<p>e) inviarti informazioni sui prodotti e\/o servizi della nostra Societ\u00e0 tramite email.<\/p>\n<p>f) condurre sondaggi sulla soddisfazione dei clienti, promuovere i nostri prodotti e\/o servizi, inviare newsletter sui nostri prodotti e\/o servizi.<\/p>\n<p>g) valutare le domande di lavoro e i curriculum per eventuali assunzioni presso la nostra Societ\u00e0.<\/p>\n<p>h) comunicare in caso di svolgimento di concorsi.<\/p>\n<p><strong>Qual \u00e8 la base giuridica per il trattamento dei tuoi Dati da parte della Societ\u00e0?<\/strong> Il trattamento dei tuoi Dati \u00e8 condotto in conformit\u00e0 con:<\/p>\n<p>i termini del nostro rapporto contrattuale, il tuo consenso, quando richiesto, gli obblighi della Societ\u00e0 previsti dalla legge (ad esempio, legislazione fiscale, lavorativa, assicurativa, ecc.), l&#8217;interesse legittimo della nostra Societ\u00e0. <strong>Chi sono i destinatari dei tuoi Dati?<\/strong> La Societ\u00e0 garantisce che non trasferir\u00e0, divulgher\u00e0, conceder\u00e0, ecc., i tuoi Dati a terzi (ad eccezione di quanto indicato nel presente documento) per qualsiasi scopo o utilizzo, salvo se richiesto dalla legge applicabile o richiesto da autorit\u00e0 pubbliche\/giudiziarie.<\/p>\n<p>L&#8217;accesso ai tuoi Dati \u00e8 limitato al personale strettamente necessario della Societ\u00e0, che si impegna alla riservatezza, e alle nostre societ\u00e0 partner, che trattano i tuoi Dati come Contitolari o Responsabili del trattamento per nostro conto e secondo le nostre istruzioni.<\/p>\n<p>Indicativamente, i destinatari dei tuoi Dati sono:<\/p>\n<ol>\n<li>La societ\u00e0 che emette la busta paga per i dipendenti della nostra Societ\u00e0.<\/li>\n<li>Compagnie assicurative che collaborano con la nostra Societ\u00e0.<\/li>\n<li>Utilizzatori dei marchi e dei sistemi della nostra Societ\u00e0.<\/li>\n<li>Agenzie di viaggio partner riguardo al noleggio di auto.<\/li>\n<li>Societ\u00e0 che forniscono servizi di riparazione, carrozzeria, manutenzione per i veicoli noleggiati.<\/li>\n<li>Societ\u00e0 di revisione contabile che verificano i bilanci della nostra Societ\u00e0.<\/li>\n<li>Societ\u00e0 partner che forniscono assistenza stradale ai conducenti che utilizzano i veicoli della nostra Societ\u00e0.<\/li>\n<li>Societ\u00e0 che gestiscono il sistema globale di prenotazione auto, che gestisce e controlla le prenotazioni di noleggio auto attraverso la nostra Societ\u00e0.<\/li>\n<\/ol>\n<p>In alcuni casi, i tuoi Dati possono essere trasferiti al di fuori dello Spazio Economico Europeo (SEE). In tal caso, la Societ\u00e0 garantir\u00e0 che il trasferimento sar\u00e0 conforme alla legislazione applicabile, ad esempio, trasferendo i Dati in un paese che l&#8217;Unione Europea considera che fornisce un livello adeguato di protezione dei dati o assicurando che ci siano adeguate misure di protezione dei dati.<\/p>\n<p><strong>Per quanto tempo conserviamo i tuoi Dati?<\/strong> Conserviamo i tuoi Dati per tutto il periodo della nostra relazione contrattuale. Se il nostro rapporto contrattuale termina, conserveremo i tuoi Dati per il periodo necessario per rispettare gli obblighi previsti dalla legge, per difendere i nostri diritti e interessi legali, o come previsto dai nostri obblighi contrattuali con terze parti (ad esempio, compagnie di assicurazione). Per i Dati trattati sulla base del tuo consenso, questi sono conservati fino a quando non ritiri il tuo consenso.<\/p>\n<p><strong>Quali sono i tuoi diritti in relazione ai tuoi Dati?<\/strong> Hai il diritto di accedere ai tuoi Dati. Puoi richiedere informazioni sui tuoi Dati che conserviamo e ottenerne una copia. Hai il diritto alla rettifica dei tuoi Dati. Puoi richiedere la correzione, la modifica, il completamento e l&#8217;aggiornamento dei tuoi Dati. Hai il diritto alla cancellazione\/diritto all&#8217;oblio. Puoi richiedere la cancellazione dei tuoi Dati se non sono pi\u00f9 necessari per le finalit\u00e0 del trattamento sopra descritte o se desideri ritirare il tuo consenso quando questa \u00e8 l&#8217;unica base legale. Hai il diritto alla portabilit\u00e0 dei dati. Puoi richiedere di ricevere i tuoi Dati in un formato leggibile o di trasmetterli a un altro titolare del trattamento. Hai il diritto di limitare il trattamento. Puoi richiedere di limitare il trattamento dei tuoi Dati in attesa della valutazione delle tue obiezioni al trattamento. Hai il diritto di opporti e di ritirare il consenso al trattamento dei tuoi Dati. Puoi opporti al trattamento dei tuoi Dati e interromperemo il trattamento, a meno che non vi siano altre motivazioni cogenti e legittime che prevalgano sui tuoi diritti. Se hai acconsentito alla raccolta, al trattamento e all&#8217;uso dei tuoi Dati personali, puoi ritirare il tuo consenso in qualsiasi momento senza pregiudicare la liceit\u00e0 del trattamento basato sul consenso prima della sua revoca. Per esercitare i tuoi diritti, puoi contattare il Responsabile della protezione dei dati della Societ\u00e0 ai seguenti dettagli di contatto: Responsabile della protezione dei dati: [Nome del DPO dell&#8217;azienda] Email di contatto: [Indirizzo email del DPO] Telefono di contatto: [Numero di telefono del DPO] Hai anche il diritto di presentare un reclamo all&#8217;Autorit\u00e0 per la protezione dei dati: Sito web: [Sito web dell&#8217;Autorit\u00e0 per la protezione dei dati] Telefono di contatto: [Numero di telefono dell&#8217;Autorit\u00e0 per la protezione dei dati] <strong>Modifiche a questa Politica sulla Privacy<\/strong> Questa Politica pu\u00f2 essere rivista in qualsiasi momento e senza preavviso, sempre in conformit\u00e0 con la legge applicabile. Ti consigliamo di controllare regolarmente questa Politica per essere informato su eventuali modifiche. Se hai domande o hai bisogno di ulteriori informazioni sulla nostra politica sulla privacy, puoi contattare il Responsabile della protezione dei dati.<\/p>\n<\/div>\n<\/div>\n<\/div>\n<\/div>\n<\/div>\n<\/div>\n","protected":false},"excerpt":{"rendered":"<p>Politica sulla Privacy &nbsp; &nbsp; Questa politica di trattamento\/protezione dei dati personali (di seguito denominata \u201cPolitica\u201d) fornisce informazioni riguardanti la raccolta, la conservazione, il trattamento e l&#8217;uso dei tuoi dati personali. Cosa sono i Dati Personali? Il termine &#8220;dati personali&#8221; si riferisce a informazioni di individui, come nome, indirizzo postale, indirizzo email, numero di telefono, [&hellip;]<\/p>\n","protected":false},"author":6,"featured_media":0,"parent":0,"menu_order":0,"comment_status":"closed","ping_status":"closed","template":"","meta":{"footnotes":""},"class_list":["post-2891","page","type-page","status-publish","hentry"],"_links":{"self":[{"href":"https:\/\/www.rentacarthessalonikiairport.com\/en\/wp-json\/wp\/v2\/pages\/2891","targetHints":{"allow":["GET"]}}],"collection":[{"href":"https:\/\/www.rentacarthessalonikiairport.com\/en\/wp-json\/wp\/v2\/pages"}],"about":[{"href":"https:\/\/www.rentacarthessalonikiairport.com\/en\/wp-json\/wp\/v2\/types\/page"}],"author":[{"embeddable":true,"href":"https:\/\/www.rentacarthessalonikiairport.com\/en\/wp-json\/wp\/v2\/users\/6"}],"replies":[{"embeddable":true,"href":"https:\/\/www.rentacarthessalonikiairport.com\/en\/wp-json\/wp\/v2\/comments?post=2891"}],"version-history":[{"count":1,"href":"https:\/\/www.rentacarthessalonikiairport.com\/en\/wp-json\/wp\/v2\/pages\/2891\/revisions"}],"predecessor-version":[{"id":2892,"href":"https:\/\/www.rentacarthessalonikiairport.com\/en\/wp-json\/wp\/v2\/pages\/2891\/revisions\/2892"}],"wp:attachment":[{"href":"https:\/\/www.rentacarthessalonikiairport.com\/en\/wp-json\/wp\/v2\/media?parent=2891"}],"curies":[{"name":"wp","href":"https:\/\/api.w.org\/{rel}","templated":true}]}}