{"id":870,"date":"2022-06-17T08:32:03","date_gmt":"2022-06-17T05:32:03","guid":{"rendered":"https:\/\/www.rentacarthessalonikiairport.com\/mietwagen-flotte\/"},"modified":"2025-02-08T16:33:24","modified_gmt":"2025-02-08T14:33:24","slug":"mietwagen-flotte","status":"publish","type":"page","link":"https:\/\/www.rentacarthessalonikiairport.com\/de\/mietwagen-flotte\/","title":{"rendered":"FLOTTE"},"content":{"rendered":"<div  class='flex_column av-av_one_full-a961ec8c42a44a397321d1a2224da3ca av_one_full  avia-builder-el-0  el_before_av_one_third  avia-builder-el-first  first flex_column_div  '     ><section  class='av_textblock_section av-av_textblock-9f1d08d208ea38101768ba4096f09dd7 '   itemscope=\"itemscope\" itemtype=\"https:\/\/schema.org\/CreativeWork\" ><div class='avia_textblock'  itemprop=\"text\" ><p><strong>W\u00e4hlen Sie ein Fahrzeug aus unserer Flotte:<\/strong><\/p>\n\n<\/div><\/section><\/div>\n\n<style type=\"text\/css\" data-created_by=\"avia_inline_auto\" id=\"style-css-av-av_one_third-0a1404ac2cba8690877657b0ed657a71\">\n.flex_column.av-av_one_third-0a1404ac2cba8690877657b0ed657a71{\nbackground-color:#002eff;\n}\n<\/style>\n<div  class='flex_column av-av_one_third-0a1404ac2cba8690877657b0ed657a71 av_one_third  avia-builder-el-2  el_after_av_one_full  el_before_av_one_third  first flex_column_div  column-top-margin'     ><style type=\"text\/css\" data-created_by=\"avia_inline_auto\" id=\"style-css-av-m6wao982-7fdbeb6ffef5c65afae9364a40b24c66\">\n#top .av_textblock_section.av-m6wao982-7fdbeb6ffef5c65afae9364a40b24c66 .avia_textblock{\nfont-size:20px;\n}\n<\/style>\n<section  class='av_textblock_section av-m6wao982-7fdbeb6ffef5c65afae9364a40b24c66 '   itemscope=\"itemscope\" itemtype=\"https:\/\/schema.org\/CreativeWork\" ><div class='avia_textblock'  itemprop=\"text\" ><h1 style=\"text-align: center;\"><span style=\"color: #ffffff;\">Exzellente Preise<\/span><\/h1>\n<p style=\"text-align: center;\"><span style=\"color: #ffffff;\">Wir garantieren g\u00fcnstige Preise, die der Qualit\u00e4t, dem Service und unseren Autos am Flughafen Thessaloniki Macedonia SKG entsprechen.<br \/>\nWir sind die g\u00fcnstigsten<\/span><\/p>\n<\/div><\/section><\/div>\n<style type=\"text\/css\" data-created_by=\"avia_inline_auto\" id=\"style-css-av-av_one_third-7692dd82fbcfb6cb1d767219df21fba3\">\n.flex_column.av-av_one_third-7692dd82fbcfb6cb1d767219df21fba3{\nbackground-color:#002eff;\n}\n<\/style>\n<div  class='flex_column av-av_one_third-7692dd82fbcfb6cb1d767219df21fba3 av_one_third  avia-builder-el-4  el_after_av_one_third  el_before_av_one_third  flex_column_div  column-top-margin'     ><style type=\"text\/css\" data-created_by=\"avia_inline_auto\" id=\"style-css-av-m6waotoc-306a9a309b13c88665f7d8551c30fa7e\">\n#top .av_textblock_section.av-m6waotoc-306a9a309b13c88665f7d8551c30fa7e .avia_textblock{\nfont-size:20px;\n}\n<\/style>\n<section  class='av_textblock_section av-m6waotoc-306a9a309b13c88665f7d8551c30fa7e '   itemscope=\"itemscope\" itemtype=\"https:\/\/schema.org\/CreativeWork\" ><div class='avia_textblock'  itemprop=\"text\" ><h1 style=\"text-align: center;\"><span style=\"color: #ffffff;\">Einfach und Schnell<\/span><\/h1>\n<p style=\"text-align: center;\"><span style=\"color: #ffffff;\">Bei rentacarthessalonikiairport gibt es keine Wartezeiten. Beeindruckend schnelle Lieferung und Abholung des Autos am Flughafen Thessaloniki SKG,<br \/>\nohne komplizierte Verfahren.<\/span><\/p>\n<\/div><\/section><\/div>\n<style type=\"text\/css\" data-created_by=\"avia_inline_auto\" id=\"style-css-av-av_one_third-7692dd82fbcfb6cb1d767219df21fba3\">\n.flex_column.av-av_one_third-7692dd82fbcfb6cb1d767219df21fba3{\nbackground-color:#002eff;\n}\n<\/style>\n<div  class='flex_column av-av_one_third-7692dd82fbcfb6cb1d767219df21fba3 av_one_third  avia-builder-el-6  el_after_av_one_third  avia-builder-el-last  flex_column_div  column-top-margin'     ><style type=\"text\/css\" data-created_by=\"avia_inline_auto\" id=\"style-css-av-m6wap7dw-adc1a2b08237e7f1f84267dbb76f1154\">\n#top .av_textblock_section.av-m6wap7dw-adc1a2b08237e7f1f84267dbb76f1154 .avia_textblock{\nfont-size:20px;\n}\n<\/style>\n<section  class='av_textblock_section av-m6wap7dw-adc1a2b08237e7f1f84267dbb76f1154 '   itemscope=\"itemscope\" itemtype=\"https:\/\/schema.org\/CreativeWork\" ><div class='avia_textblock'  itemprop=\"text\" ><h1 style=\"text-align: center;\"><span style=\"color: #ffffff;\">Exzellente Dienstleistungen<\/span><\/h1>\n<p style=\"text-align: center;\"><span style=\"color: #ffffff;\">Bei uns findest du alles, was du brauchst, von Kindersitzen, Wi-Fi, Bluetooth bis hin zu Schneeketten, damit du sicher \u00fcberall reisen kannst.<br \/>\n24\/7-Service, um gemeinsam eine L\u00f6sung f\u00fcr alles zu finden, was dir passieren k\u00f6nnte.<\/span><\/p>\n<\/div><\/section><\/div><\/p>\n","protected":false},"excerpt":{"rendered":"","protected":false},"author":6,"featured_media":0,"parent":0,"menu_order":0,"comment_status":"closed","ping_status":"closed","template":"","meta":{"footnotes":""},"class_list":["post-870","page","type-page","status-publish","hentry"],"_links":{"self":[{"href":"https:\/\/www.rentacarthessalonikiairport.com\/de\/wp-json\/wp\/v2\/pages\/870","targetHints":{"allow":["GET"]}}],"collection":[{"href":"https:\/\/www.rentacarthessalonikiairport.com\/de\/wp-json\/wp\/v2\/pages"}],"about":[{"href":"https:\/\/www.rentacarthessalonikiairport.com\/de\/wp-json\/wp\/v2\/types\/page"}],"author":[{"embeddable":true,"href":"https:\/\/www.rentacarthessalonikiairport.com\/de\/wp-json\/wp\/v2\/users\/6"}],"replies":[{"embeddable":true,"href":"https:\/\/www.rentacarthessalonikiairport.com\/de\/wp-json\/wp\/v2\/comments?post=870"}],"version-history":[{"count":6,"href":"https:\/\/www.rentacarthessalonikiairport.com\/de\/wp-json\/wp\/v2\/pages\/870\/revisions"}],"predecessor-version":[{"id":3683,"href":"https:\/\/www.rentacarthessalonikiairport.com\/de\/wp-json\/wp\/v2\/pages\/870\/revisions\/3683"}],"wp:attachment":[{"href":"https:\/\/www.rentacarthessalonikiairport.com\/de\/wp-json\/wp\/v2\/media?parent=870"}],"curies":[{"name":"wp","href":"https:\/\/api.w.org\/{rel}","templated":true}]}}