{"id":848,"date":"2022-06-14T23:51:18","date_gmt":"2022-06-14T20:51:18","guid":{"rendered":"https:\/\/www.rentacarthessalonikiairport.com\/?page_id=848"},"modified":"2024-08-01T18:39:46","modified_gmt":"2024-08-01T15:39:46","slug":"mietbedingungen","status":"publish","type":"page","link":"https:\/\/www.rentacarthessalonikiairport.com\/de\/mietbedingungen\/","title":{"rendered":"Mietbedingungen"},"content":{"rendered":"<section  class='av_textblock_section av-lybioidd-a7352496e0c00f30bc5a7d5a0d356718 '   itemscope=\"itemscope\" itemtype=\"https:\/\/schema.org\/CreativeWork\" ><div class='avia_textblock'  itemprop=\"text\" ><p>ALLGEMEINE BEDINGUNGEN<\/p>\n<ol>\n<li>Sie k\u00f6nnen die Autovermietung per Bargeld, Kredit oder Lastschrift bezahlen. F\u00fcr die Fahrzeuggarantie ist die Zahlung per Kreditkarte erforderlich. 300\u00a0\u20ac kleine Kategorie, 400\u00a0\u20ac mittlere Kategorie, 600\u00a0\u20ac Familienkategorie, 1.200\u00a0\u20ac SUV\/JEEP.<\/li>\n<li>Der Mieter ist verpflichtet, das gemietete Fahrzeug zu dem im Mietvertrag angegebenen Datum, Uhrzeit (max. +30 Minuten) und Ort an einen Vertreter des Unternehmens zur\u00fcckzugeben. Jede \u00c4nderung (Verl\u00e4ngerung oder Verk\u00fcrzung) bedarf der schriftlichen Zustimmung des Vermieters. R\u00fcckgaben oder Versp\u00e4tungen von mehr als 30 Minuten ab der angegebenen Zeit werden als zus\u00e4tzlicher Tag berechnet.<\/li>\n<li>Der Kraftstoff ist Sache des Mieters. Die Kraftstoffmenge bei der R\u00fcckgabe muss mit der bei der Lieferung \u00fcbereinstimmen, andernfalls werden der verbrauchte Kraftstoff und zus\u00e4tzlich 10,00 \u20ac f\u00fcr den Nachf\u00fcllservice zuz\u00fcglich der Mehrwertsteuer auf den Gesamtbetrag berechnet. F\u00fcr nicht verbrauchten Kraftstoff wird keine Erstattung gew\u00e4hrt.<\/li>\n<li>Der Mieter haftet ab dem Zeitpunkt der \u00dcbernahme des Fahrzeugs und bis zu dessen R\u00fcckgabe und \u00dcbergabe an einen Vertreter des Unternehmens f\u00fcr Bu\u00dfgelder, Verst\u00f6\u00dfe, Falschparken und Verwaltungsstrafen, die w\u00e4hrend des Mietverh\u00e4ltnisses auferlegt werden und f\u00fcr die er verpflichtet ist, zu zahlen und einen Zahlungsbeleg oder eine Quittung vorzulegen, andernfalls wird ihm der Betrag des Versto\u00dfes zuz\u00fcglich Verwaltungskosten in H\u00f6he von 15,00 \u20ac zuz\u00fcglich Mehrwertsteuer in Rechnung gestellt. Die Bearbeitungskosten werden vom Vermieter entweder nach der Feststellung des Versto\u00dfes durch ihn, zum Zeitpunkt der \u00dcbergabe des Fahrzeugs oder nach der Benachrichtigung durch die Polizei oder die Gemeindebeh\u00f6rden zu einem sp\u00e4teren Zeitpunkt und ohne zeitliche Begrenzung f\u00fcr diese Geb\u00fchren erhoben.<\/li>\n<li>Der Mieter ist verpflichtet, das Fahrzeug vor jeder Benutzung zusammen mit einem Vertreter des Unternehmens zu besichtigen und vor jeglicher Gefahr zu sch\u00fctzen, auf die in der Schadenstabelle auf der Vorderseite vermerkten Sch\u00e4den hinzuweisen und das Fahrzeug in genau demselben Zustand zur\u00fcckzugeben.<\/li>\n<li>Die im Mietpreis inbegriffene Versicherung deckt: Haftpflicht f\u00fcr Personen- und Sachsch\u00e4den an Dritten.<\/li>\n<li>Falls der Mieter in einen Unfall verwickelt wird oder das Fahrzeug durch sein Verschulden oder ohne sein Wissen besch\u00e4digt wird, muss er unabh\u00e4ngig von einer eventuellen Versicherung unverz\u00fcglich die Verkehrspolizei (Tel. 100) und dem Vermieter den Unfallbericht zukommen zu lassen und bei der R\u00fcckkehr den von der Verkehrspolizei erstellten Unfallbericht und die Unfalldokumente vorlegen, da der Mieter andernfalls haftbar gemacht wird und f\u00fcr alle Sch\u00e4den und die f\u00fcr die Reparatur des Fahrzeugs erforderlichen Tage aufkommen muss, auch wenn er ein Versicherungspaket akzeptiert hat. Im Falle eines Verschuldens werden dem Mieter 30 % der j\u00e4hrlichen Versicherungspr\u00e4mien (mindestens 100,00 \u20ac) und 30 \u20ac (Umschlagkosten) zuz\u00fcglich Mehrwertsteuer auf den Gesamtbetrag in Rechnung gestellt.<\/li>\n<li>Der Mieter kann seine Haftung f\u00fcr Sch\u00e4den an dem von ihm gemieteten Fahrzeug auf einen Betrag von mindestens 750,00 \u20ac + MwSt. (je nach Fahrzeugkategorie und maximal den Handelswert des Fahrzeugs zum Zeitpunkt des Unfalls zuz\u00fcglich MwSt.) beschr\u00e4nken, wenn er im Voraus die Klausel Damage Liability Waiver (C.D.W.) akzeptiert. Die H\u00f6he der Entsch\u00e4digung wird vom Autovermieter in Abh\u00e4ngigkeit von der Fahrzeugkategorie festgelegt.<\/li>\n<li>Kein Versicherungsschutz besteht, auch wenn er vereinbart wurde, in den folgenden F\u00e4llen: Teilnahme an Rennen oder Abschleppen von Fahrzeugen, Anh\u00e4ngern und anderen Anh\u00e4ngern, Beladung mit Gegenst\u00e4nden, die \u00fcber das Fassungsverm\u00f6gen des Fahrzeugs (gem\u00e4\u00df Herstellerangaben) hinausgehen, einseitige Haftungs\u00fcbernahme durch den Mieter im Falle eines Unfalls ohne sofortige Benachrichtigung des Vermieters und Anwesenheit der Verkehrspolizei (Tel. 100) zur Aush\u00e4ndigung einer Kopie des Unfallberichts, Betrieb des Fahrzeugs \u00fcber die vereinbarte Mietdauer hinaus, Betrieb des Fahrzeugs durch einen Mieter unter dem Einfluss von Alkohol\/Drogen\/Aufputschmitteln\/Hypnotika, Betrieb des Fahrzeugs unter Versto\u00df gegen das K. O.K. der griechischen Regierung oder in einer Art und Weise, die das Fahrzeug, die Fahrg\u00e4ste oder Dritte gef\u00e4hrdet, Betrieb des Fahrzeugs auf nicht befahrbaren (nicht asphaltierten) Stra\u00dfen, Betrieb des Fahrzeugs f\u00fcr den Transport von Personen\/Gegenst\u00e4nden gegen Entgelt, Betrieb des Fahrzeugs f\u00fcr illegale\/kriminelle Handlungen gem\u00e4\u00df griechischem Recht, Betrieb des Fahrzeugs zum Zweck der Fahrschulung Dritter, Betrieb des Fahrzeugs au\u00dferhalb der Grenzen des griechischen Staatsgebiets ohne schriftliche Zustimmung des Vermieters. Der Betrieb des Fahrzeugs durch eine dritte Person (auch wenn diese einen F\u00fchrerschein besitzt), die nicht im Mietvertrag angegeben ist, wird nicht gestattet.<\/li>\n<li>Die Zerst\u00f6rung\/Verlust von Reifen, Felgen oder Radkr\u00e4nzen, Kristallen und dem Unterboden des Fahrzeugs sind ausdr\u00fccklich von jeder Befreiung ausgeschlossen, es sei denn, der Mieter hat den entsprechenden Versicherungsschutz akzeptiert. Ausdr\u00fccklich von der Befreiung ausgeschlossen und nicht im Versicherungsschutz enthalten sind Fahrzeugteile wie Schl\u00fcssel, Soundsystem, Monitore, Navigationsger\u00e4te, Antennen, Spiegel usw. und alle Teile der Innenausstattung des Fahrzeugs (z. B. Ablagen, F\u00e4cher, Griffe, Polsterung usw.).<\/li>\n<li>Im Falle einer Reparatur\/Schadensbehebung darf der Mieter keine andere Werkstatt als die offizielle und zugelassene Werkstatt in Griechenland f\u00fcr das betreffende Fahrzeug w\u00e4hlen. Bei verstos dieses regel gehen die Reparatur des Fahrzeugs einschlie\u00dflich der dazu erforderlichen Tage zu Lasten des Mieters.<\/li>\n<li>Der Mieter wird mit lokalen Steuern und Mehrwertsteuer auf die Miete belastet.<\/li>\n<li>Das Fahrzeug muss sauber und zur Kontrolle bereit zur\u00fcckgegeben werden, andernfalls kann ein Zeitaufwand entstehen und eine Geb\u00fchr von 15,00 \u20ac + MwSt. erhoben werden. Wenn eine Spezialreinigung des Fahrzeugs erforderlich ist (Teer, Tierhaare usw.), wird eine Mindestgeb\u00fchr von 60,00 \u20ac + MwSt. erhoben.<\/li>\n<li>Der Vermieter haftet weder zum Zeitpunkt des Abschlusses des Mietvertrags noch nach dessen Ablauf f\u00fcr Gegenst\u00e4nde, die dem Mieter oder den Insassen des gemieteten Fahrzeugs geh\u00f6ren und im Fahrzeug zur\u00fcckgelassen wurden.<\/li>\n<li>Anlieferungen und Abholungen werden von Montag bis Samstag von 09:00 bis 20:00 Uhr kostenlos in den Gesch\u00e4ftsr\u00e4umen des Unternehmens abgewickelt. Zustellung \u2013 R\u00fcckgabe au\u00dferhalb der \u00d6ffnungszeiten, an Sonn- und Feiertagen sind geb\u00fchrenpflichtig.<\/li>\n<li>Die Pannenhilfe ist in ganz Griechenland rund um die Uhr verf\u00fcgbar, mit Ausnahme der Inseln, von denen aus die R\u00fcckf\u00fchrung durch den Mieter erfolgt.<\/li>\n<li>Das Verladen des Wagen auf ein Schiff | Boot ist nur mit schriftlicher Genehmigung des Vermieters erlaubt, andernfalls haftet der Mieter in vollem Umfang f\u00fcr alle Sch\u00e4den, die an Bord entstehen k\u00f6nnen, auch wenn er die C.D.W.-Klausel akzeptiert hat.<\/li>\n<li>Das Fahren au\u00dferhalb der Grenzen Griechenlands ist grunds\u00e4tzlich nicht erlaubt oder ist nur mit schriftlicher Genehmigung des Vermieters erlaubt.<\/li>\n<li>F\u00fcr alle Streitigkeiten sind ausschlie\u00dflich die Gerichte von Thessaloniki zust\u00e4ndig.<\/li>\n<li>Der Mieter \/ Mietinteressent willigt ein, dass das Unternehmen personenbezogene Daten oder Datens\u00e4tze mit oder ohne automatisierte Daten erhebt und nutzt, wie z.B. Erheben, Erfassen, Ordnen, Strukturieren, Speichern, Anpassen, Ver\u00e4ndern, Verwertung oder jede andere Form der Entsorgung, um ihm\/ihr Dienstleistungen zu erbringen und seine\/ihre Anfragen zu beantworten, um mit ihm\/ihr \u00fcber die angebotenen Dienstleistungen zu kommunizieren, um seine\/ihre Fragen zu beantworten und um die geltenden Rechtsvorschriften einzuhalten und durchzusetzen. Der Mieter wurde auch \u00fcber das Recht informiert, seine pers\u00f6nlichen Daten zur\u00fcckzuziehen\/zu korrigieren\/zu aktualisieren, wenn er dies erkl\u00e4rt.<\/li>\n<li>Freikilometer ab dem 4. Miettag (maximal 100km \/ Tag \u2013 maximal 2.500km \/ Monat) die Mehrkilometer werden mit 0,10 \u20ac + MwSt. pro Kilometer berechnet.<\/li>\n<\/ol>\n<\/div><\/section>\n","protected":false},"excerpt":{"rendered":"","protected":false},"author":6,"featured_media":0,"parent":0,"menu_order":0,"comment_status":"closed","ping_status":"closed","template":"","meta":{"footnotes":""},"class_list":["post-848","page","type-page","status-publish","hentry"],"_links":{"self":[{"href":"https:\/\/www.rentacarthessalonikiairport.com\/de\/wp-json\/wp\/v2\/pages\/848","targetHints":{"allow":["GET"]}}],"collection":[{"href":"https:\/\/www.rentacarthessalonikiairport.com\/de\/wp-json\/wp\/v2\/pages"}],"about":[{"href":"https:\/\/www.rentacarthessalonikiairport.com\/de\/wp-json\/wp\/v2\/types\/page"}],"author":[{"embeddable":true,"href":"https:\/\/www.rentacarthessalonikiairport.com\/de\/wp-json\/wp\/v2\/users\/6"}],"replies":[{"embeddable":true,"href":"https:\/\/www.rentacarthessalonikiairport.com\/de\/wp-json\/wp\/v2\/comments?post=848"}],"version-history":[{"count":3,"href":"https:\/\/www.rentacarthessalonikiairport.com\/de\/wp-json\/wp\/v2\/pages\/848\/revisions"}],"predecessor-version":[{"id":2904,"href":"https:\/\/www.rentacarthessalonikiairport.com\/de\/wp-json\/wp\/v2\/pages\/848\/revisions\/2904"}],"wp:attachment":[{"href":"https:\/\/www.rentacarthessalonikiairport.com\/de\/wp-json\/wp\/v2\/media?parent=848"}],"curies":[{"name":"wp","href":"https:\/\/api.w.org\/{rel}","templated":true}]}}