{"id":3807,"date":"2025-02-08T16:57:15","date_gmt":"2025-02-08T14:57:15","guid":{"rendered":"https:\/\/www.rentacarthessalonikiairport.com\/?page_id=3807"},"modified":"2025-05-04T13:38:05","modified_gmt":"2025-05-04T10:38:05","slug":"7-sitzer-minivan","status":"publish","type":"page","link":"https:\/\/www.rentacarthessalonikiairport.com\/de\/7-sitzer-minivan\/","title":{"rendered":"7-Sitzer-Minivan"},"content":{"rendered":"<section  class='av_textblock_section av-m6xfpl37-abae84b8a47c83520c9485b7c796e9fd '   itemscope=\"itemscope\" itemtype=\"https:\/\/schema.org\/CreativeWork\" ><div class='avia_textblock'  itemprop=\"text\" ><h1 style=\"text-align: center;\">Mietwagen 7-Sitzer Minivan am Flughafen Thessaloniki Makedonien SKG<\/h1>\n<\/div><\/section>\n\n<style type=\"text\/css\" data-created_by=\"avia_inline_auto\" id=\"style-css-av-m6xjw1pd-b197efec04a3e9d33fd859f09d178a5e\">\n.avia-image-container.av-m6xjw1pd-b197efec04a3e9d33fd859f09d178a5e img.avia_image{\nbox-shadow:none;\n}\n.avia-image-container.av-m6xjw1pd-b197efec04a3e9d33fd859f09d178a5e .av-image-caption-overlay-center{\ncolor:#ffffff;\n}\n<\/style>\n<div  class='avia-image-container av-m6xjw1pd-b197efec04a3e9d33fd859f09d178a5e av-styling- av-img-linked avia-align-center  avia-builder-el-1  el_after_av_textblock  el_before_av_textblock '   itemprop=\"image\" itemscope=\"itemscope\" itemtype=\"https:\/\/schema.org\/ImageObject\" ><div class=\"avia-image-container-inner\"><div class=\"avia-image-overlay-wrap\"><a href=\"https:\/\/www.rentacarthessalonikiairport.com\/de\/mietwagen-flotte\/?mid=18&amp;ch=c91dde7eca12e27a6b789fb4daea0186\" class='avia_image '  target=\"_blank\"  rel=\"noopener noreferrer\" aria-label='\u03bd\u03b9\u03c3\u03c7'><img decoding=\"async\" fetchpriority=\"high\" class='wp-image-3716 avia-img-lazy-loading-not-3716 avia_image ' src=\"https:\/\/www.rentacarthessalonikiairport.com\/wp-content\/uploads\/2025\/02\/\u03bd\u03b9\u03c3\u03c7.jpg\" alt='' title='\u03bd\u03b9\u03c3\u03c7'  height=\"600\" width=\"1200\"  itemprop=\"thumbnailUrl\" srcset=\"https:\/\/www.rentacarthessalonikiairport.com\/wp-content\/uploads\/2025\/02\/\u03bd\u03b9\u03c3\u03c7.jpg 1200w, https:\/\/www.rentacarthessalonikiairport.com\/wp-content\/uploads\/2025\/02\/\u03bd\u03b9\u03c3\u03c7-300x150.jpg 300w, https:\/\/www.rentacarthessalonikiairport.com\/wp-content\/uploads\/2025\/02\/\u03bd\u03b9\u03c3\u03c7-1030x515.jpg 1030w, https:\/\/www.rentacarthessalonikiairport.com\/wp-content\/uploads\/2025\/02\/\u03bd\u03b9\u03c3\u03c7-768x384.jpg 768w, https:\/\/www.rentacarthessalonikiairport.com\/wp-content\/uploads\/2025\/02\/\u03bd\u03b9\u03c3\u03c7-705x353.jpg 705w\" sizes=\"(max-width: 1200px) 100vw, 1200px\" \/><\/a><\/div><\/div><\/div>\n\n<style type=\"text\/css\" data-created_by=\"avia_inline_auto\" id=\"style-css-av-m6xfqekh-acb16b136965c38ef5451e7a7c35c443\">\n#top .av_textblock_section.av-m6xfqekh-acb16b136965c38ef5451e7a7c35c443 .avia_textblock{\nfont-size:20px;\n}\n<\/style>\n<section  class='av_textblock_section av-m6xfqekh-acb16b136965c38ef5451e7a7c35c443 '   itemscope=\"itemscope\" itemtype=\"https:\/\/schema.org\/CreativeWork\" ><div class='avia_textblock'  itemprop=\"text\" ><p>Wenn Sie nach einem ger\u00e4umigen, sicheren und zuverl\u00e4ssigen Fahrzeug f\u00fcr Ihre Fahrten in Thessaloniki und den umliegenden Gebieten suchen, ist die Anmietung eines <strong>7-Sitzer Minivans<\/strong> bei <strong>rentacarthessalonikiairport<\/strong> die ideale Wahl. Wir befinden uns in unmittelbarer N\u00e4he zum <strong>Flughafen Thessaloniki Makedonien (SKG)<\/strong> und bieten eine schnelle und einfache Fahrzeugabholung ohne Verz\u00f6gerungen und komplizierte Verfahren.<\/p>\n<p>Mit dem 7-Sitzer Minivan k\u00f6nnen Sie mit der ganzen Familie oder einer gro\u00dfen Gruppe reisen und dabei den Komfort und die Sicherheit genie\u00dfen, die Sie ben\u00f6tigen. Es ist die perfekte L\u00f6sung f\u00fcr Urlaubsreisen, Gesch\u00e4ftsreisen, Ausfl\u00fcge und jede andere Aktivit\u00e4t, die ein ger\u00e4umiges und praktisches Fahrzeug erfordert.<\/p>\n<h3 style=\"text-align: center;\"><strong>Warum ein 7-Sitzer Minivan w\u00e4hlen?<\/strong><\/h3>\n<p>Das 7-Sitzer Minivan kombiniert <strong>Ger\u00e4umigkeit<\/strong>, <strong>Komfort<\/strong> und <strong>Kraftstoffeffizienz<\/strong>, was es ideal f\u00fcr Fahrten mit mehr als 5 Personen macht. Anstatt zwei kleinere Fahrzeuge zu mieten, k\u00f6nnen Sie sich f\u00fcr ein 7-Sitzer entscheiden, wodurch Sie Geld sparen und die Gesellschaft Ihrer Lieben w\u00e4hrend der gesamten Reise genie\u00dfen k\u00f6nnen.<\/p>\n<h3 style=\"text-align: center;\"><strong>Komfort und Raum<\/strong><\/h3>\n<p>Das 7-Sitzer Minivan bietet <strong>viel Innenraum<\/strong> f\u00fcr Passagiere und Gep\u00e4ck. Die bequemen Sitze und das ergonomische Design gew\u00e4hrleisten eine angenehme Fahrt, auch auf langen Strecken. Das Fahrzeugdesign erm\u00f6glicht eine flexible Sitzanordnung, sodass Sie den Raum je nach Bedarf anpassen k\u00f6nnen.<\/p>\n<p>Wenn Sie mit Kindern reisen, verf\u00fcgt das Fahrzeug \u00fcber spezielle <strong>Haltevorrichtungen f\u00fcr Kindersitze<\/strong> sowie ger\u00e4umige Pl\u00e4tze, um alle notwendigen Dinge f\u00fcr Ihre Reise zu verstauen.<\/p>\n<\/div><\/section>\n\n<style type=\"text\/css\" data-created_by=\"avia_inline_auto\" id=\"style-css-av-m6xjx9jx-7d226fce92841ddf3cd89b20c534da86\">\n.avia-image-container.av-m6xjx9jx-7d226fce92841ddf3cd89b20c534da86 img.avia_image{\nbox-shadow:none;\n}\n.avia-image-container.av-m6xjx9jx-7d226fce92841ddf3cd89b20c534da86 .av-image-caption-overlay-center{\ncolor:#ffffff;\n}\n<\/style>\n<div  class='avia-image-container av-m6xjx9jx-7d226fce92841ddf3cd89b20c534da86 av-styling- av-img-linked avia-align-center  avia-builder-el-3  el_after_av_textblock  el_before_av_textblock '   itemprop=\"image\" itemscope=\"itemscope\" itemtype=\"https:\/\/schema.org\/ImageObject\" ><div class=\"avia-image-container-inner\"><div class=\"avia-image-overlay-wrap\"><a href=\"https:\/\/www.rentacarthessalonikiairport.com\/de\/stolos\/?mid=12&amp;ch=c91dde7eca12e27a6b789fb4daea0186\" class='avia_image '  target=\"_blank\"  rel=\"noopener noreferrer\" aria-label='nisasan'><img decoding=\"async\" fetchpriority=\"high\" class='wp-image-3721 avia-img-lazy-loading-not-3721 avia_image ' src=\"https:\/\/www.rentacarthessalonikiairport.com\/wp-content\/uploads\/2025\/02\/nisasan.jpg\" alt='' title='nisasan'  height=\"600\" width=\"1200\"  itemprop=\"thumbnailUrl\" srcset=\"https:\/\/www.rentacarthessalonikiairport.com\/wp-content\/uploads\/2025\/02\/nisasan.jpg 1200w, https:\/\/www.rentacarthessalonikiairport.com\/wp-content\/uploads\/2025\/02\/nisasan-300x150.jpg 300w, https:\/\/www.rentacarthessalonikiairport.com\/wp-content\/uploads\/2025\/02\/nisasan-1030x515.jpg 1030w, https:\/\/www.rentacarthessalonikiairport.com\/wp-content\/uploads\/2025\/02\/nisasan-768x384.jpg 768w, https:\/\/www.rentacarthessalonikiairport.com\/wp-content\/uploads\/2025\/02\/nisasan-705x353.jpg 705w\" sizes=\"(max-width: 1200px) 100vw, 1200px\" \/><\/a><\/div><\/div><\/div>\n\n<style type=\"text\/css\" data-created_by=\"avia_inline_auto\" id=\"style-css-av-m6xfr321-2441305b8f2b8f7ae556b8be21d7b9ac\">\n#top .av_textblock_section.av-m6xfr321-2441305b8f2b8f7ae556b8be21d7b9ac .avia_textblock{\nfont-size:18px;\n}\n<\/style>\n<section  class='av_textblock_section av-m6xfr321-2441305b8f2b8f7ae556b8be21d7b9ac '   itemscope=\"itemscope\" itemtype=\"https:\/\/schema.org\/CreativeWork\" ><div class='avia_textblock'  itemprop=\"text\" ><h3 style=\"text-align: center;\"><strong>Ideal f\u00fcr jede Reise<\/strong><\/h3>\n<p>Ein <strong>7-Sitzer Minivan<\/strong> ist ideal f\u00fcr:<\/p>\n<ul>\n<li>\u2714 <strong>Familienurlaub:<\/strong> Transportieren Sie bequem alle Mitglieder Ihrer Familie, mit Platz f\u00fcr Gep\u00e4ck und Reiseausr\u00fcstung.<\/li>\n<li>\u2714 <strong>Gesch\u00e4ftsreisen:<\/strong> Wenn Sie mit Kollegen reisen, k\u00f6nnen Sie den Komfort eines ger\u00e4umigen Fahrzeugs f\u00fcr berufliche Fahrten genie\u00dfen.<\/li>\n<li>\u2714 <strong>Ausfl\u00fcge mit Freunden:<\/strong> Reisen Sie bequem und organisieren Sie einzigartige Erlebnisse mit Ihrer Gruppe, ohne sich Gedanken \u00fcber Platzmangel machen zu m\u00fcssen.<\/li>\n<li>\u2714 <strong>Flughafenfahrten:<\/strong> Wenn Sie viele Passagiere oder schweres Gep\u00e4ck haben, bietet der 7-Sitzer Minivan die L\u00f6sung, die Sie ben\u00f6tigen.<\/li>\n<\/ul>\n<h3 style=\"text-align: center;\"><strong>Spezielle Ausstattungen und Dienstleistungen<\/strong><\/h3>\n<p>Bei <strong>rentacarthessalonikiairport<\/strong> bieten wir unsere 7-Sitzer Minivans mit umfangreicher Ausstattung und <strong>neuester Sicherheitstechnologie<\/strong> f\u00fcr eine komfortable und sichere Fahrt an. Jedes Fahrzeug ist ausgestattet mit:<\/p>\n<ul>\n<li>\ud83d\udd39 <strong>Klimaautomatik<\/strong> f\u00fcr Komfort bei allen Wetterbedingungen.<\/li>\n<li>\ud83d\udd39 <strong>Wi-Fi und Bluetooth<\/strong>, damit Sie w\u00e4hrend der gesamten Reise verbunden bleiben.<\/li>\n<li>\ud83d\udd39 <strong>Sicherheitssysteme (ABS, ESP, Airbags)<\/strong> f\u00fcr erh\u00f6hten Schutz der Passagiere.<\/li>\n<li>\ud83d\udd39 <strong>Flexible Sitzanordnungen<\/strong> zur Anpassung des Raums je nach Bedarf.<\/li>\n<li>\ud83d\udd39 <strong>Gro\u00dfer Kofferraum<\/strong> f\u00fcr Koffer, Sportausr\u00fcstung oder anderes Gep\u00e4ck.<\/li>\n<li>\ud83d\udd39 <strong>Schneeketten<\/strong> (auf Anfrage), damit Sie f\u00fcr jede Wetterlage ger\u00fcstet sind.<\/li>\n<\/ul>\n<p>Zus\u00e4tzlich bieten wir <strong>24-Stunden-Pannenhilfe<\/strong> und <strong>Kundendienst<\/strong>, um sicherzustellen, dass Ihre Reise so sorgenfrei wie m\u00f6glich verl\u00e4uft.<\/p>\n<h3 style=\"text-align: center;\"><strong>Schnelle und einfache Anmietung nahe dem Flughafen Thessaloniki<\/strong><\/h3>\n<p>Die Anmietung eines 7-Sitzer Minivans bei <strong>rentacarthessalonikiairport<\/strong> ist ein <strong>einfacher und schneller Prozess<\/strong>. Unser B\u00fcro befindet sich in <strong>sehr kurzer Entfernung zum Flughafen Thessaloniki (SKG)<\/strong>, sodass Sie Ihr Fahrzeug ohne unn\u00f6tige Verz\u00f6gerungen abholen k\u00f6nnen.<\/p>\n<p>Sie k\u00f6nnen eine <strong>Online-Buchung<\/strong> \u00fcber unsere Website vornehmen oder uns telefonisch kontaktieren, um Ihr Fahrzeug direkt zu reservieren. Unser Ziel ist es, Ihnen die <strong>bestm\u00f6gliche Mietwagen-Erfahrung<\/strong> zu bieten, mit <strong>transparenten Preisen<\/strong>, <strong>flexiblen Buchungsoptionen<\/strong> und <strong>freundlichem Kundenservice<\/strong>.<\/p>\n<\/div><\/section>\n\n<style type=\"text\/css\" data-created_by=\"avia_inline_auto\" id=\"style-css-av-av_image-04be980efc5cef8d0a046e016aa02109\">\n.avia-image-container.av-av_image-04be980efc5cef8d0a046e016aa02109 img.avia_image{\nbox-shadow:none;\n}\n.avia-image-container.av-av_image-04be980efc5cef8d0a046e016aa02109 .av-image-caption-overlay-center{\ncolor:#ffffff;\n}\n<\/style>\n<div  class='avia-image-container av-av_image-04be980efc5cef8d0a046e016aa02109 av-styling- avia-align-center  avia-builder-el-5  el_after_av_textblock  el_before_av_textblock '   itemprop=\"image\" itemscope=\"itemscope\" itemtype=\"https:\/\/schema.org\/ImageObject\" ><div class=\"avia-image-container-inner\"><div class=\"avia-image-overlay-wrap\"><img decoding=\"async\" fetchpriority=\"high\" class='wp-image-3731 avia-img-lazy-loading-not-3731 avia_image ' src=\"https:\/\/www.rentacarthessalonikiairport.com\/wp-content\/uploads\/2025\/02\/FA2111.jpg\" alt='' title='FA2111'  height=\"600\" width=\"1200\"  itemprop=\"thumbnailUrl\" srcset=\"https:\/\/www.rentacarthessalonikiairport.com\/wp-content\/uploads\/2025\/02\/FA2111.jpg 1200w, https:\/\/www.rentacarthessalonikiairport.com\/wp-content\/uploads\/2025\/02\/FA2111-300x150.jpg 300w, https:\/\/www.rentacarthessalonikiairport.com\/wp-content\/uploads\/2025\/02\/FA2111-1030x515.jpg 1030w, https:\/\/www.rentacarthessalonikiairport.com\/wp-content\/uploads\/2025\/02\/FA2111-768x384.jpg 768w, https:\/\/www.rentacarthessalonikiairport.com\/wp-content\/uploads\/2025\/02\/FA2111-705x353.jpg 705w\" sizes=\"(max-width: 1200px) 100vw, 1200px\" \/><\/div><\/div><\/div>\n\n<style type=\"text\/css\" data-created_by=\"avia_inline_auto\" id=\"style-css-av-m6xfrr4m-98de0cd68d027d8767b02f496793404d\">\n#top .av_textblock_section.av-m6xfrr4m-98de0cd68d027d8767b02f496793404d .avia_textblock{\nfont-size:20px;\n}\n<\/style>\n<section  class='av_textblock_section av-m6xfrr4m-98de0cd68d027d8767b02f496793404d '   itemscope=\"itemscope\" itemtype=\"https:\/\/schema.org\/CreativeWork\" ><div class='avia_textblock'  itemprop=\"text\" ><h3 style=\"text-align: center;\"><strong>Warum sollten Sie rentacarthessalonikiairport w\u00e4hlen?<\/strong><\/h3>\n<ul>\n<li>\u2714 <strong>Schneller Service<\/strong> und schnelle Fahrzeugabholung.<\/li>\n<li>\u2714 <strong>Ausgezeichnete Preise<\/strong> ohne versteckte Geb\u00fchren.<\/li>\n<li>\u2714 <strong>Ger\u00e4umige und komfortable 7-Sitzer Minivans<\/strong> der neuesten Technologie.<\/li>\n<li>\u2714 <strong>Standort nahe dem Flughafen<\/strong> f\u00fcr einfachen Zugang.<\/li>\n<li>\u2714 <strong>24-Stunden-Unterst\u00fctzung und Pannenhilfe<\/strong> f\u00fcr sorgenfreie Fahrten.<\/li>\n<\/ul>\n<h3 style=\"text-align: center;\"><strong>Buchen Sie noch heute!<\/strong><\/h3>\n<p>Wenn Sie nach der <strong>besten Wahl f\u00fcr die Anmietung eines 7-Sitzer Minivans in Thessaloniki<\/strong> suchen, ist <strong>rentacarthessalonikiairport<\/strong> die ideale L\u00f6sung! Kontaktieren Sie uns noch heute und profitieren Sie von unseren hervorragenden Dienstleistungen und g\u00fcnstigen Preisen.<\/p>\n<ul>\n<li>\ud83d\udd39 <strong>Online buchen<\/strong> \u00fcber unsere Website.<\/li>\n<li>\ud83d\udd39 <strong>Rufen Sie uns an<\/strong> f\u00fcr eine sofortige Buchung.<\/li>\n<li>\ud83d\udd39 <strong>Besuchen Sie unser B\u00fcro in der N\u00e4he des Flughafens Thessaloniki (SKG).<\/strong><\/li>\n<\/ul>\n<\/div><\/section>\n<div  class='flex_column av-av_one_full-a961ec8c42a44a397321d1a2224da3ca av_one_full  avia-builder-el-7  el_after_av_textblock  el_before_av_one_full  first flex_column_div  column-top-margin'     ><section  class='av_textblock_section av-m6xjwcxu-cdb2c432aea7f5a5b53159c23734b244 '   itemscope=\"itemscope\" itemtype=\"https:\/\/schema.org\/CreativeWork\" ><div class='av-small-hide av-mini-hide avia_textblock'  itemprop=\"text\" ><p style=\"text-align: center; font-size: 25px;\"><a href=\"https:\/\/www.rentacarthessalonikiairport.com\/de\/\"><span style=\"background-color: blue; color: white; border: 6px solid blue; font-size: 30px; border-radius: 10px;\">Fordern Sie ein Angebot unter der Tel. +30 2310 234 150 an!<\/span><\/a><\/p>\n<\/div><\/section><\/div><div  class='flex_column av-av_one_full-a961ec8c42a44a397321d1a2224da3ca av_one_full  avia-builder-el-9  el_after_av_one_full  avia-builder-el-last  first flex_column_div  column-top-margin'     ><section  class='av_textblock_section av-m6xjwyiq-6b325f49b38505fafc05d1aa3bc8fbed '   itemscope=\"itemscope\" itemtype=\"https:\/\/schema.org\/CreativeWork\" ><div class='av-desktop-hide av-medium-hide avia_textblock'  itemprop=\"text\" ><p style=\"text-align: center; font-size: 25px;\"><a href=\"https:\/\/www.rentacarthessalonikiairport.com\/de\/\"><span style=\"background-color: blue; color: white; border: 6px solid blue; font-size: 30px; border-radius: 10px; line-height: 50px;\">Fordern Sie ein Angebot unter der Telefonnummer +30 2310 234 150 an!<\/span><\/a><\/p>\n<\/div><\/section><\/div><\/p>\n","protected":false},"excerpt":{"rendered":"","protected":false},"author":6,"featured_media":0,"parent":0,"menu_order":0,"comment_status":"closed","ping_status":"closed","template":"","meta":{"footnotes":""},"class_list":["post-3807","page","type-page","status-publish","hentry"],"_links":{"self":[{"href":"https:\/\/www.rentacarthessalonikiairport.com\/de\/wp-json\/wp\/v2\/pages\/3807","targetHints":{"allow":["GET"]}}],"collection":[{"href":"https:\/\/www.rentacarthessalonikiairport.com\/de\/wp-json\/wp\/v2\/pages"}],"about":[{"href":"https:\/\/www.rentacarthessalonikiairport.com\/de\/wp-json\/wp\/v2\/types\/page"}],"author":[{"embeddable":true,"href":"https:\/\/www.rentacarthessalonikiairport.com\/de\/wp-json\/wp\/v2\/users\/6"}],"replies":[{"embeddable":true,"href":"https:\/\/www.rentacarthessalonikiairport.com\/de\/wp-json\/wp\/v2\/comments?post=3807"}],"version-history":[{"count":3,"href":"https:\/\/www.rentacarthessalonikiairport.com\/de\/wp-json\/wp\/v2\/pages\/3807\/revisions"}],"predecessor-version":[{"id":4229,"href":"https:\/\/www.rentacarthessalonikiairport.com\/de\/wp-json\/wp\/v2\/pages\/3807\/revisions\/4229"}],"wp:attachment":[{"href":"https:\/\/www.rentacarthessalonikiairport.com\/de\/wp-json\/wp\/v2\/media?parent=3807"}],"curies":[{"name":"wp","href":"https:\/\/api.w.org\/{rel}","templated":true}]}}