{"id":3790,"date":"2025-02-08T16:59:58","date_gmt":"2025-02-08T14:59:58","guid":{"rendered":"https:\/\/www.rentacarthessalonikiairport.com\/?page_id=3790"},"modified":"2025-05-04T13:38:38","modified_gmt":"2025-05-04T10:38:38","slug":"automatikautos","status":"publish","type":"page","link":"https:\/\/www.rentacarthessalonikiairport.com\/de\/automatikautos\/","title":{"rendered":"Automatikautos"},"content":{"rendered":"<section  class='av_textblock_section av-m6xewxtr-44fe34737ac1c393e40a6445a2683d89 '   itemscope=\"itemscope\" itemtype=\"https:\/\/schema.org\/CreativeWork\" ><div class='avia_textblock'  itemprop=\"text\" ><h1 style=\"text-align: center;\">Automietung am Flughafen Thessaloniki Makedonien SKG<\/h1>\n<\/div><\/section>\n\n<style type=\"text\/css\" data-created_by=\"avia_inline_auto\" id=\"style-css-av-m6xke4h3-e6956559edfe705480c9b3ca6a1be279\">\n.avia-image-container.av-m6xke4h3-e6956559edfe705480c9b3ca6a1be279 img.avia_image{\nbox-shadow:none;\n}\n.avia-image-container.av-m6xke4h3-e6956559edfe705480c9b3ca6a1be279 .av-image-caption-overlay-center{\ncolor:#ffffff;\n}\n<\/style>\n<div  class='avia-image-container av-m6xke4h3-e6956559edfe705480c9b3ca6a1be279 av-styling- av-img-linked avia-align-center  avia-builder-el-1  el_after_av_textblock  el_before_av_textblock '   itemprop=\"image\" itemscope=\"itemscope\" itemtype=\"https:\/\/schema.org\/ImageObject\" ><div class=\"avia-image-container-inner\"><div class=\"avia-image-overlay-wrap\"><a href=\"https:\/\/www.rentacarthessalonikiairport.com\/de\/stolos\/?mid=9&amp;ch=c91dde7eca12e27a6b789fb4daea0186\" class='avia_image '  target=\"_blank\"  rel=\"noopener noreferrer\" aria-label='PDVNSVN'><img decoding=\"async\" fetchpriority=\"high\" class='wp-image-3737 avia-img-lazy-loading-not-3737 avia_image ' src=\"https:\/\/www.rentacarthessalonikiairport.com\/wp-content\/uploads\/2025\/02\/PDVNSVN.jpg\" alt='' title='PDVNSVN'  height=\"600\" width=\"1200\"  itemprop=\"thumbnailUrl\" srcset=\"https:\/\/www.rentacarthessalonikiairport.com\/wp-content\/uploads\/2025\/02\/PDVNSVN.jpg 1200w, https:\/\/www.rentacarthessalonikiairport.com\/wp-content\/uploads\/2025\/02\/PDVNSVN-300x150.jpg 300w, https:\/\/www.rentacarthessalonikiairport.com\/wp-content\/uploads\/2025\/02\/PDVNSVN-1030x515.jpg 1030w, https:\/\/www.rentacarthessalonikiairport.com\/wp-content\/uploads\/2025\/02\/PDVNSVN-768x384.jpg 768w, https:\/\/www.rentacarthessalonikiairport.com\/wp-content\/uploads\/2025\/02\/PDVNSVN-705x353.jpg 705w\" sizes=\"(max-width: 1200px) 100vw, 1200px\" \/><\/a><\/div><\/div><\/div>\n\n<style type=\"text\/css\" data-created_by=\"avia_inline_auto\" id=\"style-css-av-m6xexmtn-2d9722a9582fadc6feac39de644da3b3\">\n#top .av_textblock_section.av-m6xexmtn-2d9722a9582fadc6feac39de644da3b3 .avia_textblock{\nfont-size:20px;\n}\n<\/style>\n<section  class='av_textblock_section av-m6xexmtn-2d9722a9582fadc6feac39de644da3b3 '   itemscope=\"itemscope\" itemtype=\"https:\/\/schema.org\/CreativeWork\" ><div class='avia_textblock'  itemprop=\"text\" ><h3 style=\"text-align: center;\"><strong>Automietung bei rentacarthessalonikiairport \u2013 Bequeme und sorgenfreie Fahrt<\/strong><\/h3>\n<p>Wenn Sie w\u00e4hrend Ihres Aufenthalts in Thessaloniki eine <strong>einfache und stressfreie Fahrweise<\/strong> suchen, ist die <strong>Miete eines Automatikfahrzeugs<\/strong> bei <strong>rentacarthessalonikiairport<\/strong> die ideale Wahl. Unser Standort, <strong>in der N\u00e4he des Flughafens Thessaloniki Makedonien (SKG)<\/strong>, erm\u00f6glicht es Ihnen, Ihr Auto sofort abzuholen \u2013 ohne Verz\u00f6gerungen oder komplizierte Prozesse.<\/p>\n<p>Automatikfahrzeuge werden in der Autovermietung immer beliebter, da sie <strong>einfaches Fahren, entspannte Reisen und erh\u00f6hte Sicherheit<\/strong> im Stadtverkehr oder auf der Autobahn bieten. Egal, ob Sie gesch\u00e4ftlich oder privat unterwegs sind, die Wahl eines <strong>Automatikautos<\/strong> macht Ihre Erfahrung noch angenehmer.<\/p>\n<h3 style=\"text-align: center;\"><strong>Warum ein Automatikfahrzeug w\u00e4hlen?<\/strong><\/h3>\n<p>Die Miete eines Automatikfahrzeugs bietet viele <strong>Vorteile<\/strong> gegen\u00fcber einem Schaltwagen:<\/p>\n<p>\u2714 <strong>Einfaches Fahren:<\/strong> Kein Schalten erforderlich, was das Fahren besonders angenehm macht.<br \/>\n\u2714 <strong>Ideal f\u00fcr Anf\u00e4nger oder unge\u00fcbte Fahrer:<\/strong> Wenn Sie keine Erfahrung mit Schaltgetrieben haben, ist ein Automatikfahrzeug die perfekte L\u00f6sung.<br \/>\n\u2714 <strong>Komfort in Verkehrssituationen:<\/strong> In dichten Stadtverkehren erspart Ihnen ein Automatikauto das st\u00e4ndige Schalten.<br \/>\n\u2714 <strong>Angenehmes Reiseerlebnis:<\/strong> Konzentrieren Sie sich auf die Strecke und die Landschaft, ohne sich um Kupplung und Gangwechsel k\u00fcmmern zu m\u00fcssen.<\/p>\n<\/div><\/section>\n\n<style type=\"text\/css\" data-created_by=\"avia_inline_auto\" id=\"style-css-av-m6xkeex0-49b6a2f77e2dee7a6b28d4851023d069\">\n.avia-image-container.av-m6xkeex0-49b6a2f77e2dee7a6b28d4851023d069 img.avia_image{\nbox-shadow:none;\n}\n.avia-image-container.av-m6xkeex0-49b6a2f77e2dee7a6b28d4851023d069 .av-image-caption-overlay-center{\ncolor:#ffffff;\n}\n<\/style>\n<div  class='avia-image-container av-m6xkeex0-49b6a2f77e2dee7a6b28d4851023d069 av-styling- av-img-linked avia-align-center  avia-builder-el-3  el_after_av_textblock  el_before_av_textblock '   itemprop=\"image\" itemscope=\"itemscope\" itemtype=\"https:\/\/schema.org\/ImageObject\" ><div class=\"avia-image-container-inner\"><div class=\"avia-image-overlay-wrap\"><a href=\"https:\/\/www.rentacarthessalonikiairport.com\/de\/mietwagen-flotte\/?mid=10&amp;ch=c91dde7eca12e27a6b789fb4daea0186\" class='avia_image '  target=\"_blank\"  rel=\"noopener noreferrer\" aria-label='va21111'><img decoding=\"async\" fetchpriority=\"high\" class='wp-image-3747 avia-img-lazy-loading-not-3747 avia_image ' src=\"https:\/\/www.rentacarthessalonikiairport.com\/wp-content\/uploads\/2025\/02\/va21111.jpg\" alt='\u0395\u03bd\u03bf\u03b9\u03ba\u03af\u03b1\u03c3\u03b7 \u03b1\u03c5\u03c4\u03cc\u03bc\u03b1\u03c4\u03bf\u03c5 \u03b1\u03c5\u03c4\u03bf\u03ba\u03b9\u03bd\u03ae\u03c4\u03bf\u03c5' title='va21111'  height=\"600\" width=\"1200\"  itemprop=\"thumbnailUrl\" srcset=\"https:\/\/www.rentacarthessalonikiairport.com\/wp-content\/uploads\/2025\/02\/va21111.jpg 1200w, https:\/\/www.rentacarthessalonikiairport.com\/wp-content\/uploads\/2025\/02\/va21111-300x150.jpg 300w, https:\/\/www.rentacarthessalonikiairport.com\/wp-content\/uploads\/2025\/02\/va21111-1030x515.jpg 1030w, https:\/\/www.rentacarthessalonikiairport.com\/wp-content\/uploads\/2025\/02\/va21111-768x384.jpg 768w, https:\/\/www.rentacarthessalonikiairport.com\/wp-content\/uploads\/2025\/02\/va21111-705x353.jpg 705w\" sizes=\"(max-width: 1200px) 100vw, 1200px\" \/><\/a><\/div><\/div><\/div>\n\n<style type=\"text\/css\" data-created_by=\"avia_inline_auto\" id=\"style-css-av-m6xeycvq-b4359cb3fbaf60a49bd69eb59df23b33\">\n#top .av_textblock_section.av-m6xeycvq-b4359cb3fbaf60a49bd69eb59df23b33 .avia_textblock{\nfont-size:20px;\n}\n<\/style>\n<section  class='av_textblock_section av-m6xeycvq-b4359cb3fbaf60a49bd69eb59df23b33 '   itemscope=\"itemscope\" itemtype=\"https:\/\/schema.org\/CreativeWork\" ><div class='avia_textblock'  itemprop=\"text\" ><h3 style=\"text-align: center;\"><strong>Komfort und Sicherheit auf jeder Fahrt<\/strong><\/h3>\n<p>Alle <strong>Automatikfahrzeuge<\/strong> von <strong>rentacarthessalonikiairport<\/strong> sind mit <strong>moderner Ausstattung<\/strong> ausgestattet, um Komfort, Sicherheit und ein erstklassiges Fahrerlebnis zu gew\u00e4hrleisten.<\/p>\n<ul>\n<li><strong>Moderne Sicherheitssysteme (ABS, ESP, Airbags, Einparksensoren)<\/strong> f\u00fcr eine sichere Fahrt.<\/li>\n<li><strong>Fahrerassistenzsysteme<\/strong> wie Tempomat (Cruise Control) und Spurhalteassistent (Lane Assist).<\/li>\n<li><strong>Klimaanlage und Heizungssystem<\/strong> f\u00fcr Komfort bei jeder Wetterlage.<\/li>\n<li><strong>Sparsame Motoren<\/strong>, die einen niedrigen Kraftstoffverbrauch bieten.<\/li>\n<li><strong>Ger\u00e4umiger Kofferraum<\/strong>, ideal f\u00fcr Familien- und Gesch\u00e4ftsreisen.<\/li>\n<li><strong>Wi-Fi und Bluetooth<\/strong> f\u00fcr st\u00e4ndige Konnektivit\u00e4t w\u00e4hrend der Reise.<\/li>\n<\/ul>\n<p>Zus\u00e4tzlich sind alle Mietwagen von <strong>rentacarthessalonikiairport<\/strong> <strong>gut gewartet und \u00fcberpr\u00fcft<\/strong>, um maximale Sicherheit und Zuverl\u00e4ssigkeit auf jeder Fahrt zu gew\u00e4hrleisten.<\/p>\n<h3 style=\"text-align: center;\"><strong>Ideal f\u00fcr jede Gelegenheit<\/strong><\/h3>\n<p>Automatikfahrzeuge sind die perfekte Wahl f\u00fcr:<\/p>\n<ul>\n<li><strong>Freizeitreisen<\/strong> \u2013 Erkunden Sie Thessaloniki und Chalkidiki stressfrei.<\/li>\n<li><strong>Gesch\u00e4ftsreisen<\/strong> \u2013 Erreichen Sie Ihr Ziel komfortabel und entspannt.<\/li>\n<li><strong>Familientransporte<\/strong> \u2013 Genie\u00dfen Sie sichere und angenehme Fahrten mit Ihren Liebsten.<\/li>\n<li><strong>Fahrten in der Stadt<\/strong> \u2013 Stressfreies Fahren bei Ampeln und Staus.<\/li>\n<li><strong>Ausfl\u00fcge und Roadtrips<\/strong> \u2013 Genie\u00dfen Sie die Fahrt, ohne sich zu ersch\u00f6pfen.<\/li>\n<\/ul>\n<\/div><\/section>\n\n<style type=\"text\/css\" data-created_by=\"avia_inline_auto\" id=\"style-css-av-m6xkenk9-761e98f1accf47458ad0863ef41ec889\">\n.avia-image-container.av-m6xkenk9-761e98f1accf47458ad0863ef41ec889 img.avia_image{\nbox-shadow:none;\n}\n.avia-image-container.av-m6xkenk9-761e98f1accf47458ad0863ef41ec889 .av-image-caption-overlay-center{\ncolor:#ffffff;\n}\n<\/style>\n<div  class='avia-image-container av-m6xkenk9-761e98f1accf47458ad0863ef41ec889 av-styling- av-img-linked avia-align-center  avia-builder-el-5  el_after_av_textblock  el_before_av_textblock '   itemprop=\"image\" itemscope=\"itemscope\" itemtype=\"https:\/\/schema.org\/ImageObject\" ><div class=\"avia-image-container-inner\"><div class=\"avia-image-overlay-wrap\"><a href=\"https:\/\/www.rentacarthessalonikiairport.com\/de\/stolos\/?mid=117&amp;ch=c91dde7eca12e27a6b789fb4daea0186\" class='avia_image '  target=\"_blank\"  rel=\"noopener noreferrer\" aria-label='be21'><img decoding=\"async\" fetchpriority=\"high\" class='wp-image-3757 avia-img-lazy-loading-not-3757 avia_image ' src=\"https:\/\/www.rentacarthessalonikiairport.com\/wp-content\/uploads\/2025\/02\/be21.jpg\" alt='' title='be21'  height=\"600\" width=\"1200\"  itemprop=\"thumbnailUrl\" srcset=\"https:\/\/www.rentacarthessalonikiairport.com\/wp-content\/uploads\/2025\/02\/be21.jpg 1200w, https:\/\/www.rentacarthessalonikiairport.com\/wp-content\/uploads\/2025\/02\/be21-300x150.jpg 300w, https:\/\/www.rentacarthessalonikiairport.com\/wp-content\/uploads\/2025\/02\/be21-1030x515.jpg 1030w, https:\/\/www.rentacarthessalonikiairport.com\/wp-content\/uploads\/2025\/02\/be21-768x384.jpg 768w, https:\/\/www.rentacarthessalonikiairport.com\/wp-content\/uploads\/2025\/02\/be21-705x353.jpg 705w\" sizes=\"(max-width: 1200px) 100vw, 1200px\" \/><\/a><\/div><\/div><\/div>\n\n<style type=\"text\/css\" data-created_by=\"avia_inline_auto\" id=\"style-css-av-m6xez8i6-81e1bd636a09087c85169b0caac69898\">\n#top .av_textblock_section.av-m6xez8i6-81e1bd636a09087c85169b0caac69898 .avia_textblock{\nfont-size:20px;\n}\n<\/style>\n<section  class='av_textblock_section av-m6xez8i6-81e1bd636a09087c85169b0caac69898 '   itemscope=\"itemscope\" itemtype=\"https:\/\/schema.org\/CreativeWork\" ><div class='avia_textblock'  itemprop=\"text\" ><h3 style=\"text-align: center;\"><strong>Schnelle und einfache Autovermietung in der N\u00e4he des Flughafens Thessaloniki<\/strong><\/h3>\n<p><strong>rentacarthessalonikiairport<\/strong> bietet eine <strong>schnelle Abholung<\/strong> und <strong>einfache Anmietung<\/strong> von Automatikfahrzeugen. Unser B\u00fcro befindet sich ganz in der N\u00e4he des <strong>Flughafens Thessaloniki SKG<\/strong>, sodass Sie Ihre Reise <strong>sofort und ohne Verz\u00f6gerungen<\/strong> beginnen k\u00f6nnen.<\/p>\n<p><strong>Schritte zur Anmietung:<\/strong><\/p>\n<ol>\n<li><strong>Buchen Sie Ihr Fahrzeug online<\/strong> \u00fcber unsere Website.<\/li>\n<li><strong>W\u00e4hlen Sie das passende Automatikfahrzeug<\/strong> aus unserer Flotte.<\/li>\n<li><strong>Holen Sie Ihr Fahrzeug schnell und unkompliziert<\/strong> am Flughafen ab.<\/li>\n<li><strong>Starten Sie Ihre Reise ohne unn\u00f6tige Formalit\u00e4ten<\/strong>.<\/li>\n<\/ol>\n<h3 style=\"text-align: center;\"><strong>Warum rentacarthessalonikiairport w\u00e4hlen?<\/strong><\/h3>\n<p>\u2714 <strong>Gro\u00dfe Auswahl an modernen Automatikfahrzeugen.<\/strong><br \/>\n\u2714 <strong>Schneller und einfacher Mietprozess.<\/strong><br \/>\n\u2714 <strong>Standort in unmittelbarer N\u00e4he zum Flughafen Thessaloniki SKG.<\/strong><br \/>\n\u2714 <strong>Attraktive Preise ohne versteckte Geb\u00fchren.<\/strong><br \/>\n\u2714 <strong>24-Stunden-Service und Pannenhilfe.<\/strong><br \/>\n\u2714 <strong>Sichere, komfortable und gut gewartete Fahrzeuge.<\/strong><\/p>\n<h3 style=\"text-align: center;\"><strong>Buchen Sie Ihr Automatikfahrzeug noch heute!<\/strong><\/h3>\n<p>W\u00e4hlen Sie <strong>rentacarthessalonikiairport<\/strong> f\u00fcr Ihre Automietung und genie\u00dfen Sie <strong>eine entspannte und angenehme Fahrerfahrung<\/strong> in Thessaloniki.<\/p>\n<ol>\n<li><strong>Buchen Sie online<\/strong> einfach und schnell.<\/li>\n<li><strong>Rufen Sie uns an<\/strong> f\u00fcr weitere Informationen.<\/li>\n<li><strong>Besuchen Sie unser B\u00fcro<\/strong> in der N\u00e4he des Flughafens f\u00fcr sofortige Betreuung.<\/li>\n<\/ol>\n<\/div><\/section>\n<div  class='flex_column av-av_one_full-a961ec8c42a44a397321d1a2224da3ca av_one_full  avia-builder-el-7  el_after_av_textblock  el_before_av_one_full  first flex_column_div  column-top-margin'     ><section  class='av_textblock_section av-m6xkffsi-37bb07d67449b2dbd267f5dd1d3fd8dd '   itemscope=\"itemscope\" itemtype=\"https:\/\/schema.org\/CreativeWork\" ><div class='av-small-hide av-mini-hide avia_textblock'  itemprop=\"text\" ><p style=\"text-align: center; font-size: 25px;\"><a href=\"https:\/\/www.rentacarthessalonikiairport.com\/de\/\"><span style=\"background-color: blue; color: white; border: 6px solid blue; font-size: 30px; border-radius: 10px;\">Fordern Sie ein Angebot unter der Tel.-Nr. +30 2310 234 150 an!<\/span><\/a><\/p>\n<\/div><\/section><\/div><div  class='flex_column av-av_one_full-a961ec8c42a44a397321d1a2224da3ca av_one_full  avia-builder-el-9  el_after_av_one_full  avia-builder-el-last  first flex_column_div  column-top-margin'     ><section  class='av_textblock_section av-m6xkgj65-09e5432dbb1039231a306c2056d0c487 '   itemscope=\"itemscope\" itemtype=\"https:\/\/schema.org\/CreativeWork\" ><div class='av-desktop-hide av-medium-hide avia_textblock'  itemprop=\"text\" ><p style=\"text-align: center; font-size: 25px;\"><a href=\"https:\/\/www.rentacarthessalonikiairport.com\/de\/\"><span style=\"background-color: blue; color: white; border: 6px solid blue; font-size: 30px; border-radius: 10px; line-height: 50px;\">Fordern Sie ein Angebot unter der Tel.-Nr. +30 2310 234 150 an!<\/span><\/a><\/p>\n<\/div><\/section><\/div><\/p>\n","protected":false},"excerpt":{"rendered":"","protected":false},"author":6,"featured_media":0,"parent":0,"menu_order":0,"comment_status":"closed","ping_status":"closed","template":"","meta":{"footnotes":""},"class_list":["post-3790","page","type-page","status-publish","hentry"],"_links":{"self":[{"href":"https:\/\/www.rentacarthessalonikiairport.com\/de\/wp-json\/wp\/v2\/pages\/3790","targetHints":{"allow":["GET"]}}],"collection":[{"href":"https:\/\/www.rentacarthessalonikiairport.com\/de\/wp-json\/wp\/v2\/pages"}],"about":[{"href":"https:\/\/www.rentacarthessalonikiairport.com\/de\/wp-json\/wp\/v2\/types\/page"}],"author":[{"embeddable":true,"href":"https:\/\/www.rentacarthessalonikiairport.com\/de\/wp-json\/wp\/v2\/users\/6"}],"replies":[{"embeddable":true,"href":"https:\/\/www.rentacarthessalonikiairport.com\/de\/wp-json\/wp\/v2\/comments?post=3790"}],"version-history":[{"count":3,"href":"https:\/\/www.rentacarthessalonikiairport.com\/de\/wp-json\/wp\/v2\/pages\/3790\/revisions"}],"predecessor-version":[{"id":4231,"href":"https:\/\/www.rentacarthessalonikiairport.com\/de\/wp-json\/wp\/v2\/pages\/3790\/revisions\/4231"}],"wp:attachment":[{"href":"https:\/\/www.rentacarthessalonikiairport.com\/de\/wp-json\/wp\/v2\/media?parent=3790"}],"curies":[{"name":"wp","href":"https:\/\/api.w.org\/{rel}","templated":true}]}}