{"id":3494,"date":"2024-11-17T18:25:05","date_gmt":"2024-11-17T16:25:05","guid":{"rendered":"https:\/\/www.rentacarthessalonikiairport.com\/?page_id=3494"},"modified":"2025-05-04T13:37:56","modified_gmt":"2025-05-04T10:37:56","slug":"faq-de","status":"publish","type":"page","link":"https:\/\/www.rentacarthessalonikiairport.com\/de\/faq-de\/","title":{"rendered":"FAQ DE"},"content":{"rendered":"<div  class='flex_column av-av_one_full-a961ec8c42a44a397321d1a2224da3ca av_one_full  avia-builder-el-0  el_before_av_one_full  avia-builder-el-first  first flex_column_div  '     ><p>\n<style type=\"text\/css\" data-created_by=\"avia_inline_auto\" id=\"style-css-av-m3ltrfjf-c0466a6283b2aefa949410390412b055\">\n#top .av-special-heading.av-m3ltrfjf-c0466a6283b2aefa949410390412b055{\npadding-bottom:10px;\nfont-size:30px;\n}\nbody .av-special-heading.av-m3ltrfjf-c0466a6283b2aefa949410390412b055 .av-special-heading-tag .heading-char{\nfont-size:25px;\n}\n#top #wrap_all .av-special-heading.av-m3ltrfjf-c0466a6283b2aefa949410390412b055 .av-special-heading-tag{\nfont-size:30px;\n}\n.av-special-heading.av-m3ltrfjf-c0466a6283b2aefa949410390412b055 .av-subheading{\nfont-size:26px;\n}\n\n@media only screen and (min-width: 480px) and (max-width: 767px){ \n#top #wrap_all .av-special-heading.av-m3ltrfjf-c0466a6283b2aefa949410390412b055 .av-special-heading-tag{\nfont-size:0.8em;\n}\n}\n\n@media only screen and (max-width: 479px){ \n#top #wrap_all .av-special-heading.av-m3ltrfjf-c0466a6283b2aefa949410390412b055 .av-special-heading-tag{\nfont-size:0.8em;\n}\n}\n<\/style>\n<div  class='av-special-heading av-m3ltrfjf-c0466a6283b2aefa949410390412b055 av-special-heading-h2 blockquote modern-quote modern-centered  avia-builder-el-1  el_before_av_heading  avia-builder-el-first  av-inherit-size'><h2 class='av-special-heading-tag '  itemprop=\"headline\"  >H\u00e4ufig gestellte Fragen zur Mietwagenvermietung<\/h2><div class='av-subheading av-subheading_below'><p><b>Der neue Service von rentacarthessalonikiairport.com zur Suche nach Informationen zum Mieten eines Autos in Thessaloniki.<\/b><\/p>\n<\/div><div class=\"special-heading-border\"><div class=\"special-heading-inner-border\"><\/div><\/div><\/div><br \/>\n\n<style type=\"text\/css\" data-created_by=\"avia_inline_auto\" id=\"style-css-av-m3ltrku4-972a83d5756cde75da8972ff2a183996\">\n#top .av-special-heading.av-m3ltrku4-972a83d5756cde75da8972ff2a183996{\npadding-bottom:10px;\nfont-size:30px;\n}\nbody .av-special-heading.av-m3ltrku4-972a83d5756cde75da8972ff2a183996 .av-special-heading-tag .heading-char{\nfont-size:25px;\n}\n#top #wrap_all .av-special-heading.av-m3ltrku4-972a83d5756cde75da8972ff2a183996 .av-special-heading-tag{\nfont-size:30px;\n}\n.av-special-heading.av-m3ltrku4-972a83d5756cde75da8972ff2a183996 .av-subheading{\nfont-size:26px;\n}\n\n@media only screen and (min-width: 480px) and (max-width: 767px){ \n#top #wrap_all .av-special-heading.av-m3ltrku4-972a83d5756cde75da8972ff2a183996 .av-special-heading-tag{\nfont-size:0.8em;\n}\n}\n\n@media only screen and (max-width: 479px){ \n#top #wrap_all .av-special-heading.av-m3ltrku4-972a83d5756cde75da8972ff2a183996 .av-special-heading-tag{\nfont-size:0.8em;\n}\n}\n<\/style>\n<div  class='av-special-heading av-m3ltrku4-972a83d5756cde75da8972ff2a183996 av-special-heading-h2 blockquote modern-quote modern-centered  avia-builder-el-2  el_after_av_heading  avia-builder-el-last  av-inherit-size'><h2 class='av-special-heading-tag '  itemprop=\"headline\"  >Was sind die Bedingungen?<\/h2><div class=\"special-heading-border\"><div class=\"special-heading-inner-border\"><\/div><\/div><\/div><\/p><\/div><div  class='flex_column av-av_one_full-a961ec8c42a44a397321d1a2224da3ca av_one_full  avia-builder-el-3  el_after_av_one_full  el_before_av_one_fifth  first flex_column_div  column-top-margin'     ><style type=\"text\/css\" data-created_by=\"avia_inline_auto\" id=\"style-css-av-m3ltwnb3-b222ae5f9132649030fdff164473a1ad\">\n#top .togglecontainer.av-m3ltwnb3-b222ae5f9132649030fdff164473a1ad h3.toggler{\ncolor:#474747;\nbackground-color:#dbdbdb;\nborder-color:#6d6d6d;\n}\n#top .togglecontainer.av-m3ltwnb3-b222ae5f9132649030fdff164473a1ad h3.toggler .toggle_icon{\ncolor:#ff0044;\nborder-color:#ff0044;\n}\n#top .togglecontainer.av-m3ltwnb3-b222ae5f9132649030fdff164473a1ad h3.toggler .toggle_icon > span{\ncolor:#ff0044;\nborder-color:#ff0044;\n}\n#top .togglecontainer.av-m3ltwnb3-b222ae5f9132649030fdff164473a1ad .toggle_wrap .toggle_content{\ncolor:#474747;\nbackground-color:#dbdbdb;\nborder-color:#6d6d6d;\n}\n<\/style>\n<div  class='togglecontainer av-m3ltwnb3-b222ae5f9132649030fdff164473a1ad av-minimal-toggle  avia-builder-el-4  avia-builder-el-no-sibling  toggle_close_all' >\n<section class='av_toggle_section av-m3lts2w4-637c8eed6f12bd17473d69eb6f1a8dcc'  itemscope=\"itemscope\" itemtype=\"https:\/\/schema.org\/CreativeWork\" ><div role=\"tablist\" class=\"single_toggle\" data-tags=\"{Alle} \"  ><h3 id='toggle-toggle-id-1' data-fake-id='#toggle-id-1' class='toggler  av-title-above av-inherit-border-color'  itemprop=\"headline\"  role='tab' tabindex='0' aria-controls='toggle-id-1' data-slide-speed=\"200\" data-title=\"Diplom erforderlich\" data-title-open=\"\" data-aria_collapsed=\"Click to expand: Diplom erforderlich\" data-aria_expanded=\"Click to collapse: Diplom erforderlich\">Diplom erforderlich<span class=\"toggle_icon\"><span class=\"vert_icon\"><\/span><span class=\"hor_icon\"><\/span><\/span><\/h3><div id='toggle-id-1' aria-labelledby='toggle-toggle-id-1' role='region' class='toggle_wrap  av-title-above'  ><div class='toggle_content invers-color av-inherit-border-color'  itemprop=\"text\" ><p>Fahrer aus folgenden L\u00e4ndern\/Kontinenten k\u00f6nnen einen nationalen F\u00fchrerschein besitzen:<\/p>\n<ul>\n<li><\/li>\n<li>Europ\u00e4ische Union<\/li>\n<li><a href=\"https:\/\/maps.app.goo.gl\/tPoj9JrGDU5AJNvc6\" target=\"_blank\" rel=\"noopener\">Vereinigtes K\u00f6nigreich<\/a><\/li>\n<li><a href=\"https:\/\/maps.app.goo.gl\/PJ2ZChYxC32KuK447\" target=\"_blank\" rel=\"noopener\">Vereinigte Staaten von Amerika<\/a><\/li>\n<li>Australien<\/li>\n<li>Norwegen<\/li>\n<li>Island<\/li>\n<li>Liechtenstein<\/li>\n<li>Gibraltar<\/li>\n<\/ul>\n<p>F\u00fcr den Rest sind ein internationales Diplom und ein nationales Diplom erforderlich.<\/p>\n<\/div><\/div><\/div><\/section>\n<section class='av_toggle_section av-m3ltsnbl-6e87c516e2dd7da2e6bd665a68881533'  itemscope=\"itemscope\" itemtype=\"https:\/\/schema.org\/CreativeWork\" ><div role=\"tablist\" class=\"single_toggle\" data-tags=\"{Alle} \"  ><h3 id='toggle-toggle-id-2' data-fake-id='#toggle-id-2' class='toggler  av-title-above av-inherit-border-color'  itemprop=\"headline\"  role='tab' tabindex='0' aria-controls='toggle-id-2' data-slide-speed=\"200\" data-title=\"Wie kann ich ein Auto bei rentacarthessalonikiairport.com mieten?\" data-title-open=\"\" data-aria_collapsed=\"Click to expand: Wie kann ich ein Auto bei rentacarthessalonikiairport.com mieten?\" data-aria_expanded=\"Click to collapse: Wie kann ich ein Auto bei rentacarthessalonikiairport.com mieten?\">Wie kann ich ein Auto bei rentacarthessalonikiairport.com mieten?<span class=\"toggle_icon\"><span class=\"vert_icon\"><\/span><span class=\"hor_icon\"><\/span><\/span><\/h3><div id='toggle-id-2' aria-labelledby='toggle-toggle-id-2' role='region' class='toggle_wrap  av-title-above'  ><div class='toggle_content invers-color av-inherit-border-color'  itemprop=\"text\" ><p>Sie k\u00f6nnen bei rentacarthessalonikiairport.com ein Auto mieten, wenn Sie zwischen 23 und 73 Jahre alt sind und seit mindestens einem Jahr einen F\u00fchrerschein besitzen. Der F\u00fchrerschein sollte griechisch, europ\u00e4isch oder international (INT\/DL) sein.<\/p>\n<\/div><\/div><\/div><\/section>\n<section class='av_toggle_section av-m3ltt0qb-1aa04399665c25dd3a00f702cc2cf4db'  itemscope=\"itemscope\" itemtype=\"https:\/\/schema.org\/CreativeWork\" ><div role=\"tablist\" class=\"single_toggle\" data-tags=\"{Alle} \"  ><h3 id='toggle-toggle-id-3' data-fake-id='#toggle-id-3' class='toggler  av-title-above av-inherit-border-color'  itemprop=\"headline\"  role='tab' tabindex='0' aria-controls='toggle-id-3' data-slide-speed=\"200\" data-title=\"Wie reserviere ich bei rentacarthessalonikiairport einen Mietwagen?\" data-title-open=\"\" data-aria_collapsed=\"Click to expand: Wie reserviere ich bei rentacarthessalonikiairport einen Mietwagen?\" data-aria_expanded=\"Click to collapse: Wie reserviere ich bei rentacarthessalonikiairport einen Mietwagen?\">Wie reserviere ich bei rentacarthessalonikiairport einen Mietwagen?<span class=\"toggle_icon\"><span class=\"vert_icon\"><\/span><span class=\"hor_icon\"><\/span><\/span><\/h3><div id='toggle-id-3' aria-labelledby='toggle-toggle-id-3' role='region' class='toggle_wrap  av-title-above'  ><div class='toggle_content invers-color av-inherit-border-color'  itemprop=\"text\" ><p>Reservierungen erfolgen telefonisch unter <a href=\"tel:00302310234150\">+30 2310 234150<\/a> oder per E-Mail <a href=\"mailto:contact@rentacarthessalonikiairport.com\">contact@rentacarthessalonikiairport.com.<!-- ein --><\/a><\/p>\n<\/div><\/div><\/div><\/section>\n<section class='av_toggle_section av-m3lttcrb-00d502d33e29fe50439a39281015b2f0'  itemscope=\"itemscope\" itemtype=\"https:\/\/schema.org\/CreativeWork\" ><div role=\"tablist\" class=\"single_toggle\" data-tags=\"{Alle} \"  ><h3 id='toggle-toggle-id-4' data-fake-id='#toggle-id-4' class='toggler  av-title-above av-inherit-border-color'  itemprop=\"headline\"  role='tab' tabindex='0' aria-controls='toggle-id-4' data-slide-speed=\"200\" data-title=\"Ben\u00f6tige ich eine Anzahlung, um eine Reservierung vorzunehmen?\" data-title-open=\"\" data-aria_collapsed=\"Click to expand: Ben\u00f6tige ich eine Anzahlung, um eine Reservierung vorzunehmen?\" data-aria_expanded=\"Click to collapse: Ben\u00f6tige ich eine Anzahlung, um eine Reservierung vorzunehmen?\">Ben\u00f6tige ich eine Anzahlung, um eine Reservierung vorzunehmen?<span class=\"toggle_icon\"><span class=\"vert_icon\"><\/span><span class=\"hor_icon\"><\/span><\/span><\/h3><div id='toggle-id-4' aria-labelledby='toggle-toggle-id-4' role='region' class='toggle_wrap  av-title-above'  ><div class='toggle_content invers-color av-inherit-border-color'  itemprop=\"text\" ><p>Wir verlangen nur dann eine Kaution, wenn die Verf\u00fcgbarkeit von Mietfahrzeugen gering ist.<\/p>\n<\/div><\/div><\/div><\/section>\n<section class='av_toggle_section av-m3lttycp-bd8a332243c4db80e455bec6ba5a3c40'  itemscope=\"itemscope\" itemtype=\"https:\/\/schema.org\/CreativeWork\" ><div role=\"tablist\" class=\"single_toggle\" data-tags=\"{Alle} \"  ><h3 id='toggle-toggle-id-5' data-fake-id='#toggle-id-5' class='toggler  av-title-above av-inherit-border-color'  itemprop=\"headline\"  role='tab' tabindex='0' aria-controls='toggle-id-5' data-slide-speed=\"200\" data-title=\"Leasingzahlungsmethoden\" data-title-open=\"\" data-aria_collapsed=\"Click to expand: Leasingzahlungsmethoden\" data-aria_expanded=\"Click to collapse: Leasingzahlungsmethoden\">Leasingzahlungsmethoden<span class=\"toggle_icon\"><span class=\"vert_icon\"><\/span><span class=\"hor_icon\"><\/span><\/span><\/h3><div id='toggle-id-5' aria-labelledby='toggle-toggle-id-5' role='region' class='toggle_wrap  av-title-above'  ><div class='toggle_content invers-color av-inherit-border-color'  itemprop=\"text\" ><p>Die Mietzahlung erfolgt durch Einzahlung auf das Bankkonto von <a href=\"http:\/\/rentacarthessalonikiairport.com\">rentacarthessalonikiairport.com<\/a> oder per Debit-\/Kreditkarte.<\/p>\n<p>Auf der Kaution m\u00fcssen Ihr Name und Ihre Telefonnummer vermerkt sein.<\/p>\n<\/div><\/div><\/div><\/section>\n<section class='av_toggle_section av-m3ltuczb-d7dd1e29572d5aff2c09a4f8b6358646'  itemscope=\"itemscope\" itemtype=\"https:\/\/schema.org\/CreativeWork\" ><div role=\"tablist\" class=\"single_toggle\" data-tags=\"{Alle} \"  ><h3 id='toggle-toggle-id-6' data-fake-id='#toggle-id-6' class='toggler  av-title-above av-inherit-border-color'  itemprop=\"headline\"  role='tab' tabindex='0' aria-controls='toggle-id-6' data-slide-speed=\"200\" data-title=\"Kann ich ohne Kreditkarte mieten?\" data-title-open=\"\" data-aria_collapsed=\"Click to expand: Kann ich ohne Kreditkarte mieten?\" data-aria_expanded=\"Click to collapse: Kann ich ohne Kreditkarte mieten?\">Kann ich ohne Kreditkarte mieten?<span class=\"toggle_icon\"><span class=\"vert_icon\"><\/span><span class=\"hor_icon\"><\/span><\/span><\/h3><div id='toggle-id-6' aria-labelledby='toggle-toggle-id-6' role='region' class='toggle_wrap  av-title-above'  ><div class='toggle_content invers-color av-inherit-border-color'  itemprop=\"text\" ><p>Zur Zahlung der Kaution ben\u00f6tigen Sie eine auf den Namen des Fahrers ausgestellte VISA-\/Mastercard-Kreditkarte. Wenn Sie keine Kreditkarte haben, kontaktieren Sie uns.<\/p>\n<\/div><\/div><\/div><\/section>\n<section class='av_toggle_section av-m3ltuml2-59ff25b2ed3023012bc937ee0af2acb1'  itemscope=\"itemscope\" itemtype=\"https:\/\/schema.org\/CreativeWork\" ><div role=\"tablist\" class=\"single_toggle\" data-tags=\"{Alle} \"  ><h3 id='toggle-toggle-id-7' data-fake-id='#toggle-id-7' class='toggler  av-title-above av-inherit-border-color'  itemprop=\"headline\"  role='tab' tabindex='0' aria-controls='toggle-id-7' data-slide-speed=\"200\" data-title=\"Kann ich so viele Kilometer zur\u00fccklegen, wie ich m\u00f6chte?\" data-title-open=\"\" data-aria_collapsed=\"Click to expand: Kann ich so viele Kilometer zur\u00fccklegen, wie ich m\u00f6chte?\" data-aria_expanded=\"Click to collapse: Kann ich so viele Kilometer zur\u00fccklegen, wie ich m\u00f6chte?\">Kann ich so viele Kilometer zur\u00fccklegen, wie ich m\u00f6chte?<span class=\"toggle_icon\"><span class=\"vert_icon\"><\/span><span class=\"hor_icon\"><\/span><\/span><\/h3><div id='toggle-id-7' aria-labelledby='toggle-toggle-id-7' role='region' class='toggle_wrap  av-title-above'  ><div class='toggle_content invers-color av-inherit-border-color'  itemprop=\"text\" ><p>Ein Auto f\u00fcr einen Zeitraum von 1-3 Tagen 100 km\/Tag mieten. Bei der Anmietung f\u00fcr einen Zeitraum von mehr als 3 Tagen verbrauchen Sie die Kilometer korrekt und im Monat k\u00f6nnen Sie 2.500 Kilometer zur\u00fccklegen<\/p>\n<\/div><\/div><\/div><\/section>\n<section class='av_toggle_section av-m3ltv1it-00e1c692bcc8021d60eb805a21274592'  itemscope=\"itemscope\" itemtype=\"https:\/\/schema.org\/CreativeWork\" ><div role=\"tablist\" class=\"single_toggle\" data-tags=\"{Alle} \"  ><h3 id='toggle-toggle-id-8' data-fake-id='#toggle-id-8' class='toggler  av-title-above av-inherit-border-color'  itemprop=\"headline\"  role='tab' tabindex='0' aria-controls='toggle-id-8' data-slide-speed=\"200\" data-title=\"Was mache ich, wenn ich ein technisches Problem mit dem Auto habe?\" data-title-open=\"\" data-aria_collapsed=\"Click to expand: Was mache ich, wenn ich ein technisches Problem mit dem Auto habe?\" data-aria_expanded=\"Click to collapse: Was mache ich, wenn ich ein technisches Problem mit dem Auto habe?\">Was mache ich, wenn ich ein technisches Problem mit dem Auto habe?<span class=\"toggle_icon\"><span class=\"vert_icon\"><\/span><span class=\"hor_icon\"><\/span><\/span><\/h3><div id='toggle-id-8' aria-labelledby='toggle-toggle-id-8' role='region' class='toggle_wrap  av-title-above'  ><div class='toggle_content invers-color av-inherit-border-color'  itemprop=\"text\" ><p>Sollten Sie ein technisches Problem mit dem von Ihnen gemieteten Auto haben, wenden Sie sich umgehend an unseren Partner unter <a href=\"tel:00302310234150\">+30 2310 234 150<\/a> und an die kostenlose Pannenhilfe von Hellas Service unter 1057 <a href=\"tel:00302310462402\">+30 2310 462 402<\/a><\/p>\n<p>In Ihrer Kommunikation mit der Pannenhilfe sollten Sie die Marke des Fahrzeugs und sein Kennzeichen angeben.<\/p>\n<\/div><\/div><\/div><\/section>\n<section class='av_toggle_section av-m3ltvvd7-9da65b24dc15cd0e47d724a39c5a71c0'  itemscope=\"itemscope\" itemtype=\"https:\/\/schema.org\/CreativeWork\" ><div role=\"tablist\" class=\"single_toggle\" data-tags=\"{Alle} \"  ><h3 id='toggle-toggle-id-9' data-fake-id='#toggle-id-9' class='toggler  av-title-above av-inherit-border-color'  itemprop=\"headline\"  role='tab' tabindex='0' aria-controls='toggle-id-9' data-slide-speed=\"200\" data-title=\"Was mache ich, wenn ich einen Unfall habe?\" data-title-open=\"\" data-aria_collapsed=\"Click to expand: Was mache ich, wenn ich einen Unfall habe?\" data-aria_expanded=\"Click to collapse: Was mache ich, wenn ich einen Unfall habe?\">Was mache ich, wenn ich einen Unfall habe?<span class=\"toggle_icon\"><span class=\"vert_icon\"><\/span><span class=\"hor_icon\"><\/span><\/span><\/h3><div id='toggle-id-9' aria-labelledby='toggle-toggle-id-9' role='region' class='toggle_wrap  av-title-above'  ><div class='toggle_content invers-color av-inherit-border-color'  itemprop=\"text\" ><p>Kontaktieren Sie die griechische Polizei (Tel. <strong>100<\/strong>) und die B\u00fcros von <a href=\"https:\/\/rentacarthessalonikiairport.com\">rentacarthessalonikiairport.com<\/a> unter <a href=\"tel:00302310234150 \"> +30 2310 234 150<\/a>, um Ihnen Unfallhilfe zukommen zu lassen<\/p>\n<\/div><\/div><\/div><\/section>\n<section class='av_toggle_section av-m3ltw3sk-c0b74ae969829b1e6f1ab6b87eeace16'  itemscope=\"itemscope\" itemtype=\"https:\/\/schema.org\/CreativeWork\" ><div role=\"tablist\" class=\"single_toggle\" data-tags=\"{Alle} \"  ><h3 id='toggle-toggle-id-10' data-fake-id='#toggle-id-10' class='toggler  av-title-above av-inherit-border-color'  itemprop=\"headline\"  role='tab' tabindex='0' aria-controls='toggle-id-10' data-slide-speed=\"200\" data-title=\"Was passiert, wenn ich den Mietwagen zu sp\u00e4t zur\u00fcckgebe?\" data-title-open=\"\" data-aria_collapsed=\"Click to expand: Was passiert, wenn ich den Mietwagen zu sp\u00e4t zur\u00fcckgebe?\" data-aria_expanded=\"Click to collapse: Was passiert, wenn ich den Mietwagen zu sp\u00e4t zur\u00fcckgebe?\">Was passiert, wenn ich den Mietwagen zu sp\u00e4t zur\u00fcckgebe?<span class=\"toggle_icon\"><span class=\"vert_icon\"><\/span><span class=\"hor_icon\"><\/span><\/span><\/h3><div id='toggle-id-10' aria-labelledby='toggle-toggle-id-10' role='region' class='toggle_wrap  av-title-above'  ><div class='toggle_content invers-color av-inherit-border-color'  itemprop=\"text\" ><p>Bei einer Versp\u00e4tung von 30 Minuten wird Ihnen der gesamte Tag in Rechnung gestellt<\/p>\n<\/div><\/div><\/div><\/section>\n<section class='av_toggle_section av-m3ltwd3p-021c3cc9971f0a5e053ecfc2662731f8'  itemscope=\"itemscope\" itemtype=\"https:\/\/schema.org\/CreativeWork\" ><div role=\"tablist\" class=\"single_toggle\" data-tags=\"{Alle} \"  ><h3 id='toggle-toggle-id-11' data-fake-id='#toggle-id-11' class='toggler  av-title-above av-inherit-border-color'  itemprop=\"headline\"  role='tab' tabindex='0' aria-controls='toggle-id-11' data-slide-speed=\"200\" data-title=\"Was passiert, wenn ich das Auto, das ich vorzeitig gemietet habe, zur\u00fcckgebe?\" data-title-open=\"\" data-aria_collapsed=\"Click to expand: Was passiert, wenn ich das Auto, das ich vorzeitig gemietet habe, zur\u00fcckgebe?\" data-aria_expanded=\"Click to collapse: Was passiert, wenn ich das Auto, das ich vorzeitig gemietet habe, zur\u00fcckgebe?\">Was passiert, wenn ich das Auto, das ich vorzeitig gemietet habe, zur\u00fcckgebe?<span class=\"toggle_icon\"><span class=\"vert_icon\"><\/span><span class=\"hor_icon\"><\/span><\/span><\/h3><div id='toggle-id-11' aria-labelledby='toggle-toggle-id-11' role='region' class='toggle_wrap  av-title-above'  ><div class='toggle_content invers-color av-inherit-border-color'  itemprop=\"text\" ><p>In diesem Fall wird kein Geld zur\u00fcckerstattet. Wenn es sich um eine monatliche Miete handelt, verf\u00e4llt die Garantie.<\/p>\n<\/div><\/div><\/div><\/section>\n<section class='av_toggle_section av-m3ltwm1b-ab1098b32d9372e0159c27b272602c07'  itemscope=\"itemscope\" itemtype=\"https:\/\/schema.org\/CreativeWork\" ><div role=\"tablist\" class=\"single_toggle\" data-tags=\"{Alle} \"  ><h3 id='toggle-toggle-id-12' data-fake-id='#toggle-id-12' class='toggler  av-title-above av-inherit-border-color'  itemprop=\"headline\"  role='tab' tabindex='0' aria-controls='toggle-id-12' data-slide-speed=\"200\" data-title=\"Kann ich das Auto dort zur\u00fcckgeben, wo ich m\u00f6chte und nicht dort, wo vereinbart?\" data-title-open=\"\" data-aria_collapsed=\"Click to expand: Kann ich das Auto dort zur\u00fcckgeben, wo ich m\u00f6chte und nicht dort, wo vereinbart?\" data-aria_expanded=\"Click to collapse: Kann ich das Auto dort zur\u00fcckgeben, wo ich m\u00f6chte und nicht dort, wo vereinbart?\">Kann ich das Auto dort zur\u00fcckgeben, wo ich m\u00f6chte und nicht dort, wo vereinbart?<span class=\"toggle_icon\"><span class=\"vert_icon\"><\/span><span class=\"hor_icon\"><\/span><\/span><\/h3><div id='toggle-id-12' aria-labelledby='toggle-toggle-id-12' role='region' class='toggle_wrap  av-title-above'  ><div class='toggle_content invers-color av-inherit-border-color'  itemprop=\"text\" ><p>Die R\u00fcckkehr zu einem anderen als dem vereinbarten Punkt muss von <a href=\"http:\/\/rentacarthessalonikiairport.com\">rentacarthessalonikiairport.com<\/a> genehmigt werden und ist mit einer zus\u00e4tzlichen Geb\u00fchr verbunden.<\/p>\n<\/div><\/div><\/div><\/section>\n<\/div><\/div><div  class='flex_column av-av_one_fifth-a961ec8c42a44a397321d1a2224da3ca av_one_fifth  avia-builder-el-5  el_after_av_one_full  avia-builder-el-last  first flex_column_div  column-top-margin'     ><\/div><\/p>\n","protected":false},"excerpt":{"rendered":"","protected":false},"author":6,"featured_media":0,"parent":0,"menu_order":0,"comment_status":"closed","ping_status":"closed","template":"","meta":{"footnotes":""},"class_list":["post-3494","page","type-page","status-publish","hentry"],"_links":{"self":[{"href":"https:\/\/www.rentacarthessalonikiairport.com\/de\/wp-json\/wp\/v2\/pages\/3494","targetHints":{"allow":["GET"]}}],"collection":[{"href":"https:\/\/www.rentacarthessalonikiairport.com\/de\/wp-json\/wp\/v2\/pages"}],"about":[{"href":"https:\/\/www.rentacarthessalonikiairport.com\/de\/wp-json\/wp\/v2\/types\/page"}],"author":[{"embeddable":true,"href":"https:\/\/www.rentacarthessalonikiairport.com\/de\/wp-json\/wp\/v2\/users\/6"}],"replies":[{"embeddable":true,"href":"https:\/\/www.rentacarthessalonikiairport.com\/de\/wp-json\/wp\/v2\/comments?post=3494"}],"version-history":[{"count":2,"href":"https:\/\/www.rentacarthessalonikiairport.com\/de\/wp-json\/wp\/v2\/pages\/3494\/revisions"}],"predecessor-version":[{"id":4228,"href":"https:\/\/www.rentacarthessalonikiairport.com\/de\/wp-json\/wp\/v2\/pages\/3494\/revisions\/4228"}],"wp:attachment":[{"href":"https:\/\/www.rentacarthessalonikiairport.com\/de\/wp-json\/wp\/v2\/media?parent=3494"}],"curies":[{"name":"wp","href":"https:\/\/api.w.org\/{rel}","templated":true}]}}